{"id":16091,"date":"2024-08-06T17:14:40","date_gmt":"2024-08-06T15:14:40","guid":{"rendered":"https:\/\/www.koonings.com\/inspiration\/"},"modified":"2025-11-26T10:50:04","modified_gmt":"2025-11-26T09:50:04","slug":"inspiration","status":"publish","type":"page","link":"https:\/\/www.koonings.com\/de\/inspiration\/","title":{"rendered":"Inspiration"},"content":{"rendered":"\r\n\r\n<div class=\"eye-element fullwidth-row alignfull style-both bg--none  alignfull \" style=\" \">\r\n\r\n    <div class=\"container\">\r\n        <div class=\"row\">\r\n            <div class=\"col-12\">\r\n                <div class=\"acf-innerblocks-container\">\n\n<h1 class=\"wp-block-heading has-text-align-center\" id=\"inspiratie\">Inspiration<\/h1>\n\n\n\n<p class=\"has-text-align-center\">Lassen Sie sich von uns in die Welt von Koonings entf\u00fchren. Von TV-Produktionen bis hin zu Veranstaltungen: In den Palastmauern von Koonings ist immer etwas los. Unsere Blogs halten Sie \u00fcber alle Neuigkeiten auf dem Laufenden, lesen Sie \u00fcber aktuelle Hochzeitstrends, erhalten Sie die besten Tipps &amp; Tricks rund um Ihre Hochzeit und werfen Sie einen Blick hinter die Kulissen von Say Yes To The Dress und Married At First Sight. Besuchen Sie die Veranstaltungsseite, um \u00fcber alle unsere Veranstaltungen auf dem Laufenden zu bleiben.   <\/p>\n\n\n\r\n<div class=\"eye-block empty-space empty-space--medium pt-md-4 pb-md-4 pt-3 pb-3\" ><\/div>\n\n\n<div class=\"ghostkit-grid ghostkit-grid-gap-md ghostkit-grid-justify-content-center equal-height-columns\"><div class=\"ghostkit-grid-inner\">\n<div class=\"ghostkit-col ghostkit-col-md-12 ghostkit-col-lg-6 ghostkit-col-3\"><div class=\"ghostkit-col-content is-layout-flow wp-block-ghostkit-grid-column-is-layout-flow\">\r\n<article class=\"eye-element imagelinkcard without-sublinks\"\r\n         style=\"position: relative\">\r\n\t    <a href=\"https:\/\/www.koonings.com\/de\/ueber-uns\/blog\/\" target=\"\" class=\"main-link\"\r\n       title=\"Blog\">\r\n\t\t        <img decoding=\"async\" src=\"https:\/\/www.koonings.com\/wp-content\/uploads\/2024\/08\/foto_blogs.jpg.webp\" srcset=\"https:\/\/www.koonings.com\/wp-content\/uploads\/2024\/08\/foto_blogs.jpg.webp\" alt=\"\"\r\n             class=\"imagelinkcard__image img-fluid\">\r\n\t\t        <!--        <div class=\"shine\"><\/div>-->\r\n    <\/a>\r\n\r\n\t        <div class=\"card-content\">\r\n\t\t\t                <a href=\"https:\/\/www.koonings.com\/de\/ueber-uns\/blog\/\" target=\"\" class=\"main-link\">\r\n                    <span>Blog<\/span>\r\n                <\/a>\r\n\t\t\t\r\n\t\t\t\r\n\t\t\t        <\/div>\r\n\t<\/article><\/div><\/div>\n\n\n\n<div class=\"ghostkit-col ghostkit-col-md-12 ghostkit-col-lg-6 ghostkit-col-3\"><div class=\"ghostkit-col-content is-layout-flow wp-block-ghostkit-grid-column-is-layout-flow\">\r\n<article class=\"eye-element imagelinkcard without-sublinks\"\r\n         style=\"position: relative\">\r\n\t    <a href=\"https:\/\/www.koonings.com\/de\/tv-presse\/\" target=\"\" class=\"main-link\"\r\n       title=\"TV  Presse\">\r\n\t\t        <img decoding=\"async\" src=\"https:\/\/www.koonings.com\/wp-content\/uploads\/2024\/08\/schermafbeelding_2022-10-04_om_21.29.31.png.webp\" srcset=\"https:\/\/www.koonings.com\/wp-content\/uploads\/2024\/08\/schermafbeelding_2022-10-04_om_21.29.31.png.webp\" alt=\"\"\r\n             class=\"imagelinkcard__image img-fluid\">\r\n\t\t        <!--        <div class=\"shine\"><\/div>-->\r\n    <\/a>\r\n\r\n\t        <div class=\"card-content\">\r\n\t\t\t                <a href=\"https:\/\/www.koonings.com\/de\/tv-presse\/\" target=\"\" class=\"main-link\">\r\n                    <span>TV  Presse<\/span>\r\n                <\/a>\r\n\t\t\t\r\n\t\t\t\r\n\t\t\t        <\/div>\r\n\t<\/article><\/div><\/div>\n\n\n\n<div class=\"ghostkit-col ghostkit-col-md-12 ghostkit-col-lg-6 ghostkit-col-3\"><div class=\"ghostkit-col-content is-layout-flow wp-block-ghostkit-grid-column-is-layout-flow\">\r\n<article class=\"eye-element imagelinkcard without-sublinks\"\r\n         style=\"position: relative\">\r\n\t    <a href=\"https:\/\/www.koonings.com\/de\/veranstaltungen\/\" target=\"\" class=\"main-link\"\r\n       title=\"Veranstaltungen\">\r\n\t\t        <img decoding=\"async\" src=\"https:\/\/www.koonings.com\/wp-content\/uploads\/2024\/07\/koonings_bruidsshow_2.png\" srcset=\"https:\/\/www.koonings.com\/wp-content\/uploads\/2024\/07\/koonings_bruidsshow_2.png\" alt=\"Koonings Bruidsmodeshows\"\r\n             class=\"imagelinkcard__image img-fluid\">\r\n\t\t        <!--        <div class=\"shine\"><\/div>-->\r\n    <\/a>\r\n\r\n\t        <div class=\"card-content\">\r\n\t\t\t                <a href=\"https:\/\/www.koonings.com\/de\/veranstaltungen\/\" target=\"\" class=\"main-link\">\r\n                    <span>Veranstaltungen<\/span>\r\n                <\/a>\r\n\t\t\t\r\n\t\t\t\r\n\t\t\t        <\/div>\r\n\t<\/article><\/div><\/div>\n<\/div><\/div>\n\n<\/div>\r\n            <\/div>\r\n        <\/div>\r\n    <\/div>\r\n\r\n<\/div>\r\n\r\n    \r\n\r\n<div class=\"eye-element fullwidth-row alignfull style-both bg--none  alignfull \" style=\" \">\r\n\r\n    <div class=\"container\">\r\n        <div class=\"row\">\r\n            <div class=\"col-12\">\r\n                <div class=\"acf-innerblocks-container\">\n\n<h2 class=\"wp-block-heading has-text-align-center\" id=\"trends-tips-en-ideeen\">Trends, Tipps und Ideen<\/h2>\n\n\n\n<p class=\"has-text-align-center\">Hier finden Sie eine umfangreiche Quelle f\u00fcr Informationen und Inspiration. Ob Sie nun nach den neuesten Trends bei Brautkleidern, Tipps f\u00fcr sch\u00f6ne Brautfrisuren oder Vorschl\u00e4gen f\u00fcr die perfekten Accessoires suchen, um Ihren Look zu vervollst\u00e4ndigen. Lassen Sie sich inspirieren und entdecken Sie die vielen M\u00f6glichkeiten.  <\/p>\n\n\n\r\n<div class=\"eye-block empty-space empty-space--medium pt-md-4 pb-md-4 pt-3 pb-3\" ><\/div>\n\n\n<div class=\"ghostkit-grid ghostkit-grid-gap-md\"><div class=\"ghostkit-grid-inner\">\n<div class=\"ghostkit-col ghostkit-col-lg-12 ghostkit-col-4\"><div class=\"ghostkit-col-content is-layout-flow wp-block-ghostkit-grid-column-is-layout-flow\">\n<h3 class=\"wp-block-heading\" id=\"hair-beauty\">Hochzeitskleider<\/h3>\n\n\n\n<ul class=\"wp-block-list\">\n<li><a href=\"https:\/\/www.koonings.com\/de\/inspiration\/boheme-brautkleider\/\">Boh\u00e8me Brautkleider<\/a><\/li>\n\n\n\n<li><a href=\"https:\/\/www.koonings.com\/de\/inspiration\/kurze-brautkleider\/\">Kurze Brautkleider<\/a><\/li>\n\n\n\n<li><a href=\"https:\/\/www.koonings.com\/de\/inspiration\/hochzeits-overall\/\">Hochzeits-Overall<\/a><\/li>\n\n\n\n<li><a href=\"https:\/\/www.koonings.com\/de\/inspiration\/sexy-hochzeitskleid\/\">Sexy Hochzeitskleid<\/a><\/li>\n\n\n\n<li><a href=\"https:\/\/www.koonings.com\/de\/inspiration\/hochzeitskleid-mit-aermeln\/\">Hochzeitskleid mit \u00c4rmeln<\/a><\/li>\n\n\n\n<li><a href=\"https:\/\/www.koonings.com\/de\/inspiration\/klassisches-hochzeitskleid\/\">Klassisches Hochzeitskleid<\/a><\/li>\n\n\n\n<li><a href=\"https:\/\/www.koonings.com\/de\/inspiration\/a-linie-brautkleid\/\">A-Linie Brautkleid<\/a><\/li>\n\n\n\n<li><a href=\"https:\/\/www.koonings.com\/de\/inspiration\/prinzessinnen-hochzeitskleid\/\">Prinzessinnen Hochzeitskleid<\/a><\/li>\n\n\n\n<li><a href=\"https:\/\/www.koonings.com\/de\/inspiration\/meerjungfrau-brautkleid\/\">Meerjungfrau Brautkleid<\/a><\/li>\n\n\n\n<li><a href=\"https:\/\/www.koonings.com\/de\/inspiration\/einfaches-hochzeitskleid\/\">Einfaches Hochzeitskleid<\/a><\/li>\n\n\n\n<li><a href=\"https:\/\/www.koonings.com\/de\/inspiration\/anprobe-des-hochzeitskleides\/\">Anprobe des Hochzeitskleides<\/a><\/li>\n\n\n\n<li><a href=\"https:\/\/www.koonings.com\/de\/inspiration\/klassisches-hochzeitskleid-2\/\">Hochzeitskleid mit Spitze<\/a><\/li>\n\n\n\n<li><a href=\"https:\/\/www.koonings.com\/de\/inspiration\/brautkleid-spitze\/\">Modernes Hochzeitskleid<\/a><\/li>\n\n\n\n<li><a href=\"https:\/\/www.koonings.com\/de\/inspiration\/strand-hochzeitskleid\/\">Strand-Hochzeitskleid<\/a><\/li>\n\n\n\n<li><a href=\"https:\/\/www.koonings.com\/de\/?page_id=105278\">G\u00fcnstiges Hochzeitskleid<\/a><\/li>\n\n\n\n<li><a href=\"https:\/\/www.koonings.com\/de\/inspiration\/strand-hochzeitskleid-2\/\">Zweiteiliges Hochzeitskleid<\/a><\/li>\n\n\n\n<li><a href=\"https:\/\/www.koonings.com\/de\/inspiration\/kleiderordnung-tenue-de-ville-2\/\">Kurvige Brautkleider<\/a><\/li>\n<\/ul>\n\n\n\n<h3 class=\"wp-block-heading\" id=\"bruidsmode\">Brautmode<\/h3>\n\n\n\n<ul class=\"wp-block-list\">\n<li><a href=\"https:\/\/www.koonings.com\/de\/inspiration\/brautmode-in-suedlimburg\/\">Brautmode Limburg<\/a><\/li>\n<\/ul>\n<\/div><\/div>\n\n\n\n<div class=\"ghostkit-col ghostkit-col-lg-12 ghostkit-col-4\"><div class=\"ghostkit-col-content is-layout-flow wp-block-ghostkit-grid-column-is-layout-flow\">\n<h3 class=\"wp-block-heading\" id=\"hair-beauty\">Hair  Beauty<\/h3>\n\n\n\n<ul class=\"wp-block-list\">\n<li><a href=\"https:\/\/www.koonings.com\/de\/inspiration\/brautfrisuren\/\">Brautfrisuren<\/a><\/li>\n\n\n\n<li><a href=\"https:\/\/www.koonings.com\/de\/inspiration\/die-schoensten-weihnachtsfrisuren\/\">Die sch\u00f6nsten Weihnachtsfrisuren<\/a><\/li>\n\n\n\n<li><a href=\"https:\/\/www.koonings.com\/de\/inspiration\/ihr-friseur-in-deurne\/\">Ihr Friseur in Deurne<\/a><\/li>\n<\/ul>\n\n\n\n<h3 class=\"wp-block-heading\" id=\"hair-beauty\">Br\u00e4utigam<\/h3>\n\n\n\n<ul class=\"wp-block-list\">\n<li><a href=\"https:\/\/www.koonings.com\/de\/inspiration\/hochzeitskostuem\/\">Hochzeitskost\u00fcm<\/a><\/li>\n\n\n\n<li><a href=\"https:\/\/www.koonings.com\/de\/inspiration\/massgeschneiderter-anzug\/\">Ma\u00dfgeschneiderter Anzug<\/a><\/li>\n<\/ul>\n\n\n\n<h3 class=\"wp-block-heading\" id=\"hair-beauty\">G\u00e4ste<\/h3>\n\n\n\n<ul class=\"wp-block-list\">\n<li><a href=\"https:\/\/www.koonings.com\/de\/inspiration\/kleid-hochzeitsgast\/\">Kleid Hochzeitsg\u00e4ste<\/a><\/li>\n<\/ul>\n\n\n\n<h3 class=\"wp-block-heading\" id=\"hair-beauty\">Zubeh\u00f6r<\/h3>\n\n\n\n<ul class=\"wp-block-list\">\n<li><a href=\"https:\/\/www.koonings.com\/de\/inspiration\/schleier\/\">Schleier<\/a><\/li>\n<\/ul>\n<\/div><\/div>\n\n\n\n<div class=\"ghostkit-col ghostkit-col-lg-12 ghostkit-col-4\"><div class=\"ghostkit-col-content is-layout-flow wp-block-ghostkit-grid-column-is-layout-flow\">\n<h3 class=\"wp-block-heading\" id=\"hair-beauty\">Inspiration<\/h3>\n\n\n\n<ul class=\"wp-block-list\">\n<li><a href=\"https:\/\/www.koonings.com\/de\/inspiration\/kleiderordnung-fuer-hochzeiten\/\">Kleiderordnung f\u00fcr Hochzeiten<\/a><\/li>\n\n\n\n<li><a href=\"https:\/\/www.koonings.com\/de\/kleiderordnung-sommer-chic\/\">Kleiderordnung Sommerschick<\/a><\/li>\n\n\n\n<li><a href=\"https:\/\/www.koonings.com\/de\/inspiration\/kleiderordnung-tenue-de-ville\/\">Kleiderordnung tenue de ville<\/a><\/li>\n\n\n\n<li><a href=\"https:\/\/www.koonings.com\/de\/inspiration\/kleiderordnung-winter-chic\/\">Kleiderordnung Winter-Chic<\/a><\/li>\n\n\n\n<li><a href=\"https:\/\/www.koonings.com\/de\/inspiration\/kleiderordnung-laessig-schick\/\">Kleiderordnung l\u00e4ssig schick<\/a><\/li>\n\n\n\n<li><a href=\"https:\/\/www.koonings.com\/de\/inspiration\/kleiderordnung-cocktail\/\">Kleiderordnung cocktail<\/a><\/li>\n\n\n\n<li><a href=\"https:\/\/www.koonings.com\/de\/inspiration\/kleiderordnung-boehmisch\/\">Kleiderordnung b\u00f6hmisch<\/a><\/li>\n\n\n\n<li><a href=\"https:\/\/www.koonings.com\/de\/inspiration\/dresscode-schwarze-krawatte\/\">Dresscode schwarze Krawatte<\/a><\/li>\n\n\n\n<li><a href=\"https:\/\/www.koonings.com\/de\/inspiration\/kleiderordnung-smart-casual\/\">Kleiderordnung smart casual<\/a><\/li>\n\n\n\n<li><a href=\"https:\/\/www.koonings.com\/de\/inspiration\/kleiderordnung-festival-chic\/\">Kleiderordnung Festival-Chic<\/a><\/li>\n\n\n\n<li><a href=\"https:\/\/www.koonings.com\/de\/inspiration\/winter-hochzeit\/\">Winter-Hochzeit<\/a><\/li>\n\n\n\n<li><a href=\"https:\/\/www.koonings.com\/de\/inspiration\/herbst-hochzeit\/\">Herbst-Hochzeit<\/a><\/li>\n\n\n\n<li><a href=\"https:\/\/www.koonings.com\/de\/inspiration\/fruehjahrshochzeit\/\">Fr\u00fchjahrshochzeit<\/a><\/li>\n\n\n\n<li><a href=\"https:\/\/www.koonings.com\/de\/inspiration\/sommerhochzeit\/\">Sommerhochzeit<\/a><\/li>\n\n\n\n<li><a href=\"https:\/\/www.koonings.com\/de\/inspiration\/auswahl-eines-hochzeitsdatums\/\">Auswahl eines Hochzeitsdatums<\/a><\/li>\n<\/ul>\n<\/div><\/div>\n<\/div><\/div>\n\n<\/div>\r\n            <\/div>\r\n        <\/div>\r\n    <\/div>\r\n\r\n<\/div>\r\n\r\n    ","protected":false},"excerpt":{"rendered":"","protected":false},"author":1,"featured_media":0,"parent":0,"menu_order":0,"comment_status":"closed","ping_status":"closed","template":"","meta":{"_acf_changed":false,"ghostkit_customizer_options":"","ghostkit_custom_css":"","ghostkit_custom_js_head":"","ghostkit_custom_js_foot":"","ghostkit_typography":"","footnotes":""},"class_list":["post-16091","page","type-page","status-publish","hentry"],"acf":[],"yoast_head":"<!-- This site is optimized with the Yoast SEO plugin v27.3 - https:\/\/yoast.com\/product\/yoast-seo-wordpress\/ -->\n<title>Inspiration | Koonings<\/title>\n<meta name=\"robots\" content=\"index, follow, max-snippet:-1, max-image-preview:large, max-video-preview:-1\" \/>\n<link rel=\"canonical\" href=\"https:\/\/www.koonings.com\/de\/inspiration\/\" \/>\n<meta property=\"og:locale\" content=\"de_DE\" \/>\n<meta property=\"og:type\" content=\"article\" \/>\n<meta property=\"og:title\" content=\"Inspiration | Koonings\" \/>\n<meta property=\"og:url\" content=\"https:\/\/www.koonings.com\/de\/inspiration\/\" \/>\n<meta property=\"og:site_name\" content=\"Koonings\" \/>\n<meta property=\"article:publisher\" content=\"https:\/\/www.facebook.com\/kooningstheweddingpalace\" \/>\n<meta property=\"article:modified_time\" content=\"2025-11-26T09:50:04+00:00\" \/>\n<meta property=\"og:image\" content=\"https:\/\/www.koonings.com\/wp-content\/uploads\/2024\/06\/palace-hero-screenshot-1024x575.png\" \/>\n\t<meta property=\"og:image:width\" content=\"1024\" \/>\n\t<meta property=\"og:image:height\" content=\"575\" \/>\n\t<meta property=\"og:image:type\" content=\"image\/png\" \/>\n<meta name=\"twitter:card\" content=\"summary_large_image\" \/>\n<meta name=\"twitter:label1\" content=\"Gesch\u00e4tzte Lesezeit\" \/>\n\t<meta name=\"twitter:data1\" content=\"1\u00a0Minute\" \/>\n<script type=\"application\/ld+json\" class=\"yoast-schema-graph\">{\"@context\":\"https:\\\/\\\/schema.org\",\"@graph\":[{\"@type\":\"WebPage\",\"@id\":\"https:\\\/\\\/www.koonings.com\\\/de\\\/inspiration\\\/\",\"url\":\"https:\\\/\\\/www.koonings.com\\\/de\\\/inspiration\\\/\",\"name\":\"Inspiration | Koonings\",\"isPartOf\":{\"@id\":\"https:\\\/\\\/www.koonings.com\\\/de\\\/#website\"},\"datePublished\":\"2024-08-06T15:14:40+00:00\",\"dateModified\":\"2025-11-26T09:50:04+00:00\",\"breadcrumb\":{\"@id\":\"https:\\\/\\\/www.koonings.com\\\/de\\\/inspiration\\\/#breadcrumb\"},\"inLanguage\":\"de\",\"potentialAction\":[{\"@type\":\"ReadAction\",\"target\":[\"https:\\\/\\\/www.koonings.com\\\/de\\\/inspiration\\\/\"]}]},{\"@type\":\"BreadcrumbList\",\"@id\":\"https:\\\/\\\/www.koonings.com\\\/de\\\/inspiration\\\/#breadcrumb\",\"itemListElement\":[{\"@type\":\"ListItem\",\"position\":1,\"name\":\"Home\",\"item\":\"https:\\\/\\\/www.koonings.com\\\/de\\\/\"},{\"@type\":\"ListItem\",\"position\":2,\"name\":\"Inspiration\"}]},{\"@type\":\"WebSite\",\"@id\":\"https:\\\/\\\/www.koonings.com\\\/de\\\/#website\",\"url\":\"https:\\\/\\\/www.koonings.com\\\/de\\\/\",\"name\":\"Koonings\",\"description\":\"De grootste bruidsmodewinkel ter wereld\",\"publisher\":{\"@id\":\"https:\\\/\\\/www.koonings.com\\\/de\\\/#organization\"},\"potentialAction\":[{\"@type\":\"SearchAction\",\"target\":{\"@type\":\"EntryPoint\",\"urlTemplate\":\"https:\\\/\\\/www.koonings.com\\\/de\\\/?s={search_term_string}\"},\"query-input\":{\"@type\":\"PropertyValueSpecification\",\"valueRequired\":true,\"valueName\":\"search_term_string\"}}],\"inLanguage\":\"de\"},{\"@type\":\"Organization\",\"@id\":\"https:\\\/\\\/www.koonings.com\\\/de\\\/#organization\",\"name\":\"Koonings\",\"url\":\"https:\\\/\\\/www.koonings.com\\\/de\\\/\",\"logo\":{\"@type\":\"ImageObject\",\"inLanguage\":\"de\",\"@id\":\"https:\\\/\\\/www.koonings.com\\\/de\\\/#\\\/schema\\\/logo\\\/image\\\/\",\"url\":\"https:\\\/\\\/www.koonings.com\\\/wp-content\\\/uploads\\\/2024\\\/07\\\/logo.png\",\"contentUrl\":\"https:\\\/\\\/www.koonings.com\\\/wp-content\\\/uploads\\\/2024\\\/07\\\/logo.png\",\"width\":600,\"height\":428,\"caption\":\"Koonings\"},\"image\":{\"@id\":\"https:\\\/\\\/www.koonings.com\\\/de\\\/#\\\/schema\\\/logo\\\/image\\\/\"},\"sameAs\":[\"https:\\\/\\\/www.facebook.com\\\/kooningstheweddingpalace\",\"https:\\\/\\\/www.instagram.com\\\/kooningstheweddingpalace\",\"https:\\\/\\\/www.pinterest.com\\\/koonings\",\"https:\\\/\\\/www.youtube.com\\\/kooningstheweddingpalace\"]}]}<\/script>\n<!-- \/ Yoast SEO plugin. -->","yoast_head_json":{"title":"Inspiration | Koonings","robots":{"index":"index","follow":"follow","max-snippet":"max-snippet:-1","max-image-preview":"max-image-preview:large","max-video-preview":"max-video-preview:-1"},"canonical":"https:\/\/www.koonings.com\/de\/inspiration\/","og_locale":"de_DE","og_type":"article","og_title":"Inspiration | Koonings","og_url":"https:\/\/www.koonings.com\/de\/inspiration\/","og_site_name":"Koonings","article_publisher":"https:\/\/www.facebook.com\/kooningstheweddingpalace","article_modified_time":"2025-11-26T09:50:04+00:00","og_image":[{"width":1024,"height":575,"url":"https:\/\/www.koonings.com\/wp-content\/uploads\/2024\/06\/palace-hero-screenshot-1024x575.png","type":"image\/png"}],"twitter_card":"summary_large_image","twitter_misc":{"Gesch\u00e4tzte Lesezeit":"1\u00a0Minute"},"schema":{"@context":"https:\/\/schema.org","@graph":[{"@type":"WebPage","@id":"https:\/\/www.koonings.com\/de\/inspiration\/","url":"https:\/\/www.koonings.com\/de\/inspiration\/","name":"Inspiration | Koonings","isPartOf":{"@id":"https:\/\/www.koonings.com\/de\/#website"},"datePublished":"2024-08-06T15:14:40+00:00","dateModified":"2025-11-26T09:50:04+00:00","breadcrumb":{"@id":"https:\/\/www.koonings.com\/de\/inspiration\/#breadcrumb"},"inLanguage":"de","potentialAction":[{"@type":"ReadAction","target":["https:\/\/www.koonings.com\/de\/inspiration\/"]}]},{"@type":"BreadcrumbList","@id":"https:\/\/www.koonings.com\/de\/inspiration\/#breadcrumb","itemListElement":[{"@type":"ListItem","position":1,"name":"Home","item":"https:\/\/www.koonings.com\/de\/"},{"@type":"ListItem","position":2,"name":"Inspiration"}]},{"@type":"WebSite","@id":"https:\/\/www.koonings.com\/de\/#website","url":"https:\/\/www.koonings.com\/de\/","name":"Koonings","description":"De grootste bruidsmodewinkel ter wereld","publisher":{"@id":"https:\/\/www.koonings.com\/de\/#organization"},"potentialAction":[{"@type":"SearchAction","target":{"@type":"EntryPoint","urlTemplate":"https:\/\/www.koonings.com\/de\/?s={search_term_string}"},"query-input":{"@type":"PropertyValueSpecification","valueRequired":true,"valueName":"search_term_string"}}],"inLanguage":"de"},{"@type":"Organization","@id":"https:\/\/www.koonings.com\/de\/#organization","name":"Koonings","url":"https:\/\/www.koonings.com\/de\/","logo":{"@type":"ImageObject","inLanguage":"de","@id":"https:\/\/www.koonings.com\/de\/#\/schema\/logo\/image\/","url":"https:\/\/www.koonings.com\/wp-content\/uploads\/2024\/07\/logo.png","contentUrl":"https:\/\/www.koonings.com\/wp-content\/uploads\/2024\/07\/logo.png","width":600,"height":428,"caption":"Koonings"},"image":{"@id":"https:\/\/www.koonings.com\/de\/#\/schema\/logo\/image\/"},"sameAs":["https:\/\/www.facebook.com\/kooningstheweddingpalace","https:\/\/www.instagram.com\/kooningstheweddingpalace","https:\/\/www.pinterest.com\/koonings","https:\/\/www.youtube.com\/kooningstheweddingpalace"]}]}},"_links":{"self":[{"href":"https:\/\/www.koonings.com\/de\/wp-json\/wp\/v2\/pages\/16091","targetHints":{"allow":["GET"]}}],"collection":[{"href":"https:\/\/www.koonings.com\/de\/wp-json\/wp\/v2\/pages"}],"about":[{"href":"https:\/\/www.koonings.com\/de\/wp-json\/wp\/v2\/types\/page"}],"author":[{"embeddable":true,"href":"https:\/\/www.koonings.com\/de\/wp-json\/wp\/v2\/users\/1"}],"replies":[{"embeddable":true,"href":"https:\/\/www.koonings.com\/de\/wp-json\/wp\/v2\/comments?post=16091"}],"version-history":[{"count":13,"href":"https:\/\/www.koonings.com\/de\/wp-json\/wp\/v2\/pages\/16091\/revisions"}],"predecessor-version":[{"id":105570,"href":"https:\/\/www.koonings.com\/de\/wp-json\/wp\/v2\/pages\/16091\/revisions\/105570"}],"wp:attachment":[{"href":"https:\/\/www.koonings.com\/de\/wp-json\/wp\/v2\/media?parent=16091"}],"curies":[{"name":"wp","href":"https:\/\/api.w.org\/{rel}","templated":true}]}}