{"id":16080,"date":"2024-07-18T12:54:57","date_gmt":"2024-07-18T10:54:57","guid":{"rendered":"https:\/\/www.koonings.com\/hochzeitskollektion\/gaeste\/damenmode\/"},"modified":"2025-09-29T12:44:23","modified_gmt":"2025-09-29T10:44:23","slug":"damenmode","status":"publish","type":"page","link":"https:\/\/www.koonings.com\/de\/hochzeitskollektion\/gaeste\/damenmode\/","title":{"rendered":"Damenmode"},"content":{"rendered":"\r\n\r\n<div class=\"eye-element fullwidth-row alignfull style-both bg--none  alignfull \" style=\" \">\r\n\r\n    <div class=\"container\">\r\n        <div class=\"row\">\r\n            <div class=\"col-12\">\r\n                <div class=\"acf-innerblocks-container\">\n\n<h1 class=\"wp-block-heading\" id=\"bruiloft-kleding-voor-dames\">Brautkleider f\u00fcr Damen<\/h1>\n\n<\/div>\r\n            <\/div>\r\n        <\/div>\r\n    <\/div>\r\n\r\n<\/div>\r\n\r\n    \r\n\r\n<div class=\"eye-element fullwidth-row alignfull style-both bg--none  alignfull \" style=\" \">\r\n\r\n    <div class=\"container\">\r\n        <div class=\"row\">\r\n            <div class=\"col-12\">\r\n                <div class=\"acf-innerblocks-container\">\n\r\n<div class=\"eye-block empty-space empty-space--large pt-md-5 pb-md-5 pt-4 pb-4\" ><\/div>\n\n\n<h2 class=\"wp-block-heading\" id=\"vind-de-trouwjurk-van-jouw-dromen-bij-koonings\">Brautkleider f\u00fcr Damen<\/h2>\n\n\n\n<p>Es ist zwar nicht Ihre Hochzeit, aber das bedeutet nicht, dass Sie nicht gut aussehen m\u00fcssen. Es macht nicht nur Spa\u00df, sich f\u00fcr den Anlass herauszuputzen, sondern Sie tun damit auch dem Brautpaar einen Gefallen. Sie haben sich viel M\u00fche gegeben, damit der Tag perfekt wird. Und Sie k\u00f6nnen dazu beitragen, indem Sie sich von Ihrer besten Seite zeigen. Ein besonderer Tag verlangt nach besonderer Hochzeitskleidung.    <\/p>\n\n\n\n<h2 class=\"wp-block-heading\" id=\"welke-bruiloft-kleding-draag-je-als-gast\">Welche Hochzeitskleidung tragen Sie als Gast?<\/h2>\n\n\n\n<p>Die Wahl der richtigen Hochzeitskleidung f\u00fcr Damen kann eine ziemliche Herausforderung sein. Sie m\u00f6chten gro\u00dfartig aussehen, sollten aber die Braut nicht \u00fcberschatten. Ihr Outfit sollte bequem sein, aber auch zum Thema und zur Kleiderordnung passen.  <\/p>\n\n\n\n<h2 class=\"wp-block-heading\" id=\"wat-zijn-de-mogelijkheden-in-bruiloft-kleding-voor-dames\">Welche Optionen gibt es bei der Hochzeitskleidung f\u00fcr Damen?<\/h2>\n\n\n\n<p>Neben Kleidern f\u00fcr Hochzeitsg\u00e4ste finden Sie auch andere passende Hochzeitskleider f\u00fcr Damen. Denken Sie an einen schicken Hosenanzug oder einen modernen Jumpsuit. <\/p>\n\n\n\n<h3 class=\"wp-block-heading\" id=\"dresscodes-kies-de-perfecte-bruiloft-kleding\">Kleiderordnung: W\u00e4hlen Sie die perfekte Hochzeitskleidung<\/h3>\n\n\n\n<p>Wir verstehen, dass die Kleiderordnung manchmal etwas verwirrend sein kann, aber wir sind hier, um Ihnen zu helfen, zu gl\u00e4nzen, was auch immer die Kleiderordnung sein mag. Von legerem Chic bis zur schwarzen Krawatte. <\/p>\n\n\n\n<p><strong>Black Tie: Eleganz mit Stil<\/strong><br\/>Der Black Tie Dresscode steht f\u00fcr schicke und elegante Hochzeitskleidung. F\u00fcr Damen ist ein langes, formelles Kleid oft eine gute Wahl. Denken Sie an Seide oder Chiffon f\u00fcr einen umwerfenden Look. Und vergessen Sie nicht Ihre Accessoires, sie machen den Unterschied!   <\/p>\n\n\n\n<p><strong>Cocktail: Verspielt und stilvoll<\/strong><br\/>Mit Cocktail k\u00f6nnen Sie ein wenig mehr mit Ihrem Outfit spielen. Ein s\u00fc\u00dfes, knielanges Kleid ist oft perfekt f\u00fcr Hochzeitsg\u00e4ste. W\u00e4hlen Sie einen Stil, der Ihre Pers\u00f6nlichkeit zur Geltung bringt. Ob A-Linie oder Bodycon, es kommt auf Ihren Komfort und Ihren Stil an.   <\/p>\n\n\n\n<p><strong>Bohemian: Frei und entspannt<\/strong><br\/>Bei b\u00f6hmischer Hochzeitskleidung f\u00fcr Frauen dreht sich alles um Freiheit und Komfort. Denken Sie an flie\u00dfende Kleider mit Prints, Maxir\u00f6cke oder sogar eine Kombination aus lockeren Hosen und einem schicken Oberteil. F\u00fcgen Sie ein paar einzigartige Accessoires hinzu und Sie sind voll im Trend.  <\/p>\n\n\n\n<p><strong>Sommer-Chic: Sommerlich und raffiniert<\/strong><br\/>Der Sommer-Chic steht f\u00fcr Frische und Eleganz. Setzen Sie auf luftige Stoffe und sanfte Farben. Ein Sommerkleid f\u00fcr Hochzeitsg\u00e4ste ist die perfekte Wahl. Aber auch eine gepflegte Hose mit einem stilvollen Oberteil ist ein hervorragendes Outfit.   <\/p>\n\n\n\n<p><strong>L\u00e4ssiger Chic<\/strong><br\/>Und nicht zu vergessen: l\u00e4ssig! Hier ist Komfort der Schl\u00fcssel. Ein Sommerkleid f\u00fcr &#8220;Dress wedding guest summer&#8221; oder eine schicke Hose mit einem eleganten Oberteil ist oft eine gute Wahl. Denken Sie an luftige Stoffe und entspannte Schnitte.   <\/p>\n\n\n\n<p>Wie w\u00e4hlen Sie also das richtige Outfit anhand der Kleiderordnung aus? Schauen Sie zun\u00e4chst auf der Einladung nach, welche Kleiderordnung angegeben ist und schlagen Sie nach, was diese Kleiderordnung bedeutet. Sie werden dann oft schon auf viele Beispiele f\u00fcr Hochzeitskleidung f\u00fcr Damen in der richtigen Kleiderordnung sto\u00dfen. Damit haben Sie einen guten Ausgangspunkt f\u00fcr Ihre Suche nach dem perfekten Outfit. Sind Sie wirklich ratlos? Dann fragen Sie einfach die Braut, was ihr gef\u00e4llt!     <br\/> <\/p>\n\n\n\n<h2 class=\"wp-block-heading\" id=\"bruiloft-kleding-voor-dames-voor-elk-seizoen\">Brautkleider f\u00fcr Frauen f\u00fcr jede Jahreszeit<\/h2>\n\n\n\n<p>Die Wahl der richtigen Hochzeitskleidung f\u00fcr Damen kann je nach Jahreszeit den Unterschied zwischen Wohlf\u00fchlen und Umwerfendsein ausmachen. Hier sind einige Tipps, die Ihnen helfen, das perfekte Outfit f\u00fcr jede Jahreszeit zu finden: <\/p>\n\n\n\n<p><strong>Fr\u00fchling<\/strong><br\/>Entscheiden Sie sich bei Ihrer Fr\u00fchlingshochzeit f\u00fcr sanftere Pastellfarben wie Pfirsich, Mintgr\u00fcn oder Blassrosa. Florale Muster und zarte Drucke k\u00f6nnen Ihrem Outfit einen frischen Look verleihen. W\u00e4hlen Sie leichte Stoffe wie Chiffon oder Seide f\u00fcr einen luftigen und eleganten Look.  <\/p>\n\n\n\n<p><strong>Sommer<\/strong><br\/>Spielen Sie im Sommer mit leuchtenden Farben wie Koralle, T\u00fcrkis oder Sonnengelb. W\u00e4hlen Sie luftige Stoffe wie Leinen oder Baumwolle, um bei w\u00e4rmeren Temperaturen k\u00fchl zu bleiben. Als Hochzeitsgast ist ein Kleid die ideale L\u00f6sung. Glitzerakzente k\u00f6nnen Ihrem Look einen festlichen Touch verleihen, aber achten Sie darauf, sie f\u00fcr einen Sommerlook dezent zu halten.   <\/p>\n\n\n\n<p><strong>Herbst<\/strong><br\/>Bei Hochzeiten im Herbst sind oft w\u00e4rmere T\u00f6ne wie Burgunderrot, Senfgelb oder tiefes Orange gefragt. Denken Sie an reiche Stoffe wie Samt oder seidige Satinkleider. F\u00fcr Hochzeitsg\u00e4ste sind Muster wie Karos oder Blumen in Herbstt\u00f6nen ideal, um Ihrem Outfit einen Hauch von Eleganz und einen einzigartigen Look zu verleihen.  <\/p>\n\n\n\n<p><strong>Winter<\/strong><br\/>Hochzeitskleider f\u00fcr den Winter sind oft in tieferen Farben wie Burgunderrot, Marineblau oder Smaragdgr\u00fcn zu finden. Verleihen Sie Ihrer Hochzeitskleidung Glamour mit Glitzerdetails oder metallischen Akzenten. F\u00fcr Damen sind Stoffe wie Samt oder Brokat perfekt f\u00fcr einen luxuri\u00f6sen Look, der Sie warm h\u00e4lt.  <\/p>\n\n\n\n<h2 class=\"wp-block-heading\" id=\"top-merken-bruiloft-kleding-voor-dames\">Top Marken f\u00fcr Hochzeitskleidung f\u00fcr Frauen<\/h2>\n\n\n\n<p>Als Hochzeitsgast, egal ob Sie die Mutter, Schwester oder Freundin der Braut sind, m\u00f6chten Sie nat\u00fcrlich festlich und stilvoll aussehen. Mit bekannten Marken f\u00fcr Hochzeitskleider f\u00fcr Frauen wie Sonia Pena und Linea Raffaelli k\u00f6nnen Sie sicher sein, dass Sie nicht nur fabelhaft aussehen, sondern auch die beste Qualit\u00e4t und die feinsten Stoffe erhalten. Sind Sie auf der Suche nach langen Kleidern f\u00fcr Hochzeitsg\u00e4ste? Einen hinrei\u00dfenden Jumpsuit? Oder Hochzeitskleider f\u00fcr Damen mit fr\u00f6hlichen Drucken und kr\u00e4ftigen Farben? Vereinbaren Sie einen Termin und finden Sie das perfekte Hochzeitsoutfit!     <\/p>\n\n\n\r\n<div class=\"eye-element bsbutton text-start \" >\r\n\t        <a class=\"btn btn-gold\" href=\"Termin machen | Koonings\"\r\n           target=\"\">Vereinbare jetzt deinen Termin<\/a>\r\n\t<\/div>\n<\/div>\r\n            <\/div>\r\n        <\/div>\r\n    <\/div>\r\n\r\n<\/div>\r\n\r\n    ","protected":false},"excerpt":{"rendered":"","protected":false},"author":1,"featured_media":0,"parent":15677,"menu_order":0,"comment_status":"closed","ping_status":"closed","template":"","meta":{"_acf_changed":false,"ghostkit_customizer_options":"","ghostkit_custom_css":"","ghostkit_custom_js_head":"","ghostkit_custom_js_foot":"","ghostkit_typography":"","footnotes":""},"class_list":["post-16080","page","type-page","status-publish","hentry"],"acf":[],"yoast_head":"<!-- This site is optimized with the Yoast SEO plugin v27.3 - https:\/\/yoast.com\/product\/yoast-seo-wordpress\/ -->\n<title>Brautkleider Damen %%page% | Koonings%<\/title>\n<meta name=\"description\" content=\"Suchen Sie nach Hochzeitskleidung f\u00fcr Damen? Bei Koonings finden Sie die sch\u00f6nsten Kleider und Outfits f\u00fcr Hochzeitsg\u00e4ste. Eleganz f\u00fcr jede Rolle und jeden Moment.\" \/>\n<meta name=\"robots\" content=\"index, follow, max-snippet:-1, max-image-preview:large, max-video-preview:-1\" \/>\n<link rel=\"canonical\" href=\"https:\/\/www.koonings.com\/de\/hochzeitskollektion\/gaeste\/damenmode\/\" \/>\n<meta property=\"og:locale\" content=\"de_DE\" \/>\n<meta property=\"og:type\" content=\"article\" \/>\n<meta property=\"og:title\" content=\"Brautkleider Damen %%page% | Koonings%\" \/>\n<meta property=\"og:description\" content=\"Suchen Sie nach Hochzeitskleidung f\u00fcr Damen? Bei Koonings finden Sie die sch\u00f6nsten Kleider und Outfits f\u00fcr Hochzeitsg\u00e4ste. Eleganz f\u00fcr jede Rolle und jeden Moment.\" \/>\n<meta property=\"og:url\" content=\"https:\/\/www.koonings.com\/de\/hochzeitskollektion\/gaeste\/damenmode\/\" \/>\n<meta property=\"og:site_name\" content=\"Koonings\" \/>\n<meta property=\"article:publisher\" content=\"https:\/\/www.facebook.com\/kooningstheweddingpalace\" \/>\n<meta property=\"article:modified_time\" content=\"2025-09-29T10:44:23+00:00\" \/>\n<meta property=\"og:image\" content=\"https:\/\/www.koonings.com\/wp-content\/uploads\/2024\/06\/palace-hero-screenshot-1024x575.png\" \/>\n\t<meta property=\"og:image:width\" content=\"1024\" \/>\n\t<meta property=\"og:image:height\" content=\"575\" \/>\n\t<meta property=\"og:image:type\" content=\"image\/png\" \/>\n<meta name=\"twitter:card\" content=\"summary_large_image\" \/>\n<meta name=\"twitter:label1\" content=\"Gesch\u00e4tzte Lesezeit\" \/>\n\t<meta name=\"twitter:data1\" content=\"4\u00a0Minuten\" \/>\n<script type=\"application\/ld+json\" class=\"yoast-schema-graph\">{\"@context\":\"https:\\\/\\\/schema.org\",\"@graph\":[{\"@type\":\"WebPage\",\"@id\":\"https:\\\/\\\/www.koonings.com\\\/de\\\/hochzeitskollektion\\\/gaeste\\\/damenmode\\\/\",\"url\":\"https:\\\/\\\/www.koonings.com\\\/de\\\/hochzeitskollektion\\\/gaeste\\\/damenmode\\\/\",\"name\":\"Brautkleider Damen %%page% | Koonings%\",\"isPartOf\":{\"@id\":\"https:\\\/\\\/www.koonings.com\\\/de\\\/#website\"},\"datePublished\":\"2024-07-18T10:54:57+00:00\",\"dateModified\":\"2025-09-29T10:44:23+00:00\",\"description\":\"Suchen Sie nach Hochzeitskleidung f\u00fcr Damen? Bei Koonings finden Sie die sch\u00f6nsten Kleider und Outfits f\u00fcr Hochzeitsg\u00e4ste. Eleganz f\u00fcr jede Rolle und jeden Moment.\",\"breadcrumb\":{\"@id\":\"https:\\\/\\\/www.koonings.com\\\/de\\\/hochzeitskollektion\\\/gaeste\\\/damenmode\\\/#breadcrumb\"},\"inLanguage\":\"de\",\"potentialAction\":[{\"@type\":\"ReadAction\",\"target\":[\"https:\\\/\\\/www.koonings.com\\\/de\\\/hochzeitskollektion\\\/gaeste\\\/damenmode\\\/\"]}]},{\"@type\":\"BreadcrumbList\",\"@id\":\"https:\\\/\\\/www.koonings.com\\\/de\\\/hochzeitskollektion\\\/gaeste\\\/damenmode\\\/#breadcrumb\",\"itemListElement\":[{\"@type\":\"ListItem\",\"position\":1,\"name\":\"Home\",\"item\":\"https:\\\/\\\/www.koonings.com\\\/de\\\/\"},{\"@type\":\"ListItem\",\"position\":2,\"name\":\"Hochzeitskollektion\",\"item\":\"https:\\\/\\\/www.koonings.com\\\/de\\\/hochzeitskollektion\\\/\"},{\"@type\":\"ListItem\",\"position\":3,\"name\":\"G\u00e4ste\",\"item\":\"https:\\\/\\\/www.koonings.com\\\/de\\\/hochzeitskollektion\\\/gaeste\\\/\"},{\"@type\":\"ListItem\",\"position\":4,\"name\":\"Damenmode\"}]},{\"@type\":\"WebSite\",\"@id\":\"https:\\\/\\\/www.koonings.com\\\/de\\\/#website\",\"url\":\"https:\\\/\\\/www.koonings.com\\\/de\\\/\",\"name\":\"Koonings\",\"description\":\"De grootste bruidsmodewinkel ter wereld\",\"publisher\":{\"@id\":\"https:\\\/\\\/www.koonings.com\\\/de\\\/#organization\"},\"potentialAction\":[{\"@type\":\"SearchAction\",\"target\":{\"@type\":\"EntryPoint\",\"urlTemplate\":\"https:\\\/\\\/www.koonings.com\\\/de\\\/?s={search_term_string}\"},\"query-input\":{\"@type\":\"PropertyValueSpecification\",\"valueRequired\":true,\"valueName\":\"search_term_string\"}}],\"inLanguage\":\"de\"},{\"@type\":\"Organization\",\"@id\":\"https:\\\/\\\/www.koonings.com\\\/de\\\/#organization\",\"name\":\"Koonings\",\"url\":\"https:\\\/\\\/www.koonings.com\\\/de\\\/\",\"logo\":{\"@type\":\"ImageObject\",\"inLanguage\":\"de\",\"@id\":\"https:\\\/\\\/www.koonings.com\\\/de\\\/#\\\/schema\\\/logo\\\/image\\\/\",\"url\":\"https:\\\/\\\/www.koonings.com\\\/wp-content\\\/uploads\\\/2024\\\/07\\\/logo.png\",\"contentUrl\":\"https:\\\/\\\/www.koonings.com\\\/wp-content\\\/uploads\\\/2024\\\/07\\\/logo.png\",\"width\":600,\"height\":428,\"caption\":\"Koonings\"},\"image\":{\"@id\":\"https:\\\/\\\/www.koonings.com\\\/de\\\/#\\\/schema\\\/logo\\\/image\\\/\"},\"sameAs\":[\"https:\\\/\\\/www.facebook.com\\\/kooningstheweddingpalace\",\"https:\\\/\\\/www.instagram.com\\\/kooningstheweddingpalace\",\"https:\\\/\\\/www.pinterest.com\\\/koonings\",\"https:\\\/\\\/www.youtube.com\\\/kooningstheweddingpalace\"]}]}<\/script>\n<!-- \/ Yoast SEO plugin. -->","yoast_head_json":{"title":"Brautkleider Damen %%page% | Koonings%","description":"Suchen Sie nach Hochzeitskleidung f\u00fcr Damen? Bei Koonings finden Sie die sch\u00f6nsten Kleider und Outfits f\u00fcr Hochzeitsg\u00e4ste. Eleganz f\u00fcr jede Rolle und jeden Moment.","robots":{"index":"index","follow":"follow","max-snippet":"max-snippet:-1","max-image-preview":"max-image-preview:large","max-video-preview":"max-video-preview:-1"},"canonical":"https:\/\/www.koonings.com\/de\/hochzeitskollektion\/gaeste\/damenmode\/","og_locale":"de_DE","og_type":"article","og_title":"Brautkleider Damen %%page% | Koonings%","og_description":"Suchen Sie nach Hochzeitskleidung f\u00fcr Damen? Bei Koonings finden Sie die sch\u00f6nsten Kleider und Outfits f\u00fcr Hochzeitsg\u00e4ste. Eleganz f\u00fcr jede Rolle und jeden Moment.","og_url":"https:\/\/www.koonings.com\/de\/hochzeitskollektion\/gaeste\/damenmode\/","og_site_name":"Koonings","article_publisher":"https:\/\/www.facebook.com\/kooningstheweddingpalace","article_modified_time":"2025-09-29T10:44:23+00:00","og_image":[{"width":1024,"height":575,"url":"https:\/\/www.koonings.com\/wp-content\/uploads\/2024\/06\/palace-hero-screenshot-1024x575.png","type":"image\/png"}],"twitter_card":"summary_large_image","twitter_misc":{"Gesch\u00e4tzte Lesezeit":"4\u00a0Minuten"},"schema":{"@context":"https:\/\/schema.org","@graph":[{"@type":"WebPage","@id":"https:\/\/www.koonings.com\/de\/hochzeitskollektion\/gaeste\/damenmode\/","url":"https:\/\/www.koonings.com\/de\/hochzeitskollektion\/gaeste\/damenmode\/","name":"Brautkleider Damen %%page% | Koonings%","isPartOf":{"@id":"https:\/\/www.koonings.com\/de\/#website"},"datePublished":"2024-07-18T10:54:57+00:00","dateModified":"2025-09-29T10:44:23+00:00","description":"Suchen Sie nach Hochzeitskleidung f\u00fcr Damen? Bei Koonings finden Sie die sch\u00f6nsten Kleider und Outfits f\u00fcr Hochzeitsg\u00e4ste. Eleganz f\u00fcr jede Rolle und jeden Moment.","breadcrumb":{"@id":"https:\/\/www.koonings.com\/de\/hochzeitskollektion\/gaeste\/damenmode\/#breadcrumb"},"inLanguage":"de","potentialAction":[{"@type":"ReadAction","target":["https:\/\/www.koonings.com\/de\/hochzeitskollektion\/gaeste\/damenmode\/"]}]},{"@type":"BreadcrumbList","@id":"https:\/\/www.koonings.com\/de\/hochzeitskollektion\/gaeste\/damenmode\/#breadcrumb","itemListElement":[{"@type":"ListItem","position":1,"name":"Home","item":"https:\/\/www.koonings.com\/de\/"},{"@type":"ListItem","position":2,"name":"Hochzeitskollektion","item":"https:\/\/www.koonings.com\/de\/hochzeitskollektion\/"},{"@type":"ListItem","position":3,"name":"G\u00e4ste","item":"https:\/\/www.koonings.com\/de\/hochzeitskollektion\/gaeste\/"},{"@type":"ListItem","position":4,"name":"Damenmode"}]},{"@type":"WebSite","@id":"https:\/\/www.koonings.com\/de\/#website","url":"https:\/\/www.koonings.com\/de\/","name":"Koonings","description":"De grootste bruidsmodewinkel ter wereld","publisher":{"@id":"https:\/\/www.koonings.com\/de\/#organization"},"potentialAction":[{"@type":"SearchAction","target":{"@type":"EntryPoint","urlTemplate":"https:\/\/www.koonings.com\/de\/?s={search_term_string}"},"query-input":{"@type":"PropertyValueSpecification","valueRequired":true,"valueName":"search_term_string"}}],"inLanguage":"de"},{"@type":"Organization","@id":"https:\/\/www.koonings.com\/de\/#organization","name":"Koonings","url":"https:\/\/www.koonings.com\/de\/","logo":{"@type":"ImageObject","inLanguage":"de","@id":"https:\/\/www.koonings.com\/de\/#\/schema\/logo\/image\/","url":"https:\/\/www.koonings.com\/wp-content\/uploads\/2024\/07\/logo.png","contentUrl":"https:\/\/www.koonings.com\/wp-content\/uploads\/2024\/07\/logo.png","width":600,"height":428,"caption":"Koonings"},"image":{"@id":"https:\/\/www.koonings.com\/de\/#\/schema\/logo\/image\/"},"sameAs":["https:\/\/www.facebook.com\/kooningstheweddingpalace","https:\/\/www.instagram.com\/kooningstheweddingpalace","https:\/\/www.pinterest.com\/koonings","https:\/\/www.youtube.com\/kooningstheweddingpalace"]}]}},"_links":{"self":[{"href":"https:\/\/www.koonings.com\/de\/wp-json\/wp\/v2\/pages\/16080","targetHints":{"allow":["GET"]}}],"collection":[{"href":"https:\/\/www.koonings.com\/de\/wp-json\/wp\/v2\/pages"}],"about":[{"href":"https:\/\/www.koonings.com\/de\/wp-json\/wp\/v2\/types\/page"}],"author":[{"embeddable":true,"href":"https:\/\/www.koonings.com\/de\/wp-json\/wp\/v2\/users\/1"}],"replies":[{"embeddable":true,"href":"https:\/\/www.koonings.com\/de\/wp-json\/wp\/v2\/comments?post=16080"}],"version-history":[{"count":6,"href":"https:\/\/www.koonings.com\/de\/wp-json\/wp\/v2\/pages\/16080\/revisions"}],"predecessor-version":[{"id":98751,"href":"https:\/\/www.koonings.com\/de\/wp-json\/wp\/v2\/pages\/16080\/revisions\/98751"}],"up":[{"embeddable":true,"href":"https:\/\/www.koonings.com\/de\/wp-json\/wp\/v2\/pages\/15677"}],"wp:attachment":[{"href":"https:\/\/www.koonings.com\/de\/wp-json\/wp\/v2\/media?parent=16080"}],"curies":[{"name":"wp","href":"https:\/\/api.w.org\/{rel}","templated":true}]}}