{"id":16024,"date":"2024-07-11T13:17:28","date_gmt":"2024-07-11T11:17:28","guid":{"rendered":"https:\/\/www.koonings.com\/rembo-styling\/"},"modified":"2025-09-29T12:50:09","modified_gmt":"2025-09-29T10:50:09","slug":"rembo-styling","status":"publish","type":"page","link":"https:\/\/www.koonings.com\/de\/deurne\/showrooms\/rembo-styling\/","title":{"rendered":"Rembo Styling"},"content":{"rendered":"\r\n\r\n<div class=\"eye-element fullwidth-row alignfull faux-bg--none style-right  alignfull \" style=\"\">\r\n<div class=\"bg bg--none\" style=\"\"><\/div>\r\n\r\n    <div class=\"container\">\r\n        <div class=\"row\">\r\n            <div class=\"col-12\">\r\n                <div class=\"acf-innerblocks-container\">\n\n<div class=\"ghostkit-grid ghostkit-grid-gap-md ghostkit-grid-align-items-center\"><div class=\"ghostkit-grid-inner\">\n<div class=\"ghostkit-col ghostkit-col-md-12 ghostkit-col-6\"><div class=\"ghostkit-col-content is-layout-flow wp-block-ghostkit-grid-column-is-layout-flow\">\r\n<div class=\"eye-element images style-default variant-2 single-image\">\r\n\r\n\t        <div class=\"composition\">\r\n\t\t\t\r\n            <div class=\"swiper images-swiper\">\r\n\r\n\t\t\t\t\r\n                <div class=\"swiper-wrapper\">\r\n\t\t\t\t\t                        <li class=\"swiper-slide\">\r\n                            <img decoding=\"async\" class=\" img-fluid\" src=\"https:\/\/www.koonings.com\/wp-content\/uploads\/2024\/07\/rembo_marylise_1.jpg-1024x512.webp\" srcset=\"https:\/\/www.koonings.com\/wp-content\/uploads\/2024\/07\/rembo_marylise_1.jpg.webp\" alt=\"Koonings Rembo Styling Showroom\">\r\n                        <\/li>\r\n\t\t\t\t\t                <\/div>\r\n\r\n                <div class=\"swiper-pagination\"><\/div>\r\n\r\n                <div class=\"swiper-button-prev\"><\/div>\r\n                <div class=\"swiper-button-next\"><\/div>\r\n\r\n            <\/div>\r\n\r\n        <\/div>\r\n\t\r\n\t<\/div><\/div><\/div>\n\n\n\n<div class=\"ghostkit-col ghostkit-col-md-12 ghostkit-col-6\"><div class=\"ghostkit-col-content is-layout-flow wp-block-ghostkit-grid-column-is-layout-flow\">\n<h1 class=\"wp-block-heading\" id=\"rembo-styling\">Rembo Styling<\/h1>\n\n\n\n<h3 class=\"wp-block-heading\" id=\"showroom-binnen-koonings\">Showroom bei Koonings<\/h3>\n\n\n\n<p>Die Hochzeitskleider von Rembo Styling sind f\u00fcr die Braut mit einer einzigartigen Pers\u00f6nlichkeit. Die Rembo-Braut m\u00f6chte das Leben genie\u00dfen, auf eine spontane und nachhaltige Art und Weise: die Marke f\u00fcr die Boh\u00e8me-Braut.<\/p>\n<\/div><\/div>\n<\/div><\/div>\n\n<\/div>\r\n            <\/div>\r\n        <\/div>\r\n    <\/div>\r\n\r\n<\/div>\r\n\r\n    \r\n\r\n<div class=\"eye-element fullwidth-row alignfull faux-bg--lightgray style-left  alignfull \" style=\"\">\r\n<div class=\"bg bg--lightgray\" style=\"\"><\/div>\r\n\r\n    <div class=\"container\">\r\n        <div class=\"row\">\r\n            <div class=\"col-12\">\r\n                <div class=\"acf-innerblocks-container\">\n\n<div class=\"ghostkit-grid ghostkit-grid-gap-md ghostkit-grid-align-items-center\"><div class=\"ghostkit-grid-inner\">\n<div class=\"ghostkit-col ghostkit-col-md-12 ghostkit-col-6 ghostkit-col-align-self-center\"><div class=\"ghostkit-col-content is-layout-flow wp-block-ghostkit-grid-column-is-layout-flow\">\n<h2 class=\"wp-block-heading\" id=\"boho-chic\">Boho-chic<\/h2>\n\n\n\n<p>Wenn Sie sich f\u00fcr ein Brautkleid von Rembo Styling entscheiden, dann entscheiden Sie sich f\u00fcr Handwerkskunst. Nachdem die Kleider in Belgien entworfen wurden, erfolgt die Produktion in Portugal. Die Brautmarke produziert nur auf Anfrage, um ihren \u00f6kologischen Fu\u00dfabdruck gering zu halten. Ein Vorreiter in Sachen nachhaltiger Produktion durch die Verwendung nachhaltiger Stoffe. Das Geheimnis von Rembo? Raffiniert, gewagt, aber vor allem kreativ. Das zeigt sich in wundersch\u00f6nen Brautkleidern f\u00fcr die Boh\u00e8me-Braut.      <\/p>\n<\/div><\/div>\n\n\n\n<div class=\"ghostkit-col ghostkit-col-md-12 ghostkit-col-6\"><div class=\"ghostkit-col-content is-layout-flow wp-block-ghostkit-grid-column-is-layout-flow\">\r\n<div class=\"eye-element images style-default variant-1 multi-image\">\r\n\r\n\t        <div class=\"composition\">\r\n\t\t\t                <div class=\"image-0\">\r\n                    <img decoding=\"async\" class=\"img-fluid\" src=\"https:\/\/www.koonings.com\/wp-content\/uploads\/2024\/07\/rembo_1-185x300.png\" srcset=\"https:\/\/www.koonings.com\/wp-content\/uploads\/2024\/07\/rembo_1-185x300.png 185w, https:\/\/www.koonings.com\/wp-content\/uploads\/2024\/07\/rembo_1.png 322w\" alt=\"Koonings Rembo Styling Showroom\">\r\n                <\/div>\r\n\t\t\t\r\n            <div class=\"swiper images-swiper\">\r\n\r\n\t\t\t\t\r\n                <div class=\"swiper-wrapper\">\r\n\t\t\t\t\t                        <li class=\"swiper-slide\">\r\n                            <img decoding=\"async\" class=\" img-fluid\" src=\"https:\/\/www.koonings.com\/wp-content\/uploads\/2024\/07\/rembo_2.png\" srcset=\"https:\/\/www.koonings.com\/wp-content\/uploads\/2024\/07\/rembo_2.png\" alt=\"Koonings Rembo Styling Showroom\">\r\n                        <\/li>\r\n\t\t\t\t\t                <\/div>\r\n\r\n                <div class=\"swiper-pagination\"><\/div>\r\n\r\n                <div class=\"swiper-button-prev\"><\/div>\r\n                <div class=\"swiper-button-next\"><\/div>\r\n\r\n            <\/div>\r\n\r\n        <\/div>\r\n\t\r\n\t<\/div><\/div><\/div>\n<\/div><\/div>\n\n<\/div>\r\n            <\/div>\r\n        <\/div>\r\n    <\/div>\r\n\r\n<\/div>\r\n\r\n    \r\n\r\n<div class=\"eye-element fullwidth-row alignfull style-both bg--white  alignfull \" style=\" \">\r\n\r\n    <div class=\"container\">\r\n        <div class=\"row\">\r\n            <div class=\"col-12\">\r\n                <div class=\"acf-innerblocks-container\">\n\n<div class=\"ghostkit-grid ghostkit-grid-gap-md\"><div class=\"ghostkit-grid-inner\">\n<div class=\"ghostkit-col ghostkit-col-lg-12 ghostkit-col-4\"><div class=\"ghostkit-col-content is-layout-flow wp-block-ghostkit-grid-column-is-layout-flow\">\n<figure class=\"wp-block-image size-large\"><img decoding=\"async\" width=\"413\" height=\"1024\" src=\"https:\/\/www.koonings.com\/wp-content\/uploads\/2024\/07\/rembo_3-413x1024.webp\" alt=\"Koonings Rembo Styling Showroom\" class=\"wp-image-2219\" style=\"aspect-ratio:3\/4;object-fit:cover\" srcset=\"https:\/\/www.koonings.com\/wp-content\/uploads\/2024\/07\/rembo_3-413x1024.webp 413w, https:\/\/www.koonings.com\/wp-content\/uploads\/2024\/07\/rembo_3-121x300.webp 121w, https:\/\/www.koonings.com\/wp-content\/uploads\/2024\/07\/rembo_3.webp 524w\" sizes=\"(max-width: 413px) 100vw, 413px\" \/><\/figure>\n<\/div><\/div>\n\n\n\n<div class=\"ghostkit-col ghostkit-col-lg-12 ghostkit-col-4\"><div class=\"ghostkit-col-content is-layout-flow wp-block-ghostkit-grid-column-is-layout-flow\">\n<figure class=\"wp-block-image size-large\"><img decoding=\"async\" width=\"844\" height=\"1024\" src=\"https:\/\/www.koonings.com\/wp-content\/uploads\/2024\/07\/rembo_4-844x1024.webp\" alt=\"Koonings Rembo Styling Showroom\" class=\"wp-image-2224\" style=\"aspect-ratio:3\/4;object-fit:cover\" srcset=\"https:\/\/www.koonings.com\/wp-content\/uploads\/2024\/07\/rembo_4-844x1024.webp 844w, https:\/\/www.koonings.com\/wp-content\/uploads\/2024\/07\/rembo_4-247x300.webp 247w, https:\/\/www.koonings.com\/wp-content\/uploads\/2024\/07\/rembo_4-768x932.webp 768w, https:\/\/www.koonings.com\/wp-content\/uploads\/2024\/07\/rembo_4.webp 1071w\" sizes=\"(max-width: 844px) 100vw, 844px\" \/><\/figure>\n<\/div><\/div>\n\n\n\n<div class=\"ghostkit-col ghostkit-col-lg-12 ghostkit-col-4\"><div class=\"ghostkit-col-content is-layout-flow wp-block-ghostkit-grid-column-is-layout-flow\">\n<figure class=\"wp-block-image size-large\"><img decoding=\"async\" width=\"686\" height=\"1024\" src=\"https:\/\/www.koonings.com\/wp-content\/uploads\/2024\/07\/rembo_5-686x1024.webp\" alt=\"Koonings Rembo Styling Showroom\" class=\"wp-image-2228\" style=\"aspect-ratio:3\/4;object-fit:cover\" srcset=\"https:\/\/www.koonings.com\/wp-content\/uploads\/2024\/07\/rembo_5-686x1024.webp 686w, https:\/\/www.koonings.com\/wp-content\/uploads\/2024\/07\/rembo_5-201x300.webp 201w, https:\/\/www.koonings.com\/wp-content\/uploads\/2024\/07\/rembo_5-768x1146.webp 768w, https:\/\/www.koonings.com\/wp-content\/uploads\/2024\/07\/rembo_5.webp 871w\" sizes=\"(max-width: 686px) 100vw, 686px\" \/><\/figure>\n<\/div><\/div>\n<\/div><\/div>\n\n<\/div>\r\n            <\/div>\r\n        <\/div>\r\n    <\/div>\r\n\r\n<\/div>\r\n\r\n    \r\n\r\n<div class=\"eye-element fullwidth-row alignfull faux-bg--lightgray style-right  alignfull \" style=\"\">\r\n<div class=\"bg bg--lightgray\" style=\"\"><\/div>\r\n\r\n    <div class=\"container\">\r\n        <div class=\"row\">\r\n            <div class=\"col-12\">\r\n                <div class=\"acf-innerblocks-container\">\n\n<div class=\"ghostkit-grid ghostkit-grid-gap-md ghostkit-grid-align-items-center\"><div class=\"ghostkit-grid-inner\">\n<div class=\"ghostkit-col ghostkit-col-md-12 ghostkit-col-6\"><div class=\"ghostkit-col-content is-layout-flow wp-block-ghostkit-grid-column-is-layout-flow\">\r\n<div class=\"eye-element images style-default variant-2 single-image\">\r\n\r\n\t        <div class=\"composition\">\r\n\t\t\t\r\n            <div class=\"swiper images-swiper\">\r\n\r\n\t\t\t\t\r\n                <div class=\"swiper-wrapper\">\r\n\t\t\t\t\t                        <li class=\"swiper-slide\">\r\n                            <img decoding=\"async\" class=\" img-fluid\" src=\"https:\/\/www.koonings.com\/wp-content\/uploads\/2024\/07\/rembo_marylise_1.jpg-1024x512.webp\" srcset=\"https:\/\/www.koonings.com\/wp-content\/uploads\/2024\/07\/rembo_marylise_1.jpg.webp\" alt=\"Koonings Rembo Styling Showroom\">\r\n                        <\/li>\r\n\t\t\t\t\t                <\/div>\r\n\r\n                <div class=\"swiper-pagination\"><\/div>\r\n\r\n                <div class=\"swiper-button-prev\"><\/div>\r\n                <div class=\"swiper-button-next\"><\/div>\r\n\r\n            <\/div>\r\n\r\n        <\/div>\r\n\t\r\n\t<\/div><\/div><\/div>\n\n\n\n<div class=\"ghostkit-col ghostkit-col-md-12 ghostkit-col-6\"><div class=\"ghostkit-col-content is-layout-flow wp-block-ghostkit-grid-column-is-layout-flow\">\n<h2 class=\"wp-block-heading\" id=\"de-ultieme-bruidsbeleving-onder-een-dak\">Das ultimative Brauterlebnis unter einem Dach<\/h2>\n\n\n\n<p>Das h\u00fcbsche rosa Samtsofa und die h\u00f6lzernen Details sorgen daf\u00fcr, dass Sie sich in den R\u00e4umen von Rembo Styling schnell wie zu Hause f\u00fchlen. Die gr\u00fcne Wand, der H\u00e4ngesessel und die vielen Pflanzen spiegeln die W\u00e4rme dieser Marke wider.  <\/p>\n<\/div><\/div>\n<\/div><\/div>\n\n<\/div>\r\n            <\/div>\r\n        <\/div>\r\n    <\/div>\r\n\r\n<\/div>\r\n\r\n    \r\n\r\n<div class=\"eye-element fullwidth-row alignfull style-both bg--white  alignfull \" style=\" \">\r\n\r\n    <div class=\"container\">\r\n        <div class=\"row\">\r\n            <div class=\"col-12\">\r\n                <div class=\"acf-innerblocks-container\">\n\n<div class=\"ghostkit-grid ghostkit-grid-gap-md\"><div class=\"ghostkit-grid-inner\">\n<div class=\"ghostkit-col ghostkit-col-lg-12 ghostkit-col-4\"><div class=\"ghostkit-col-content is-layout-flow wp-block-ghostkit-grid-column-is-layout-flow\">\n<figure class=\"wp-block-image size-large\"><img decoding=\"async\" width=\"683\" height=\"1024\" src=\"https:\/\/www.koonings.com\/wp-content\/uploads\/2024\/07\/koonings-trouwjurk-rembo-styling-mary-bruidsmode-c.jpg-683x1024.webp\" alt=\"Koonings Trouwjurk Rembo Styling Mary\" class=\"wp-image-2234\" style=\"aspect-ratio:3\/4;object-fit:cover\" srcset=\"https:\/\/www.koonings.com\/wp-content\/uploads\/2024\/07\/koonings-trouwjurk-rembo-styling-mary-bruidsmode-c.jpg-683x1024.webp 683w, https:\/\/www.koonings.com\/wp-content\/uploads\/2024\/07\/koonings-trouwjurk-rembo-styling-mary-bruidsmode-c.jpg-200x300.webp 200w, https:\/\/www.koonings.com\/wp-content\/uploads\/2024\/07\/koonings-trouwjurk-rembo-styling-mary-bruidsmode-c.jpg-768x1152.webp 768w, https:\/\/www.koonings.com\/wp-content\/uploads\/2024\/07\/koonings-trouwjurk-rembo-styling-mary-bruidsmode-c.jpg-1024x1536.webp 1024w, https:\/\/www.koonings.com\/wp-content\/uploads\/2024\/07\/koonings-trouwjurk-rembo-styling-mary-bruidsmode-c.jpg-1365x2048.webp 1365w, https:\/\/www.koonings.com\/wp-content\/uploads\/2024\/07\/koonings-trouwjurk-rembo-styling-mary-bruidsmode-c.jpg-scaled.webp 1706w\" sizes=\"(max-width: 683px) 100vw, 683px\" \/><\/figure>\n<\/div><\/div>\n\n\n\n<div class=\"ghostkit-col ghostkit-col-lg-12 ghostkit-col-4\"><div class=\"ghostkit-col-content is-layout-flow wp-block-ghostkit-grid-column-is-layout-flow\">\n<figure class=\"wp-block-image size-large\"><img decoding=\"async\" width=\"683\" height=\"1024\" src=\"https:\/\/www.koonings.com\/wp-content\/uploads\/2024\/07\/koonings-trouwjurk-rembo-styling-ilena-bruidsmode-c.jpg-683x1024.webp\" alt=\"Koonings Trouwjurk Rembo Styling Ilena\" class=\"wp-image-2238\" style=\"aspect-ratio:3\/4;object-fit:cover\" srcset=\"https:\/\/www.koonings.com\/wp-content\/uploads\/2024\/07\/koonings-trouwjurk-rembo-styling-ilena-bruidsmode-c.jpg-683x1024.webp 683w, https:\/\/www.koonings.com\/wp-content\/uploads\/2024\/07\/koonings-trouwjurk-rembo-styling-ilena-bruidsmode-c.jpg-200x300.webp 200w, https:\/\/www.koonings.com\/wp-content\/uploads\/2024\/07\/koonings-trouwjurk-rembo-styling-ilena-bruidsmode-c.jpg-768x1152.webp 768w, https:\/\/www.koonings.com\/wp-content\/uploads\/2024\/07\/koonings-trouwjurk-rembo-styling-ilena-bruidsmode-c.jpg-1024x1536.webp 1024w, https:\/\/www.koonings.com\/wp-content\/uploads\/2024\/07\/koonings-trouwjurk-rembo-styling-ilena-bruidsmode-c.jpg-1365x2048.webp 1365w, https:\/\/www.koonings.com\/wp-content\/uploads\/2024\/07\/koonings-trouwjurk-rembo-styling-ilena-bruidsmode-c.jpg-scaled.webp 1706w\" sizes=\"(max-width: 683px) 100vw, 683px\" \/><\/figure>\n<\/div><\/div>\n\n\n\n<div class=\"ghostkit-col ghostkit-col-lg-12 ghostkit-col-4\"><div class=\"ghostkit-col-content is-layout-flow wp-block-ghostkit-grid-column-is-layout-flow\">\n<figure class=\"wp-block-image size-large\"><img decoding=\"async\" width=\"683\" height=\"1024\" src=\"https:\/\/www.koonings.com\/wp-content\/uploads\/2024\/07\/koonings-trouwjurk-rembo-styling-magique-bruidsmode-c.jpg-683x1024.webp\" alt=\"Koonings Trouwjurk Rembo Styling Magique\" class=\"wp-image-2242\" style=\"aspect-ratio:3\/4;object-fit:cover\" srcset=\"https:\/\/www.koonings.com\/wp-content\/uploads\/2024\/07\/koonings-trouwjurk-rembo-styling-magique-bruidsmode-c.jpg-683x1024.webp 683w, https:\/\/www.koonings.com\/wp-content\/uploads\/2024\/07\/koonings-trouwjurk-rembo-styling-magique-bruidsmode-c.jpg-200x300.webp 200w, https:\/\/www.koonings.com\/wp-content\/uploads\/2024\/07\/koonings-trouwjurk-rembo-styling-magique-bruidsmode-c.jpg-768x1152.webp 768w, https:\/\/www.koonings.com\/wp-content\/uploads\/2024\/07\/koonings-trouwjurk-rembo-styling-magique-bruidsmode-c.jpg-1024x1536.webp 1024w, https:\/\/www.koonings.com\/wp-content\/uploads\/2024\/07\/koonings-trouwjurk-rembo-styling-magique-bruidsmode-c.jpg-1365x2048.webp 1365w, https:\/\/www.koonings.com\/wp-content\/uploads\/2024\/07\/koonings-trouwjurk-rembo-styling-magique-bruidsmode-c.jpg-scaled.webp 1706w\" sizes=\"(max-width: 683px) 100vw, 683px\" \/><\/figure>\n<\/div><\/div>\n<\/div><\/div>\n\n<\/div>\r\n            <\/div>\r\n        <\/div>\r\n    <\/div>\r\n\r\n<\/div>\r\n\r\n    \r\n\r\n<div class=\"eye-element fullwidth-row alignfull style-both bg--none  alignfull \" style=\" \">\r\n\r\n    <div class=\"container\">\r\n        <div class=\"row\">\r\n            <div class=\"col-12\">\r\n                <div class=\"acf-innerblocks-container\">\n\n<h2 class=\"wp-block-heading has-text-align-center\" id=\"ben-jij-een-rembo-styling-bruid\">Sind Sie eine Rembo Styling-Braut?<\/h2>\n\n\n\r\n<div class=\"eye-element bsbutton text-center \" >\r\n\t        <a class=\"btn btn-primary\" href=\"#\"\r\n           target=\"\">Sehen Sie sich die Rembo Styling-Kollektion an<\/a>\r\n\t<\/div>\n<\/div>\r\n            <\/div>\r\n        <\/div>\r\n    <\/div>\r\n\r\n<\/div>\r\n\r\n    ","protected":false},"excerpt":{"rendered":"","protected":false},"author":1,"featured_media":0,"parent":16027,"menu_order":0,"comment_status":"closed","ping_status":"closed","template":"","meta":{"_acf_changed":false,"ghostkit_customizer_options":"","ghostkit_custom_css":"","ghostkit_custom_js_head":"","ghostkit_custom_js_foot":"","ghostkit_typography":"","footnotes":""},"class_list":["post-16024","page","type-page","status-publish","hentry"],"acf":[],"yoast_head":"<!-- This site is optimized with the Yoast SEO plugin v27.3 - https:\/\/yoast.com\/product\/yoast-seo-wordpress\/ -->\n<title>Rembo Styling | Koonings<\/title>\n<meta name=\"robots\" content=\"index, follow, max-snippet:-1, max-image-preview:large, max-video-preview:-1\" \/>\n<link rel=\"canonical\" href=\"https:\/\/www.koonings.com\/de\/deurne\/showrooms\/rembo-styling\/\" \/>\n<meta property=\"og:locale\" content=\"de_DE\" \/>\n<meta property=\"og:type\" content=\"article\" \/>\n<meta property=\"og:title\" content=\"Rembo Styling | Koonings\" \/>\n<meta property=\"og:url\" content=\"https:\/\/www.koonings.com\/de\/deurne\/showrooms\/rembo-styling\/\" \/>\n<meta property=\"og:site_name\" content=\"Koonings\" \/>\n<meta property=\"article:publisher\" content=\"https:\/\/www.facebook.com\/kooningstheweddingpalace\" \/>\n<meta property=\"article:modified_time\" content=\"2025-09-29T10:50:09+00:00\" \/>\n<meta property=\"og:image\" content=\"https:\/\/www.koonings.com\/wp-content\/uploads\/2024\/07\/rembo_3-413x1024.webp\" \/>\n<meta name=\"twitter:card\" content=\"summary_large_image\" \/>\n<meta name=\"twitter:label1\" content=\"Gesch\u00e4tzte Lesezeit\" \/>\n\t<meta name=\"twitter:data1\" content=\"1\u00a0Minute\" \/>\n<script type=\"application\/ld+json\" class=\"yoast-schema-graph\">{\"@context\":\"https:\\\/\\\/schema.org\",\"@graph\":[{\"@type\":\"WebPage\",\"@id\":\"https:\\\/\\\/www.koonings.com\\\/de\\\/deurne\\\/showrooms\\\/rembo-styling\\\/\",\"url\":\"https:\\\/\\\/www.koonings.com\\\/de\\\/deurne\\\/showrooms\\\/rembo-styling\\\/\",\"name\":\"Rembo Styling | Koonings\",\"isPartOf\":{\"@id\":\"https:\\\/\\\/www.koonings.com\\\/de\\\/#website\"},\"primaryImageOfPage\":{\"@id\":\"https:\\\/\\\/www.koonings.com\\\/de\\\/deurne\\\/showrooms\\\/rembo-styling\\\/#primaryimage\"},\"image\":{\"@id\":\"https:\\\/\\\/www.koonings.com\\\/de\\\/deurne\\\/showrooms\\\/rembo-styling\\\/#primaryimage\"},\"thumbnailUrl\":\"https:\\\/\\\/www.koonings.com\\\/wp-content\\\/uploads\\\/2024\\\/07\\\/rembo_3-413x1024.webp\",\"datePublished\":\"2024-07-11T11:17:28+00:00\",\"dateModified\":\"2025-09-29T10:50:09+00:00\",\"breadcrumb\":{\"@id\":\"https:\\\/\\\/www.koonings.com\\\/de\\\/deurne\\\/showrooms\\\/rembo-styling\\\/#breadcrumb\"},\"inLanguage\":\"de\",\"potentialAction\":[{\"@type\":\"ReadAction\",\"target\":[\"https:\\\/\\\/www.koonings.com\\\/de\\\/deurne\\\/showrooms\\\/rembo-styling\\\/\"]}]},{\"@type\":\"ImageObject\",\"inLanguage\":\"de\",\"@id\":\"https:\\\/\\\/www.koonings.com\\\/de\\\/deurne\\\/showrooms\\\/rembo-styling\\\/#primaryimage\",\"url\":\"https:\\\/\\\/www.koonings.com\\\/wp-content\\\/uploads\\\/2024\\\/07\\\/rembo_3-413x1024.webp\",\"contentUrl\":\"https:\\\/\\\/www.koonings.com\\\/wp-content\\\/uploads\\\/2024\\\/07\\\/rembo_3-413x1024.webp\"},{\"@type\":\"BreadcrumbList\",\"@id\":\"https:\\\/\\\/www.koonings.com\\\/de\\\/deurne\\\/showrooms\\\/rembo-styling\\\/#breadcrumb\",\"itemListElement\":[{\"@type\":\"ListItem\",\"position\":1,\"name\":\"Home\",\"item\":\"https:\\\/\\\/www.koonings.com\\\/de\\\/\"},{\"@type\":\"ListItem\",\"position\":2,\"name\":\"Deurne\",\"item\":\"https:\\\/\\\/www.koonings.com\\\/de\\\/deurne\\\/\"},{\"@type\":\"ListItem\",\"position\":3,\"name\":\"Showrooms\",\"item\":\"https:\\\/\\\/www.koonings.com\\\/de\\\/deurne\\\/showrooms\\\/\"},{\"@type\":\"ListItem\",\"position\":4,\"name\":\"Rembo Styling\"}]},{\"@type\":\"WebSite\",\"@id\":\"https:\\\/\\\/www.koonings.com\\\/de\\\/#website\",\"url\":\"https:\\\/\\\/www.koonings.com\\\/de\\\/\",\"name\":\"Koonings\",\"description\":\"De grootste bruidsmodewinkel ter wereld\",\"publisher\":{\"@id\":\"https:\\\/\\\/www.koonings.com\\\/de\\\/#organization\"},\"potentialAction\":[{\"@type\":\"SearchAction\",\"target\":{\"@type\":\"EntryPoint\",\"urlTemplate\":\"https:\\\/\\\/www.koonings.com\\\/de\\\/?s={search_term_string}\"},\"query-input\":{\"@type\":\"PropertyValueSpecification\",\"valueRequired\":true,\"valueName\":\"search_term_string\"}}],\"inLanguage\":\"de\"},{\"@type\":\"Organization\",\"@id\":\"https:\\\/\\\/www.koonings.com\\\/de\\\/#organization\",\"name\":\"Koonings\",\"url\":\"https:\\\/\\\/www.koonings.com\\\/de\\\/\",\"logo\":{\"@type\":\"ImageObject\",\"inLanguage\":\"de\",\"@id\":\"https:\\\/\\\/www.koonings.com\\\/de\\\/#\\\/schema\\\/logo\\\/image\\\/\",\"url\":\"https:\\\/\\\/www.koonings.com\\\/wp-content\\\/uploads\\\/2024\\\/07\\\/logo.png\",\"contentUrl\":\"https:\\\/\\\/www.koonings.com\\\/wp-content\\\/uploads\\\/2024\\\/07\\\/logo.png\",\"width\":600,\"height\":428,\"caption\":\"Koonings\"},\"image\":{\"@id\":\"https:\\\/\\\/www.koonings.com\\\/de\\\/#\\\/schema\\\/logo\\\/image\\\/\"},\"sameAs\":[\"https:\\\/\\\/www.facebook.com\\\/kooningstheweddingpalace\",\"https:\\\/\\\/www.instagram.com\\\/kooningstheweddingpalace\",\"https:\\\/\\\/www.pinterest.com\\\/koonings\",\"https:\\\/\\\/www.youtube.com\\\/kooningstheweddingpalace\"]}]}<\/script>\n<!-- \/ Yoast SEO plugin. -->","yoast_head_json":{"title":"Rembo Styling | Koonings","robots":{"index":"index","follow":"follow","max-snippet":"max-snippet:-1","max-image-preview":"max-image-preview:large","max-video-preview":"max-video-preview:-1"},"canonical":"https:\/\/www.koonings.com\/de\/deurne\/showrooms\/rembo-styling\/","og_locale":"de_DE","og_type":"article","og_title":"Rembo Styling | Koonings","og_url":"https:\/\/www.koonings.com\/de\/deurne\/showrooms\/rembo-styling\/","og_site_name":"Koonings","article_publisher":"https:\/\/www.facebook.com\/kooningstheweddingpalace","article_modified_time":"2025-09-29T10:50:09+00:00","og_image":[{"url":"https:\/\/www.koonings.com\/wp-content\/uploads\/2024\/07\/rembo_3-413x1024.webp","type":"","width":"","height":""}],"twitter_card":"summary_large_image","twitter_misc":{"Gesch\u00e4tzte Lesezeit":"1\u00a0Minute"},"schema":{"@context":"https:\/\/schema.org","@graph":[{"@type":"WebPage","@id":"https:\/\/www.koonings.com\/de\/deurne\/showrooms\/rembo-styling\/","url":"https:\/\/www.koonings.com\/de\/deurne\/showrooms\/rembo-styling\/","name":"Rembo Styling | Koonings","isPartOf":{"@id":"https:\/\/www.koonings.com\/de\/#website"},"primaryImageOfPage":{"@id":"https:\/\/www.koonings.com\/de\/deurne\/showrooms\/rembo-styling\/#primaryimage"},"image":{"@id":"https:\/\/www.koonings.com\/de\/deurne\/showrooms\/rembo-styling\/#primaryimage"},"thumbnailUrl":"https:\/\/www.koonings.com\/wp-content\/uploads\/2024\/07\/rembo_3-413x1024.webp","datePublished":"2024-07-11T11:17:28+00:00","dateModified":"2025-09-29T10:50:09+00:00","breadcrumb":{"@id":"https:\/\/www.koonings.com\/de\/deurne\/showrooms\/rembo-styling\/#breadcrumb"},"inLanguage":"de","potentialAction":[{"@type":"ReadAction","target":["https:\/\/www.koonings.com\/de\/deurne\/showrooms\/rembo-styling\/"]}]},{"@type":"ImageObject","inLanguage":"de","@id":"https:\/\/www.koonings.com\/de\/deurne\/showrooms\/rembo-styling\/#primaryimage","url":"https:\/\/www.koonings.com\/wp-content\/uploads\/2024\/07\/rembo_3-413x1024.webp","contentUrl":"https:\/\/www.koonings.com\/wp-content\/uploads\/2024\/07\/rembo_3-413x1024.webp"},{"@type":"BreadcrumbList","@id":"https:\/\/www.koonings.com\/de\/deurne\/showrooms\/rembo-styling\/#breadcrumb","itemListElement":[{"@type":"ListItem","position":1,"name":"Home","item":"https:\/\/www.koonings.com\/de\/"},{"@type":"ListItem","position":2,"name":"Deurne","item":"https:\/\/www.koonings.com\/de\/deurne\/"},{"@type":"ListItem","position":3,"name":"Showrooms","item":"https:\/\/www.koonings.com\/de\/deurne\/showrooms\/"},{"@type":"ListItem","position":4,"name":"Rembo Styling"}]},{"@type":"WebSite","@id":"https:\/\/www.koonings.com\/de\/#website","url":"https:\/\/www.koonings.com\/de\/","name":"Koonings","description":"De grootste bruidsmodewinkel ter wereld","publisher":{"@id":"https:\/\/www.koonings.com\/de\/#organization"},"potentialAction":[{"@type":"SearchAction","target":{"@type":"EntryPoint","urlTemplate":"https:\/\/www.koonings.com\/de\/?s={search_term_string}"},"query-input":{"@type":"PropertyValueSpecification","valueRequired":true,"valueName":"search_term_string"}}],"inLanguage":"de"},{"@type":"Organization","@id":"https:\/\/www.koonings.com\/de\/#organization","name":"Koonings","url":"https:\/\/www.koonings.com\/de\/","logo":{"@type":"ImageObject","inLanguage":"de","@id":"https:\/\/www.koonings.com\/de\/#\/schema\/logo\/image\/","url":"https:\/\/www.koonings.com\/wp-content\/uploads\/2024\/07\/logo.png","contentUrl":"https:\/\/www.koonings.com\/wp-content\/uploads\/2024\/07\/logo.png","width":600,"height":428,"caption":"Koonings"},"image":{"@id":"https:\/\/www.koonings.com\/de\/#\/schema\/logo\/image\/"},"sameAs":["https:\/\/www.facebook.com\/kooningstheweddingpalace","https:\/\/www.instagram.com\/kooningstheweddingpalace","https:\/\/www.pinterest.com\/koonings","https:\/\/www.youtube.com\/kooningstheweddingpalace"]}]}},"_links":{"self":[{"href":"https:\/\/www.koonings.com\/de\/wp-json\/wp\/v2\/pages\/16024","targetHints":{"allow":["GET"]}}],"collection":[{"href":"https:\/\/www.koonings.com\/de\/wp-json\/wp\/v2\/pages"}],"about":[{"href":"https:\/\/www.koonings.com\/de\/wp-json\/wp\/v2\/types\/page"}],"author":[{"embeddable":true,"href":"https:\/\/www.koonings.com\/de\/wp-json\/wp\/v2\/users\/1"}],"replies":[{"embeddable":true,"href":"https:\/\/www.koonings.com\/de\/wp-json\/wp\/v2\/comments?post=16024"}],"version-history":[{"count":2,"href":"https:\/\/www.koonings.com\/de\/wp-json\/wp\/v2\/pages\/16024\/revisions"}],"predecessor-version":[{"id":98775,"href":"https:\/\/www.koonings.com\/de\/wp-json\/wp\/v2\/pages\/16024\/revisions\/98775"}],"up":[{"embeddable":true,"href":"https:\/\/www.koonings.com\/de\/wp-json\/wp\/v2\/pages\/16027"}],"wp:attachment":[{"href":"https:\/\/www.koonings.com\/de\/wp-json\/wp\/v2\/media?parent=16024"}],"curies":[{"name":"wp","href":"https:\/\/api.w.org\/{rel}","templated":true}]}}