{"id":16008,"date":"2024-07-11T09:26:50","date_gmt":"2024-07-11T07:26:50","guid":{"rendered":"https:\/\/www.koonings.com\/demetrios\/"},"modified":"2024-08-15T09:46:00","modified_gmt":"2024-08-15T07:46:00","slug":"demetrios","status":"publish","type":"page","link":"https:\/\/www.koonings.com\/de\/deurne\/showrooms\/demetrios\/","title":{"rendered":"Demetrios"},"content":{"rendered":"\r\n\r\n<div class=\"eye-element fullwidth-row alignfull faux-bg--none style-right  alignfull \" style=\"\">\r\n<div class=\"bg bg--none\" style=\"\"><\/div>\r\n\r\n    <div class=\"container\">\r\n        <div class=\"row\">\r\n            <div class=\"col-12\">\r\n                <div class=\"acf-innerblocks-container\">\n\n<div class=\"ghostkit-grid ghostkit-grid-gap-md ghostkit-grid-align-items-center\"><div class=\"ghostkit-grid-inner\">\n<div class=\"ghostkit-col ghostkit-col-md-12 ghostkit-col-6\"><div class=\"ghostkit-col-content is-layout-flow wp-block-ghostkit-grid-column-is-layout-flow\">\r\n<div class=\"eye-element images style-default variant-2 single-image\">\r\n\r\n\t        <div class=\"composition\">\r\n\t\t\t\r\n            <div class=\"swiper images-swiper\">\r\n\r\n\t\t\t\t\r\n                <div class=\"swiper-wrapper\">\r\n\t\t\t\t\t                        <li class=\"swiper-slide\">\r\n                            <img decoding=\"async\" class=\" img-fluid\" src=\"https:\/\/www.koonings.com\/wp-content\/uploads\/2024\/07\/demetrios_2.jpg-1024x601.webp\" srcset=\"https:\/\/www.koonings.com\/wp-content\/uploads\/2024\/07\/demetrios_2.jpg-scaled.webp\" alt=\"Koonings Demetrios Showroom\">\r\n                        <\/li>\r\n\t\t\t\t\t                <\/div>\r\n\r\n                <div class=\"swiper-pagination\"><\/div>\r\n\r\n                <div class=\"swiper-button-prev\"><\/div>\r\n                <div class=\"swiper-button-next\"><\/div>\r\n\r\n            <\/div>\r\n\r\n        <\/div>\r\n\t\r\n\t<\/div><\/div><\/div>\n\n\n\n<div class=\"ghostkit-col ghostkit-col-md-12 ghostkit-col-6\"><div class=\"ghostkit-col-content is-layout-flow wp-block-ghostkit-grid-column-is-layout-flow\">\n<h1 class=\"wp-block-heading\" id=\"demetrios\">Demetrios<\/h1>\n\n\n\n<h3 class=\"wp-block-heading\" id=\"showroom-binnen-koonings\">Showroom bei Koonings<\/h3>\n\n\n\n<p>Mit einem Demetrios Brautkleid sind alle Augen auf Sie gerichtet. Die griechische Marke bietet eine vielf\u00e4ltige Kollektion an Kleidern, die mit Glamour und Eleganz begeistern. Geben Sie an Ihrem Hochzeitstag ein Statement ab, indem Sie in einem Demetrios Kleid erscheinen.  <\/p>\n<\/div><\/div>\n<\/div><\/div>\n\n<\/div>\r\n            <\/div>\r\n        <\/div>\r\n    <\/div>\r\n\r\n<\/div>\r\n\r\n    \r\n\r\n<div class=\"eye-element fullwidth-row alignfull faux-bg--lightgray style-left  alignfull \" style=\"\">\r\n<div class=\"bg bg--lightgray\" style=\"\"><\/div>\r\n\r\n    <div class=\"container\">\r\n        <div class=\"row\">\r\n            <div class=\"col-12\">\r\n                <div class=\"acf-innerblocks-container\">\n\n<div class=\"ghostkit-grid ghostkit-grid-gap-md ghostkit-grid-align-items-center\"><div class=\"ghostkit-grid-inner\">\n<div class=\"ghostkit-col ghostkit-col-md-12 ghostkit-col-6 ghostkit-col-align-self-center\"><div class=\"ghostkit-col-content is-layout-flow wp-block-ghostkit-grid-column-is-layout-flow\">\n<h2 class=\"wp-block-heading\" id=\"demetrios-trouwjurk\">Demetrios Hochzeitskleid<\/h2>\n\n\n\n<p>Diese Designs sind der Inbegriff von Anmut und Modernit\u00e4t &#8211; ein Stil, der sich in den verschiedenen Kollektionen von Demetrios Brautkleidern widerspiegelt. Ganz exklusiv in den Niederlanden und nur bei Koonings ist zudem auch die Platinum Kollektion von Demetrios bei uns erh\u00e4ltlich. Diese funkelnde Kollektion ist voller Glamour und Anziehungskraft. Hiermit strahlen Sie wie nie zuvor.    <\/p>\n<\/div><\/div>\n\n\n\n<div class=\"ghostkit-col ghostkit-col-md-12 ghostkit-col-6\"><div class=\"ghostkit-col-content is-layout-flow wp-block-ghostkit-grid-column-is-layout-flow\">\r\n<div class=\"eye-element images style-default variant-1 multi-image\">\r\n\r\n\t        <div class=\"composition\">\r\n\t\t\t                <div class=\"image-0\">\r\n                    <img decoding=\"async\" class=\"img-fluid\" src=\"https:\/\/www.koonings.com\/wp-content\/uploads\/2024\/07\/Demetrios-2-143x300.png\" srcset=\"https:\/\/www.koonings.com\/wp-content\/uploads\/2024\/07\/Demetrios-2-143x300.png 143w, https:\/\/www.koonings.com\/wp-content\/uploads\/2024\/07\/Demetrios-2.png 450w\" alt=\"Koonings Demetrios Showroom\">\r\n                <\/div>\r\n\t\t\t\r\n            <div class=\"swiper images-swiper\">\r\n\r\n\t\t\t\t\r\n                <div class=\"swiper-wrapper\">\r\n\t\t\t\t\t                        <li class=\"swiper-slide\">\r\n                            <img decoding=\"async\" class=\" img-fluid\" src=\"https:\/\/www.koonings.com\/wp-content\/uploads\/2024\/07\/Demetrios-1.png\" srcset=\"https:\/\/www.koonings.com\/wp-content\/uploads\/2024\/07\/Demetrios-1.png\" alt=\"Koonings Demetrios Showroom\">\r\n                        <\/li>\r\n\t\t\t\t\t                <\/div>\r\n\r\n                <div class=\"swiper-pagination\"><\/div>\r\n\r\n                <div class=\"swiper-button-prev\"><\/div>\r\n                <div class=\"swiper-button-next\"><\/div>\r\n\r\n            <\/div>\r\n\r\n        <\/div>\r\n\t\r\n\t<\/div><\/div><\/div>\n<\/div><\/div>\n\n<\/div>\r\n            <\/div>\r\n        <\/div>\r\n    <\/div>\r\n\r\n<\/div>\r\n\r\n    \r\n\r\n<div class=\"eye-element fullwidth-row alignfull style-both bg--white  alignfull \" style=\" \">\r\n\r\n    <div class=\"container\">\r\n        <div class=\"row\">\r\n            <div class=\"col-12\">\r\n                <div class=\"acf-innerblocks-container\">\n\n<div class=\"ghostkit-grid ghostkit-grid-gap-md\"><div class=\"ghostkit-grid-inner\">\n<div class=\"ghostkit-col ghostkit-col-lg-12 ghostkit-col-4\"><div class=\"ghostkit-col-content is-layout-flow wp-block-ghostkit-grid-column-is-layout-flow\">\n<figure class=\"wp-block-image size-large\"><img decoding=\"async\" width=\"708\" height=\"1024\" src=\"https:\/\/www.koonings.com\/wp-content\/uploads\/2024\/07\/demetrios_5.jpg-708x1024.webp\" alt=\"Koonings Demetrios Showroom\" class=\"wp-image-1782\" style=\"aspect-ratio:3\/4;object-fit:cover\" srcset=\"https:\/\/www.koonings.com\/wp-content\/uploads\/2024\/07\/demetrios_5.jpg-708x1024.webp 708w, https:\/\/www.koonings.com\/wp-content\/uploads\/2024\/07\/demetrios_5.jpg-207x300.webp 207w, https:\/\/www.koonings.com\/wp-content\/uploads\/2024\/07\/demetrios_5.jpg-768x1111.webp 768w, https:\/\/www.koonings.com\/wp-content\/uploads\/2024\/07\/demetrios_5.jpg.webp 899w\" sizes=\"(max-width: 708px) 100vw, 708px\" \/><\/figure>\n<\/div><\/div>\n\n\n\n<div class=\"ghostkit-col ghostkit-col-lg-12 ghostkit-col-4\"><div class=\"ghostkit-col-content is-layout-flow wp-block-ghostkit-grid-column-is-layout-flow\">\n<figure class=\"wp-block-image size-large\"><img decoding=\"async\" width=\"735\" height=\"1024\" src=\"https:\/\/www.koonings.com\/wp-content\/uploads\/2024\/07\/demetrios_6.png-735x1024.webp\" alt=\"Koonings Demetrios Showroom\" class=\"wp-image-1786\" style=\"aspect-ratio:3\/4;object-fit:cover\" srcset=\"https:\/\/www.koonings.com\/wp-content\/uploads\/2024\/07\/demetrios_6.png-735x1024.webp 735w, https:\/\/www.koonings.com\/wp-content\/uploads\/2024\/07\/demetrios_6.png-215x300.webp 215w, https:\/\/www.koonings.com\/wp-content\/uploads\/2024\/07\/demetrios_6.png-768x1070.webp 768w, https:\/\/www.koonings.com\/wp-content\/uploads\/2024\/07\/demetrios_6.png.webp 933w\" sizes=\"(max-width: 735px) 100vw, 735px\" \/><\/figure>\n<\/div><\/div>\n\n\n\n<div class=\"ghostkit-col ghostkit-col-lg-12 ghostkit-col-4\"><div class=\"ghostkit-col-content is-layout-flow wp-block-ghostkit-grid-column-is-layout-flow\">\n<figure class=\"wp-block-image size-large\"><img decoding=\"async\" width=\"680\" height=\"1024\" src=\"https:\/\/www.koonings.com\/wp-content\/uploads\/2024\/07\/demetrios_4.jpg-680x1024.webp\" alt=\"Koonings Demetrios Showroom\" class=\"wp-image-1790\" style=\"aspect-ratio:3\/4;object-fit:cover\" srcset=\"https:\/\/www.koonings.com\/wp-content\/uploads\/2024\/07\/demetrios_4.jpg-680x1024.webp 680w, https:\/\/www.koonings.com\/wp-content\/uploads\/2024\/07\/demetrios_4.jpg-199x300.webp 199w, https:\/\/www.koonings.com\/wp-content\/uploads\/2024\/07\/demetrios_4.jpg-768x1157.webp 768w, https:\/\/www.koonings.com\/wp-content\/uploads\/2024\/07\/demetrios_4.jpg.webp 863w\" sizes=\"(max-width: 680px) 100vw, 680px\" \/><\/figure>\n<\/div><\/div>\n<\/div><\/div>\n\n<\/div>\r\n            <\/div>\r\n        <\/div>\r\n    <\/div>\r\n\r\n<\/div>\r\n\r\n    \r\n\r\n<div class=\"eye-element fullwidth-row alignfull faux-bg--lightgray style-right  alignfull \" style=\"\">\r\n<div class=\"bg bg--lightgray\" style=\"\"><\/div>\r\n\r\n    <div class=\"container\">\r\n        <div class=\"row\">\r\n            <div class=\"col-12\">\r\n                <div class=\"acf-innerblocks-container\">\n\n<div class=\"ghostkit-grid ghostkit-grid-gap-md ghostkit-grid-align-items-center\"><div class=\"ghostkit-grid-inner\">\n<div class=\"ghostkit-col ghostkit-col-md-12 ghostkit-col-6\"><div class=\"ghostkit-col-content is-layout-flow wp-block-ghostkit-grid-column-is-layout-flow\">\r\n<div class=\"eye-element images style-default variant-2 single-image\">\r\n\r\n\t        <div class=\"composition\">\r\n\t\t\t\r\n            <div class=\"swiper images-swiper\">\r\n\r\n\t\t\t\t\r\n                <div class=\"swiper-wrapper\">\r\n\t\t\t\t\t                        <li class=\"swiper-slide\">\r\n                            <img decoding=\"async\" class=\" img-fluid\" src=\"https:\/\/www.koonings.com\/wp-content\/uploads\/2024\/07\/demetrios_6.png-735x1024.webp\" srcset=\"https:\/\/www.koonings.com\/wp-content\/uploads\/2024\/07\/demetrios_6.png.webp\" alt=\"Koonings Demetrios Showroom\">\r\n                        <\/li>\r\n\t\t\t\t\t                <\/div>\r\n\r\n                <div class=\"swiper-pagination\"><\/div>\r\n\r\n                <div class=\"swiper-button-prev\"><\/div>\r\n                <div class=\"swiper-button-next\"><\/div>\r\n\r\n            <\/div>\r\n\r\n        <\/div>\r\n\t\r\n\t<\/div><\/div><\/div>\n\n\n\n<div class=\"ghostkit-col ghostkit-col-md-12 ghostkit-col-6\"><div class=\"ghostkit-col-content is-layout-flow wp-block-ghostkit-grid-column-is-layout-flow\">\n<h2 class=\"wp-block-heading\" id=\"griekse-grootheid\">Griechische Gr\u00f6\u00dfe <\/h2>\n\n\n\n<p>\u00d6ffnen Sie die T\u00fcren des Demetrios Shop-in-Shop und lassen Sie sich von den Kronleuchtern verzaubern. Das Zentrum des Raumes bildet ein gro\u00dfer wei\u00dfer Fl\u00fcgel, wenn man Gl\u00fcck hat, werden darauf die sch\u00f6nsten Lieder gespielt. Der Kamin ziert den Raum und verleiht ihm eine gem\u00fctliche Atmosph\u00e4re. Ebenso verf\u00fcgt er \u00fcber einen eigenen Anproberaum in dem Sie und Ihre Beleitung ungest\u00f6rt Ihr Traumkleid finden.  <\/p>\n\n\n\r\n<div class=\"eye-element bsbutton text-start \" >\r\n\t        <a class=\"btn btn-primary\" href=\"https:\/\/my.matterport.com\/show\/?m=2kBJFdYjj2Ysr=-.4,-1.08ss=231\"\r\n           target=\"\">Betrachten Sie diesen Raum in 360 Grad<\/a>\r\n\t<\/div><\/div><\/div>\n<\/div><\/div>\n\n<\/div>\r\n            <\/div>\r\n        <\/div>\r\n    <\/div>\r\n\r\n<\/div>\r\n\r\n    \r\n\r\n<div class=\"eye-element fullwidth-row alignfull style-both bg--white  alignfull \" style=\" \">\r\n\r\n    <div class=\"container\">\r\n        <div class=\"row\">\r\n            <div class=\"col-12\">\r\n                <div class=\"acf-innerblocks-container\">\n\n<div class=\"ghostkit-grid ghostkit-grid-gap-md\"><div class=\"ghostkit-grid-inner\">\n<div class=\"ghostkit-col ghostkit-col-lg-12 ghostkit-col-4\"><div class=\"ghostkit-col-content is-layout-flow wp-block-ghostkit-grid-column-is-layout-flow\">\n<figure class=\"wp-block-image size-large\"><img decoding=\"async\" width=\"724\" height=\"1024\" src=\"https:\/\/www.koonings.com\/wp-content\/uploads\/2024\/07\/koonings-trouwjurk-demetrios-1182-bruidsmode-a_0.jpg-724x1024.webp\" alt=\"Koonings Trouwjurk Demetrios 1182\" class=\"wp-image-1800\" style=\"aspect-ratio:3\/4;object-fit:cover\" srcset=\"https:\/\/www.koonings.com\/wp-content\/uploads\/2024\/07\/koonings-trouwjurk-demetrios-1182-bruidsmode-a_0.jpg-724x1024.webp 724w, https:\/\/www.koonings.com\/wp-content\/uploads\/2024\/07\/koonings-trouwjurk-demetrios-1182-bruidsmode-a_0.jpg-212x300.webp 212w, https:\/\/www.koonings.com\/wp-content\/uploads\/2024\/07\/koonings-trouwjurk-demetrios-1182-bruidsmode-a_0.jpg-768x1086.webp 768w, https:\/\/www.koonings.com\/wp-content\/uploads\/2024\/07\/koonings-trouwjurk-demetrios-1182-bruidsmode-a_0.jpg.webp 919w\" sizes=\"(max-width: 724px) 100vw, 724px\" \/><\/figure>\n<\/div><\/div>\n\n\n\n<div class=\"ghostkit-col ghostkit-col-lg-12 ghostkit-col-4\"><div class=\"ghostkit-col-content is-layout-flow wp-block-ghostkit-grid-column-is-layout-flow\">\n<figure class=\"wp-block-image size-large\"><img decoding=\"async\" width=\"725\" height=\"1024\" src=\"https:\/\/www.koonings.com\/wp-content\/uploads\/2024\/07\/koonings-trouwjurk-demetrios-platinum-dp476-bruidsmode-a_0.jpg-725x1024.webp\" alt=\"Koonings Trouwjurk Demetrios Platinum DP476\" class=\"wp-image-1805\" style=\"aspect-ratio:3\/4;object-fit:cover\" srcset=\"https:\/\/www.koonings.com\/wp-content\/uploads\/2024\/07\/koonings-trouwjurk-demetrios-platinum-dp476-bruidsmode-a_0.jpg-725x1024.webp 725w, https:\/\/www.koonings.com\/wp-content\/uploads\/2024\/07\/koonings-trouwjurk-demetrios-platinum-dp476-bruidsmode-a_0.jpg-212x300.webp 212w, https:\/\/www.koonings.com\/wp-content\/uploads\/2024\/07\/koonings-trouwjurk-demetrios-platinum-dp476-bruidsmode-a_0.jpg-768x1085.webp 768w, https:\/\/www.koonings.com\/wp-content\/uploads\/2024\/07\/koonings-trouwjurk-demetrios-platinum-dp476-bruidsmode-a_0.jpg.webp 920w\" sizes=\"(max-width: 725px) 100vw, 725px\" \/><\/figure>\n<\/div><\/div>\n\n\n\n<div class=\"ghostkit-col ghostkit-col-lg-12 ghostkit-col-4\"><div class=\"ghostkit-col-content is-layout-flow wp-block-ghostkit-grid-column-is-layout-flow\">\n<figure class=\"wp-block-image size-large\"><img decoding=\"async\" width=\"725\" height=\"1024\" src=\"https:\/\/www.koonings.com\/wp-content\/uploads\/2024\/07\/koonings-trouwjurk-demetrios-platinum-dp479-bruidsmode-a_0.jpg-725x1024.webp\" alt=\"Koonings Trouwjurk Demetrios Platinum DP479\" class=\"wp-image-1809\" style=\"aspect-ratio:3\/4;object-fit:cover\" srcset=\"https:\/\/www.koonings.com\/wp-content\/uploads\/2024\/07\/koonings-trouwjurk-demetrios-platinum-dp479-bruidsmode-a_0.jpg-725x1024.webp 725w, https:\/\/www.koonings.com\/wp-content\/uploads\/2024\/07\/koonings-trouwjurk-demetrios-platinum-dp479-bruidsmode-a_0.jpg-212x300.webp 212w, https:\/\/www.koonings.com\/wp-content\/uploads\/2024\/07\/koonings-trouwjurk-demetrios-platinum-dp479-bruidsmode-a_0.jpg-768x1085.webp 768w, https:\/\/www.koonings.com\/wp-content\/uploads\/2024\/07\/koonings-trouwjurk-demetrios-platinum-dp479-bruidsmode-a_0.jpg.webp 920w\" sizes=\"(max-width: 725px) 100vw, 725px\" \/><\/figure>\n<\/div><\/div>\n<\/div><\/div>\n\n<\/div>\r\n            <\/div>\r\n        <\/div>\r\n    <\/div>\r\n\r\n<\/div>\r\n\r\n    \r\n\r\n<div class=\"eye-element fullwidth-row alignfull style-both bg--none  alignfull \" style=\" \">\r\n\r\n    <div class=\"container\">\r\n        <div class=\"row\">\r\n            <div class=\"col-12\">\r\n                <div class=\"acf-innerblocks-container\">\n\n<h2 class=\"wp-block-heading has-text-align-center\" id=\"ben-jij-een-demetrios-bruid\">Bist du eine Demetrios Braut?<\/h2>\n\n\n\r\n<div class=\"eye-element bsbutton text-center \" >\r\n\t        <a class=\"btn btn-primary\" href=\"https:\/\/www.koonings.com\/de\/braut\/hochzeitskleider\/\"\r\n           target=\"\">Sehen Sie sich die Kollektion von Demetrios an<\/a>\r\n\t<\/div>\n<\/div>\r\n            <\/div>\r\n        <\/div>\r\n    <\/div>\r\n\r\n<\/div>\r\n\r\n    ","protected":false},"excerpt":{"rendered":"","protected":false},"author":1,"featured_media":0,"parent":16027,"menu_order":0,"comment_status":"closed","ping_status":"closed","template":"","meta":{"_acf_changed":false,"ghostkit_customizer_options":"","ghostkit_custom_css":"","ghostkit_custom_js_head":"","ghostkit_custom_js_foot":"","ghostkit_typography":"","footnotes":""},"class_list":["post-16008","page","type-page","status-publish","hentry"],"acf":[],"yoast_head":"<!-- This site is optimized with the Yoast SEO plugin v27.3 - https:\/\/yoast.com\/product\/yoast-seo-wordpress\/ -->\n<title>Demetrios | Koonings<\/title>\n<meta name=\"robots\" content=\"index, follow, max-snippet:-1, max-image-preview:large, max-video-preview:-1\" \/>\n<link rel=\"canonical\" href=\"https:\/\/www.koonings.com\/de\/deurne\/showrooms\/demetrios\/\" \/>\n<meta property=\"og:locale\" content=\"de_DE\" \/>\n<meta property=\"og:type\" content=\"article\" \/>\n<meta property=\"og:title\" content=\"Demetrios | Koonings\" \/>\n<meta property=\"og:url\" content=\"https:\/\/www.koonings.com\/de\/deurne\/showrooms\/demetrios\/\" \/>\n<meta property=\"og:site_name\" content=\"Koonings\" \/>\n<meta property=\"article:publisher\" content=\"https:\/\/www.facebook.com\/kooningstheweddingpalace\" \/>\n<meta property=\"article:modified_time\" content=\"2024-08-15T07:46:00+00:00\" \/>\n<meta property=\"og:image\" content=\"https:\/\/www.koonings.com\/wp-content\/uploads\/2024\/07\/demetrios_5.jpg-708x1024.webp\" \/>\n<meta name=\"twitter:card\" content=\"summary_large_image\" \/>\n<meta name=\"twitter:label1\" content=\"Gesch\u00e4tzte Lesezeit\" \/>\n\t<meta name=\"twitter:data1\" content=\"1\u00a0Minute\" \/>\n<script type=\"application\/ld+json\" class=\"yoast-schema-graph\">{\"@context\":\"https:\\\/\\\/schema.org\",\"@graph\":[{\"@type\":\"WebPage\",\"@id\":\"https:\\\/\\\/www.koonings.com\\\/de\\\/deurne\\\/showrooms\\\/demetrios\\\/\",\"url\":\"https:\\\/\\\/www.koonings.com\\\/de\\\/deurne\\\/showrooms\\\/demetrios\\\/\",\"name\":\"Demetrios | Koonings\",\"isPartOf\":{\"@id\":\"https:\\\/\\\/www.koonings.com\\\/de\\\/#website\"},\"primaryImageOfPage\":{\"@id\":\"https:\\\/\\\/www.koonings.com\\\/de\\\/deurne\\\/showrooms\\\/demetrios\\\/#primaryimage\"},\"image\":{\"@id\":\"https:\\\/\\\/www.koonings.com\\\/de\\\/deurne\\\/showrooms\\\/demetrios\\\/#primaryimage\"},\"thumbnailUrl\":\"https:\\\/\\\/www.koonings.com\\\/wp-content\\\/uploads\\\/2024\\\/07\\\/demetrios_5.jpg-708x1024.webp\",\"datePublished\":\"2024-07-11T07:26:50+00:00\",\"dateModified\":\"2024-08-15T07:46:00+00:00\",\"breadcrumb\":{\"@id\":\"https:\\\/\\\/www.koonings.com\\\/de\\\/deurne\\\/showrooms\\\/demetrios\\\/#breadcrumb\"},\"inLanguage\":\"de\",\"potentialAction\":[{\"@type\":\"ReadAction\",\"target\":[\"https:\\\/\\\/www.koonings.com\\\/de\\\/deurne\\\/showrooms\\\/demetrios\\\/\"]}]},{\"@type\":\"ImageObject\",\"inLanguage\":\"de\",\"@id\":\"https:\\\/\\\/www.koonings.com\\\/de\\\/deurne\\\/showrooms\\\/demetrios\\\/#primaryimage\",\"url\":\"https:\\\/\\\/www.koonings.com\\\/wp-content\\\/uploads\\\/2024\\\/07\\\/demetrios_5.jpg-708x1024.webp\",\"contentUrl\":\"https:\\\/\\\/www.koonings.com\\\/wp-content\\\/uploads\\\/2024\\\/07\\\/demetrios_5.jpg-708x1024.webp\"},{\"@type\":\"BreadcrumbList\",\"@id\":\"https:\\\/\\\/www.koonings.com\\\/de\\\/deurne\\\/showrooms\\\/demetrios\\\/#breadcrumb\",\"itemListElement\":[{\"@type\":\"ListItem\",\"position\":1,\"name\":\"Home\",\"item\":\"https:\\\/\\\/www.koonings.com\\\/de\\\/\"},{\"@type\":\"ListItem\",\"position\":2,\"name\":\"Deurne\",\"item\":\"https:\\\/\\\/www.koonings.com\\\/de\\\/deurne\\\/\"},{\"@type\":\"ListItem\",\"position\":3,\"name\":\"Showrooms\",\"item\":\"https:\\\/\\\/www.koonings.com\\\/de\\\/deurne\\\/showrooms\\\/\"},{\"@type\":\"ListItem\",\"position\":4,\"name\":\"Demetrios\"}]},{\"@type\":\"WebSite\",\"@id\":\"https:\\\/\\\/www.koonings.com\\\/de\\\/#website\",\"url\":\"https:\\\/\\\/www.koonings.com\\\/de\\\/\",\"name\":\"Koonings\",\"description\":\"De grootste bruidsmodewinkel ter wereld\",\"publisher\":{\"@id\":\"https:\\\/\\\/www.koonings.com\\\/de\\\/#organization\"},\"potentialAction\":[{\"@type\":\"SearchAction\",\"target\":{\"@type\":\"EntryPoint\",\"urlTemplate\":\"https:\\\/\\\/www.koonings.com\\\/de\\\/?s={search_term_string}\"},\"query-input\":{\"@type\":\"PropertyValueSpecification\",\"valueRequired\":true,\"valueName\":\"search_term_string\"}}],\"inLanguage\":\"de\"},{\"@type\":\"Organization\",\"@id\":\"https:\\\/\\\/www.koonings.com\\\/de\\\/#organization\",\"name\":\"Koonings\",\"url\":\"https:\\\/\\\/www.koonings.com\\\/de\\\/\",\"logo\":{\"@type\":\"ImageObject\",\"inLanguage\":\"de\",\"@id\":\"https:\\\/\\\/www.koonings.com\\\/de\\\/#\\\/schema\\\/logo\\\/image\\\/\",\"url\":\"https:\\\/\\\/www.koonings.com\\\/wp-content\\\/uploads\\\/2024\\\/07\\\/logo.png\",\"contentUrl\":\"https:\\\/\\\/www.koonings.com\\\/wp-content\\\/uploads\\\/2024\\\/07\\\/logo.png\",\"width\":600,\"height\":428,\"caption\":\"Koonings\"},\"image\":{\"@id\":\"https:\\\/\\\/www.koonings.com\\\/de\\\/#\\\/schema\\\/logo\\\/image\\\/\"},\"sameAs\":[\"https:\\\/\\\/www.facebook.com\\\/kooningstheweddingpalace\",\"https:\\\/\\\/www.instagram.com\\\/kooningstheweddingpalace\",\"https:\\\/\\\/www.pinterest.com\\\/koonings\",\"https:\\\/\\\/www.youtube.com\\\/kooningstheweddingpalace\"]}]}<\/script>\n<!-- \/ Yoast SEO plugin. -->","yoast_head_json":{"title":"Demetrios | Koonings","robots":{"index":"index","follow":"follow","max-snippet":"max-snippet:-1","max-image-preview":"max-image-preview:large","max-video-preview":"max-video-preview:-1"},"canonical":"https:\/\/www.koonings.com\/de\/deurne\/showrooms\/demetrios\/","og_locale":"de_DE","og_type":"article","og_title":"Demetrios | Koonings","og_url":"https:\/\/www.koonings.com\/de\/deurne\/showrooms\/demetrios\/","og_site_name":"Koonings","article_publisher":"https:\/\/www.facebook.com\/kooningstheweddingpalace","article_modified_time":"2024-08-15T07:46:00+00:00","og_image":[{"url":"https:\/\/www.koonings.com\/wp-content\/uploads\/2024\/07\/demetrios_5.jpg-708x1024.webp","type":"","width":"","height":""}],"twitter_card":"summary_large_image","twitter_misc":{"Gesch\u00e4tzte Lesezeit":"1\u00a0Minute"},"schema":{"@context":"https:\/\/schema.org","@graph":[{"@type":"WebPage","@id":"https:\/\/www.koonings.com\/de\/deurne\/showrooms\/demetrios\/","url":"https:\/\/www.koonings.com\/de\/deurne\/showrooms\/demetrios\/","name":"Demetrios | Koonings","isPartOf":{"@id":"https:\/\/www.koonings.com\/de\/#website"},"primaryImageOfPage":{"@id":"https:\/\/www.koonings.com\/de\/deurne\/showrooms\/demetrios\/#primaryimage"},"image":{"@id":"https:\/\/www.koonings.com\/de\/deurne\/showrooms\/demetrios\/#primaryimage"},"thumbnailUrl":"https:\/\/www.koonings.com\/wp-content\/uploads\/2024\/07\/demetrios_5.jpg-708x1024.webp","datePublished":"2024-07-11T07:26:50+00:00","dateModified":"2024-08-15T07:46:00+00:00","breadcrumb":{"@id":"https:\/\/www.koonings.com\/de\/deurne\/showrooms\/demetrios\/#breadcrumb"},"inLanguage":"de","potentialAction":[{"@type":"ReadAction","target":["https:\/\/www.koonings.com\/de\/deurne\/showrooms\/demetrios\/"]}]},{"@type":"ImageObject","inLanguage":"de","@id":"https:\/\/www.koonings.com\/de\/deurne\/showrooms\/demetrios\/#primaryimage","url":"https:\/\/www.koonings.com\/wp-content\/uploads\/2024\/07\/demetrios_5.jpg-708x1024.webp","contentUrl":"https:\/\/www.koonings.com\/wp-content\/uploads\/2024\/07\/demetrios_5.jpg-708x1024.webp"},{"@type":"BreadcrumbList","@id":"https:\/\/www.koonings.com\/de\/deurne\/showrooms\/demetrios\/#breadcrumb","itemListElement":[{"@type":"ListItem","position":1,"name":"Home","item":"https:\/\/www.koonings.com\/de\/"},{"@type":"ListItem","position":2,"name":"Deurne","item":"https:\/\/www.koonings.com\/de\/deurne\/"},{"@type":"ListItem","position":3,"name":"Showrooms","item":"https:\/\/www.koonings.com\/de\/deurne\/showrooms\/"},{"@type":"ListItem","position":4,"name":"Demetrios"}]},{"@type":"WebSite","@id":"https:\/\/www.koonings.com\/de\/#website","url":"https:\/\/www.koonings.com\/de\/","name":"Koonings","description":"De grootste bruidsmodewinkel ter wereld","publisher":{"@id":"https:\/\/www.koonings.com\/de\/#organization"},"potentialAction":[{"@type":"SearchAction","target":{"@type":"EntryPoint","urlTemplate":"https:\/\/www.koonings.com\/de\/?s={search_term_string}"},"query-input":{"@type":"PropertyValueSpecification","valueRequired":true,"valueName":"search_term_string"}}],"inLanguage":"de"},{"@type":"Organization","@id":"https:\/\/www.koonings.com\/de\/#organization","name":"Koonings","url":"https:\/\/www.koonings.com\/de\/","logo":{"@type":"ImageObject","inLanguage":"de","@id":"https:\/\/www.koonings.com\/de\/#\/schema\/logo\/image\/","url":"https:\/\/www.koonings.com\/wp-content\/uploads\/2024\/07\/logo.png","contentUrl":"https:\/\/www.koonings.com\/wp-content\/uploads\/2024\/07\/logo.png","width":600,"height":428,"caption":"Koonings"},"image":{"@id":"https:\/\/www.koonings.com\/de\/#\/schema\/logo\/image\/"},"sameAs":["https:\/\/www.facebook.com\/kooningstheweddingpalace","https:\/\/www.instagram.com\/kooningstheweddingpalace","https:\/\/www.pinterest.com\/koonings","https:\/\/www.youtube.com\/kooningstheweddingpalace"]}]}},"_links":{"self":[{"href":"https:\/\/www.koonings.com\/de\/wp-json\/wp\/v2\/pages\/16008","targetHints":{"allow":["GET"]}}],"collection":[{"href":"https:\/\/www.koonings.com\/de\/wp-json\/wp\/v2\/pages"}],"about":[{"href":"https:\/\/www.koonings.com\/de\/wp-json\/wp\/v2\/types\/page"}],"author":[{"embeddable":true,"href":"https:\/\/www.koonings.com\/de\/wp-json\/wp\/v2\/users\/1"}],"replies":[{"embeddable":true,"href":"https:\/\/www.koonings.com\/de\/wp-json\/wp\/v2\/comments?post=16008"}],"version-history":[{"count":2,"href":"https:\/\/www.koonings.com\/de\/wp-json\/wp\/v2\/pages\/16008\/revisions"}],"predecessor-version":[{"id":23013,"href":"https:\/\/www.koonings.com\/de\/wp-json\/wp\/v2\/pages\/16008\/revisions\/23013"}],"up":[{"embeddable":true,"href":"https:\/\/www.koonings.com\/de\/wp-json\/wp\/v2\/pages\/16027"}],"wp:attachment":[{"href":"https:\/\/www.koonings.com\/de\/wp-json\/wp\/v2\/media?parent=16008"}],"curies":[{"name":"wp","href":"https:\/\/api.w.org\/{rel}","templated":true}]}}