{"id":16003,"date":"2024-06-26T16:58:16","date_gmt":"2024-06-26T14:58:16","guid":{"rendered":"https:\/\/www.koonings.com\/braut\/hochzeitskleider\/"},"modified":"2026-02-06T10:45:53","modified_gmt":"2026-02-06T09:45:53","slug":"hochzeitskleider","status":"publish","type":"page","link":"https:\/\/www.koonings.com\/de\/braut\/hochzeitskleider\/","title":{"rendered":"Hochzeitskleider"},"content":{"rendered":"\r\n\r\n<div class=\"eye-element fullwidth-row alignfull style-both bg--none  alignfull \" style=\" \">\r\n\r\n    <div class=\"container\">\r\n        <div class=\"row\">\r\n            <div class=\"col-12\">\r\n                <div class=\"acf-innerblocks-container\">\n\n<h1 class=\"wp-block-heading\" id=\"trouwjurken\">Hochzeitskleider<\/h1>\n\n\n\n<p>Entdecken Sie jetzt die atemberaubende Kollektion. Mit +4.500 Brautkleidern finden Sie eine gro\u00dfe Auswahl an Kleidern in allen Stilen und Gr\u00f6\u00dfen. Sie k\u00f6nnen Ihr Traumkleid schon ab \u20ac 1495 finden. Auf dieser Seite finden Sie nur einen Hinweis auf das Sortiment, also schauen Sie vorbei und verpassen Sie nicht Ihr Traumkleid!   <\/p>\n\n\n\n<p>Suchen Sie nach Inspiration f\u00fcr Ihr Hochzeitskleid? <a href=\"https:\/\/www.koonings.com\/de\/moodboard-erstellen\/\">Erstellen Sie Ihr Moodboard<\/a> und entdecken Sie Ihren perfekten Look!<\/p>\n\n\n\r\n<section class=\"eye-block productsindex\">\r\n\r\n    \r\n        <h2 style=\"text-align: center\">PRODUCTOVERZICHT<\/h2>\r\n\r\n    \r\n<\/section>\r\n\r\n\r\n\r\n<section class=\"product_filter_text\">\r\n    <\/section>\n<\/div>\r\n            <\/div>\r\n        <\/div>\r\n    <\/div>\r\n\r\n<\/div>\r\n\r\n    \r\n\r\n<div class=\"eye-element fullwidth-row alignfull style-both bg--none  alignfull \" style=\" \">\r\n\r\n    <div class=\"container\">\r\n        <div class=\"row\">\r\n            <div class=\"col-12\">\r\n                <div class=\"acf-innerblocks-container\">\n\n<h2 class=\"wp-block-heading\" id=\"vind-de-trouwjurk-van-jouw-dromen-bij-koonings\">Finden Sie Ihr Traumhochzeitskleid bei Koonings<\/h2>\n\n\n\n<p>Der Moment ist gekommen, Sie werden heiraten! Und nat\u00fcrlich f\u00e4ngt der Spa\u00df schon bei der Auswahl des Hochzeitskleides an. Vielleicht wissen Sie schon genau, was f\u00fcr ein Hochzeitskleid Sie kaufen m\u00f6chten, oder vielleicht sind Sie jemand, der sich noch alle Optionen f\u00fcr Ihren &#8216;Say Yes&#8217;-Moment offen h\u00e4lt. In jedem Fall sind wir f\u00fcr Sie da.     <\/p>\n\n\n\n<p>Tauchen Sie ein in die magische Welt der Brautkleider. Ein Einkaufserlebnis, das Sie nirgendwo sonst auf der Welt erleben werden. Entdecken Sie die riesige Kollektion, in der Sie garantiert Ihr Traumkleid finden werden.    <\/p>\n\n\n\n<p>Bei einem Besuch in unserem Brautmodengesch\u00e4ft wird einer unserer erfahrenen Stylisten Sie begleiten und die Suche nach dem sch\u00f6nsten Brautkleid zu einem Erlebnis machen. Wir nehmen uns viel Zeit, um Sie kennenzulernen und herauszufinden, welcher Stil von Brautkleidern am besten zu Ihnen als Person und Ihrer Figur passt. <\/p>\n\n\n\n<h2 class=\"wp-block-heading\" id=\"trouwjurken-van-topmerken-ontdek-de-uitgebreide-collectie-bruidsjurken\"><strong>Hochzeitskleider von Topmarken: Entdecken Sie die vielf\u00e4ltigen Kollektionen<\/strong><\/h2>\n\n\n\n<p>In unseren speziell eingerichteten und attraktiven Showrooms k\u00f6nnen Sie sich von Marken wie <a href=\"https:\/\/www.koonings.com\/de\/braut\/hochzeitskleider\/?supplier=ladybird\">Ladybird<\/a>, <a href=\"https:\/\/www.koonings.com\/de\/braut\/hochzeitskleider\/?supplier=enzoani\">Enzoani<\/a>, <a href=\"https:\/\/www.koonings.com\/de\/braut\/hochzeitskleider\/?supplier=demetrios\">Demetrios<\/a>, <a href=\"https:\/\/www.koonings.com\/de\/braut\/hochzeitskleider\/?supplier=viktor-rolf\">Viktor Rolf<\/a>, <a href=\"https:\/\/www.koonings.com\/de\/braut\/hochzeitskleider\/?supplier=marylise\">Rembo Styling<\/a>, <a href=\"https:\/\/www.koonings.com\/de\/braut\/hochzeitskleider\/?supplier=marylise\">Marylise<\/a>, <a href=\"https:\/\/www.koonings.com\/de\/braut\/hochzeitskleider\/?supplier=modeca\">Modeca<\/a>, <a href=\"https:\/\/www.koonings.com\/de\/braut\/hochzeitskleider\/?supplier=nicole-milano\">Nicole<\/a>, <a href=\"https:\/\/www.koonings.com\/de\/braut\/hochzeitskleider\/?supplier=muse-by-berta\">Berta<\/a>, <a href=\"https:\/\/www.koonings.com\/de\/braut\/hochzeitskleider\/?supplier=pronovias-fashion-group\">Jesus Peiro<\/a> und <a href=\"https:\/\/www.koonings.com\/de\/braut\/hochzeitskleider\/?supplier=pronovias\">Pronovias<\/a> inspirieren lassen. Finden Sie Ihren pers\u00f6nlichen Stil w\u00e4hrend Ihres Termins bei uns in unserer Kollektion mit mehr als 75 Labels und einer gro\u00dfen Auswahl an Silhouetten, Designs und Stoffen &#8211; Budget flexibel. W\u00e4hrend Ihre Entourage neugierig wartet, widmen wir uns ausschlie\u00dflich Ihnen und helfen Ihnen dabei, die sch\u00f6nsten Kleider zu finden und anzuprobieren. <br\/><br\/>Suchen Sie zum Beispiel ein klassisches Hochzeitskleid oder eher ein modernes Hochzeitskleid? Bei Koonings finden Sie alle Stile. Von A-Linie bis Boho, von Vintage bis bunt oder von sexy Brautkleidern bis zu zweiteiligen Brautkleidern.    <\/p>\n\n\n\n<p>Und Sie haben noch keine Idee? Ihr pers\u00f6nlicher Stylist hilft Ihnen, das perfekte Hochzeitskleid zu finden und anzuprobieren. <br\/> <\/p>\n\n\n\n<h2 class=\"wp-block-heading\" id=\"ontwerp-je-eigen-unieke-bruidsjurk-met-ramona\">Entwerfen Sie Ihr eigenes einzigartiges Brautkleid mit Ramona<\/h2>\n\n\n\n<p>Als Team haben wir gro\u00dfe Freude daran, Br\u00e4ute aus der ganzen Welt zu betreuen. Und mit \u00fcber 50 Jahren Erfahrung haben wir das Wissen und die F\u00e4higkeiten, um jedem zum Erfolg zu verhelfen. Als das gr\u00f6\u00dfte Brautmodengesch\u00e4ft der Welt sind die M\u00f6glichkeiten beispiellos. Unsere ausgebildeten Stylisten arbeiten hart daran, das perfekte Hochzeitskleid f\u00fcr Sie zu finden.     <\/p>\n\n\n\n<p>Tr\u00e4umen Sie davon, Ihr eigenes Hochzeitskleid zu entwerfen? Auch das ist bei Koonings m\u00f6glich. Gemeinsam mit Ramona entwerfen Sie Ihr einzigartiges, unverwechselbares Hochzeitskleid.    <\/p>\n\n\n\n<h2 class=\"wp-block-heading\" id=\"hoe-kies-je-de-perfecte-bruidsjurk-die-bij-jou-past\">Wie Sie das perfekte Hochzeitskleid finden, das zu Ihnen passt?<\/h2>\n\n\n\n<p>Der sch\u00f6nste Tag in Ihrem Leben verdient das sch\u00f6nste Kleid, in dem Sie Selbstvertrauen ausstrahlen und sich sch\u00f6n f\u00fchlen. Aber wie w\u00e4hlen Sie das perfekte Hochzeitskleid aus? <\/p>\n\n\n\n<ul class=\"wp-block-list\">\n<li><strong>Beginnen Sie rechtzeitig:<\/strong> Beginnen Sie Ihre Suche nach einem Hochzeitskleid lange im Voraus, am besten 9 bis 12 Monate vor Ihrem Hochzeitstermin. So haben Sie gen\u00fcgend Zeit f\u00fcr Anpassungen und eventuelle \u00c4nderungen des Kleides. <\/li>\n\n\n\n<li><strong>Erstellen Sie ein Moodboard: <\/strong>Auf unserer Website k\u00f6nnen Sie bereits durch eine gro\u00dfe Anzahl von Brautkleidern bl\u00e4ttern. Speichern Sie diese und bringen Sie sie zu Ihrem Termin mit. Auf diese Weise geben Sie unserer Stylistin bereits eine gute Vorstellung davon, was Sie suchen.  <\/li>\n\n\n\n<li><strong>Legen Sie Ihr Budget fest<\/strong>: Setzen Sie sich ein realistisches Budget f\u00fcr Ihr Hochzeitskleid inklusive Accessoires wie Schuhen, Schleier, Schmuck und Anpassungen am Kleid.<\/li>\n\n\n\n<li><strong>Bleiben Sie aufgeschlossen:<\/strong> Probieren Sie verschiedene Kleider aus, auch wenn sie nicht Ihren urspr\u00fcnglichen Vorstellungen entsprechen. Manchmal \u00fcberrascht Sie ein Kleid und passt perfekt. <\/li>\n\n\n\n<li><strong>Lassen Sie sich durch Profis helfen<\/strong>: Unsere erfahrenen Brautstylist haben tiefgehende Erfahrung, kennen unsere Kollektion auswendig und k\u00f6nnen Ihnen helfen, den Stil und die Passform zu finden, die am besten zu Ihnen passen.<\/li>\n<\/ul>\n\n\n\n<h3 class=\"wp-block-heading\" id=\"onze-bruidsjurkexperts-maak-kennis-met-onze-ervaren-stylistes\">Unsere Brautexperten: Lernen Sie unsere erfahrenen Stylisten kennen<\/h3>\n\n\n\n<p>Auch wenn Sie bereits genau wissen, was Sie wollen, k\u00f6nnen Sie bei <strong>\u00fcber 4.000 Brautkleidern<\/strong> unter einem Dach die Hilfe unserer Stylisten in Anspruch nehmen. Unsere erfahrenen Stylisten wissen genau, welche Kleider f\u00fcr Ihren K\u00f6rperbau, Ihre Stilvorlieben und Ihr Budget am besten geeignet sind. Mit ihrem umfassenden Wissen \u00fcber Brautkleider, ihrem frischen Blick und ihrem Einblick in die neuesten Trends und zeitlosen Designs finden sie mit Sicherheit Ihr perfektes Hochzeitskleid.  <\/p>\n\n\n\n<h2 class=\"wp-block-heading\" id=\"jouw-say-yes-moment-de-zoektocht-naar-de-perfecte-trouwjurk\">Ihr &#8216;Say Yes&#8217; Moment: Die Suche nach dem perfekten Brautkleid<\/h2>\n\n\n\n<p>M\u00f6chten Sie auch einen echten &#8220;Sag Ja&#8221;-Moment erleben? Dann machen Sie die Suche nach Ihrem Hochzeitskleid zu etwas noch Besonderem! <strong>Erleben Sie Ihren Traum als echter VIP<\/strong>. Mit einem privaten Anproberaum, einem eigenen Laufsteg, einer Champagnerbar und k\u00f6stlichen Snacks werden Sie und Ihre Entourage unvergessliche Momente schaffen.  <br\/><br\/>In Ihrem eigenen VIP-Raum genie\u00dfen Sie den ganzen Luxus, w\u00e4hrend Sie zusammen mit Ihrem privaten Stylisten nach dem Brautkleid Ihrer Tr\u00e4ume suchen. Im Vorfeld des sch\u00f6nsten Tages Ihres Lebens werden Sie sich doch nicht mit weniger zufrieden geben, oder?   <\/p>\n\n\n\r\n<div class=\"eye-element bsbutton text-start \" >\r\n\t        <a class=\"btn btn-gold\" href=\"Termin machen | Koonings\"\r\n           target=\"\">Vereinbaren Sie Ihren VIP-Termin<\/a>\r\n\t<\/div>\n\n\n<h2 class=\"wp-block-heading\" id=\"vind-voor-iedereen-een-outfit\">F\u00fcr jeden das passende Outfit<\/h2>\n\n\n\n<p>M\u00f6chten Sie, dass Ihr zuk\u00fcnftiger Anzug perfekt zu Ihrem Hochzeitskleid passt? Unsere Stylisten sorgen daf\u00fcr, dass Sie und Ihre zuk\u00fcnftige Braut perfekt zusammenpassen, ohne dass Sie bereits das Hochzeitsoutfit des anderen gesehen haben. Der Stylist wird gerne die zus\u00e4tzlichen Meter hoch und runter laufen, um sicherzustellen, dass Sie beide in Ihrem eigenen Stil, aber passend zueinander, vor den Altar treten.  <\/p>\n\n\n\n<p>Auch Ihre Brautjungfern sind bei uns an der richtigen Adresse. Was gibt es Sch\u00f6neres, als Ihr Grande Entr\u00e9e als Braut mit einer Brautjungfer zu machen? Sie schreitet vor Ihnen zum Altar und tr\u00e4gt ein Kleid im gleichen Stil oder in der gleichen Farbe wie Ihr Hochzeitskleid.  <\/p>\n\n\n\n<h2 class=\"wp-block-heading\" id=\"word-volledig-ontzorgd-met-alles-onder-1-dak\">Alles unter einem Dach.<\/h2>\n\n\n\n<p>Einer der wichtigsten Teile Ihres Hochzeitslooks ist eine <strong>sch\u00f6ne Brautfrisur und ein makelloses Braut-Make-up<\/strong>. Und was k\u00f6nnte besser sein, als Ihr Aussehen direkt auf Ihr Hochzeitskleid abzustimmen? Das Team von Visagisten und Friseuren bei Koonings Beauty &amp; Hair m\u00f6chte Sie bei Ihrer Hochzeit zum Strahlen bringen. Und an Ihrem Hochzeitstag kommen wir gerne zu Ihnen, damit wir Sie in aller Ruhe auf den Tag Ihrer Tr\u00e4ume vorbereiten k\u00f6nnen.     <\/p>\n\n\n\n<p>Ihr Hochzeitstag ist der Moment, auf den Sie immer mit Liebe und Stolz zur\u00fcckblicken m\u00f6chten. Die Wahl Ihres perfekten Hochzeitskleides ist eine einzigartige Erfahrung. Sie wollen auch sicherstellen, dass Sie keine Gelegenheit verpasst haben, richtig? Sorgen Sie daf\u00fcr, dass Sie in einem Hochzeitskleid gl\u00e4nzen, das Ihre Pers\u00f6nlichkeit widerspiegelt und die sch\u00f6nste Version Ihrer selbst zeigt. Lassen Sie sich diese Gelegenheit nicht entgehen und vereinbaren Sie noch heute Ihren Termin!    <\/p>\n\n\n\r\n<div class=\"eye-element bsbutton text-start \" >\r\n\t        <a class=\"btn btn-gold\" href=\"Termin machen | Koonings\"\r\n           target=\"\">Vereinbare jetzt deinen Termin<\/a>\r\n\t<\/div>\n<\/div>\r\n            <\/div>\r\n        <\/div>\r\n    <\/div>\r\n\r\n<\/div>\r\n\r\n    ","protected":false},"excerpt":{"rendered":"","protected":false},"author":1,"featured_media":0,"parent":15649,"menu_order":0,"comment_status":"closed","ping_status":"closed","template":"","meta":{"_acf_changed":false,"ghostkit_customizer_options":"","ghostkit_custom_css":"","ghostkit_custom_js_head":"","ghostkit_custom_js_foot":"","ghostkit_typography":"","footnotes":""},"class_list":["post-16003","page","type-page","status-publish","hentry"],"acf":[],"yoast_head":"<!-- This site is optimized with the Yoast SEO plugin v27.3 - https:\/\/yoast.com\/product\/yoast-seo-wordpress\/ -->\n<title>Hochzeitskleider | Koonings<\/title>\n<meta name=\"robots\" content=\"index, follow, max-snippet:-1, max-image-preview:large, max-video-preview:-1\" \/>\n<link rel=\"canonical\" href=\"https:\/\/www.koonings.com\/de\/braut\/hochzeitskleider\/\" \/>\n<meta property=\"og:locale\" content=\"de_DE\" \/>\n<meta property=\"og:type\" content=\"article\" \/>\n<meta property=\"og:title\" content=\"Hochzeitskleider | Koonings\" \/>\n<meta property=\"og:url\" content=\"https:\/\/www.koonings.com\/de\/braut\/hochzeitskleider\/\" \/>\n<meta property=\"og:site_name\" content=\"Koonings\" \/>\n<meta property=\"article:publisher\" content=\"https:\/\/www.facebook.com\/kooningstheweddingpalace\" \/>\n<meta property=\"article:modified_time\" content=\"2026-02-06T09:45:53+00:00\" \/>\n<meta property=\"og:image\" content=\"https:\/\/www.koonings.com\/wp-content\/uploads\/2024\/06\/palace-hero-screenshot-1024x575.png\" \/>\n\t<meta property=\"og:image:width\" content=\"1024\" \/>\n\t<meta property=\"og:image:height\" content=\"575\" \/>\n\t<meta property=\"og:image:type\" content=\"image\/png\" \/>\n<meta name=\"twitter:card\" content=\"summary_large_image\" \/>\n<meta name=\"twitter:label1\" content=\"Gesch\u00e4tzte Lesezeit\" \/>\n\t<meta name=\"twitter:data1\" content=\"6\u00a0Minuten\" \/>\n<script type=\"application\/ld+json\" class=\"yoast-schema-graph\">{\"@context\":\"https:\\\/\\\/schema.org\",\"@graph\":[{\"@type\":\"WebPage\",\"@id\":\"https:\\\/\\\/www.koonings.com\\\/de\\\/braut\\\/hochzeitskleider\\\/\",\"url\":\"https:\\\/\\\/www.koonings.com\\\/de\\\/braut\\\/hochzeitskleider\\\/\",\"name\":\"Hochzeitskleider | Koonings\",\"isPartOf\":{\"@id\":\"https:\\\/\\\/www.koonings.com\\\/de\\\/#website\"},\"datePublished\":\"2024-06-26T14:58:16+00:00\",\"dateModified\":\"2026-02-06T09:45:53+00:00\",\"breadcrumb\":{\"@id\":\"https:\\\/\\\/www.koonings.com\\\/de\\\/braut\\\/hochzeitskleider\\\/#breadcrumb\"},\"inLanguage\":\"de\",\"potentialAction\":[{\"@type\":\"ReadAction\",\"target\":[\"https:\\\/\\\/www.koonings.com\\\/de\\\/braut\\\/hochzeitskleider\\\/\"]}]},{\"@type\":\"BreadcrumbList\",\"@id\":\"https:\\\/\\\/www.koonings.com\\\/de\\\/braut\\\/hochzeitskleider\\\/#breadcrumb\",\"itemListElement\":[{\"@type\":\"ListItem\",\"position\":1,\"name\":\"Home\",\"item\":\"https:\\\/\\\/www.koonings.com\\\/de\\\/\"},{\"@type\":\"ListItem\",\"position\":2,\"name\":\"Braut\",\"item\":\"https:\\\/\\\/www.koonings.com\\\/de\\\/braut\\\/\"},{\"@type\":\"ListItem\",\"position\":3,\"name\":\"Hochzeitskleider\"}]},{\"@type\":\"WebSite\",\"@id\":\"https:\\\/\\\/www.koonings.com\\\/de\\\/#website\",\"url\":\"https:\\\/\\\/www.koonings.com\\\/de\\\/\",\"name\":\"Koonings\",\"description\":\"De grootste bruidsmodewinkel ter wereld\",\"publisher\":{\"@id\":\"https:\\\/\\\/www.koonings.com\\\/de\\\/#organization\"},\"potentialAction\":[{\"@type\":\"SearchAction\",\"target\":{\"@type\":\"EntryPoint\",\"urlTemplate\":\"https:\\\/\\\/www.koonings.com\\\/de\\\/?s={search_term_string}\"},\"query-input\":{\"@type\":\"PropertyValueSpecification\",\"valueRequired\":true,\"valueName\":\"search_term_string\"}}],\"inLanguage\":\"de\"},{\"@type\":\"Organization\",\"@id\":\"https:\\\/\\\/www.koonings.com\\\/de\\\/#organization\",\"name\":\"Koonings\",\"url\":\"https:\\\/\\\/www.koonings.com\\\/de\\\/\",\"logo\":{\"@type\":\"ImageObject\",\"inLanguage\":\"de\",\"@id\":\"https:\\\/\\\/www.koonings.com\\\/de\\\/#\\\/schema\\\/logo\\\/image\\\/\",\"url\":\"https:\\\/\\\/www.koonings.com\\\/wp-content\\\/uploads\\\/2024\\\/07\\\/logo.png\",\"contentUrl\":\"https:\\\/\\\/www.koonings.com\\\/wp-content\\\/uploads\\\/2024\\\/07\\\/logo.png\",\"width\":600,\"height\":428,\"caption\":\"Koonings\"},\"image\":{\"@id\":\"https:\\\/\\\/www.koonings.com\\\/de\\\/#\\\/schema\\\/logo\\\/image\\\/\"},\"sameAs\":[\"https:\\\/\\\/www.facebook.com\\\/kooningstheweddingpalace\",\"https:\\\/\\\/www.instagram.com\\\/kooningstheweddingpalace\",\"https:\\\/\\\/www.pinterest.com\\\/koonings\",\"https:\\\/\\\/www.youtube.com\\\/kooningstheweddingpalace\"]}]}<\/script>\n<!-- \/ Yoast SEO plugin. -->","yoast_head_json":{"title":"Hochzeitskleider | Koonings","robots":{"index":"index","follow":"follow","max-snippet":"max-snippet:-1","max-image-preview":"max-image-preview:large","max-video-preview":"max-video-preview:-1"},"canonical":"https:\/\/www.koonings.com\/de\/braut\/hochzeitskleider\/","og_locale":"de_DE","og_type":"article","og_title":"Hochzeitskleider | Koonings","og_url":"https:\/\/www.koonings.com\/de\/braut\/hochzeitskleider\/","og_site_name":"Koonings","article_publisher":"https:\/\/www.facebook.com\/kooningstheweddingpalace","article_modified_time":"2026-02-06T09:45:53+00:00","og_image":[{"width":1024,"height":575,"url":"https:\/\/www.koonings.com\/wp-content\/uploads\/2024\/06\/palace-hero-screenshot-1024x575.png","type":"image\/png"}],"twitter_card":"summary_large_image","twitter_misc":{"Gesch\u00e4tzte Lesezeit":"6\u00a0Minuten"},"schema":{"@context":"https:\/\/schema.org","@graph":[{"@type":"WebPage","@id":"https:\/\/www.koonings.com\/de\/braut\/hochzeitskleider\/","url":"https:\/\/www.koonings.com\/de\/braut\/hochzeitskleider\/","name":"Hochzeitskleider | Koonings","isPartOf":{"@id":"https:\/\/www.koonings.com\/de\/#website"},"datePublished":"2024-06-26T14:58:16+00:00","dateModified":"2026-02-06T09:45:53+00:00","breadcrumb":{"@id":"https:\/\/www.koonings.com\/de\/braut\/hochzeitskleider\/#breadcrumb"},"inLanguage":"de","potentialAction":[{"@type":"ReadAction","target":["https:\/\/www.koonings.com\/de\/braut\/hochzeitskleider\/"]}]},{"@type":"BreadcrumbList","@id":"https:\/\/www.koonings.com\/de\/braut\/hochzeitskleider\/#breadcrumb","itemListElement":[{"@type":"ListItem","position":1,"name":"Home","item":"https:\/\/www.koonings.com\/de\/"},{"@type":"ListItem","position":2,"name":"Braut","item":"https:\/\/www.koonings.com\/de\/braut\/"},{"@type":"ListItem","position":3,"name":"Hochzeitskleider"}]},{"@type":"WebSite","@id":"https:\/\/www.koonings.com\/de\/#website","url":"https:\/\/www.koonings.com\/de\/","name":"Koonings","description":"De grootste bruidsmodewinkel ter wereld","publisher":{"@id":"https:\/\/www.koonings.com\/de\/#organization"},"potentialAction":[{"@type":"SearchAction","target":{"@type":"EntryPoint","urlTemplate":"https:\/\/www.koonings.com\/de\/?s={search_term_string}"},"query-input":{"@type":"PropertyValueSpecification","valueRequired":true,"valueName":"search_term_string"}}],"inLanguage":"de"},{"@type":"Organization","@id":"https:\/\/www.koonings.com\/de\/#organization","name":"Koonings","url":"https:\/\/www.koonings.com\/de\/","logo":{"@type":"ImageObject","inLanguage":"de","@id":"https:\/\/www.koonings.com\/de\/#\/schema\/logo\/image\/","url":"https:\/\/www.koonings.com\/wp-content\/uploads\/2024\/07\/logo.png","contentUrl":"https:\/\/www.koonings.com\/wp-content\/uploads\/2024\/07\/logo.png","width":600,"height":428,"caption":"Koonings"},"image":{"@id":"https:\/\/www.koonings.com\/de\/#\/schema\/logo\/image\/"},"sameAs":["https:\/\/www.facebook.com\/kooningstheweddingpalace","https:\/\/www.instagram.com\/kooningstheweddingpalace","https:\/\/www.pinterest.com\/koonings","https:\/\/www.youtube.com\/kooningstheweddingpalace"]}]}},"_links":{"self":[{"href":"https:\/\/www.koonings.com\/de\/wp-json\/wp\/v2\/pages\/16003","targetHints":{"allow":["GET"]}}],"collection":[{"href":"https:\/\/www.koonings.com\/de\/wp-json\/wp\/v2\/pages"}],"about":[{"href":"https:\/\/www.koonings.com\/de\/wp-json\/wp\/v2\/types\/page"}],"author":[{"embeddable":true,"href":"https:\/\/www.koonings.com\/de\/wp-json\/wp\/v2\/users\/1"}],"replies":[{"embeddable":true,"href":"https:\/\/www.koonings.com\/de\/wp-json\/wp\/v2\/comments?post=16003"}],"version-history":[{"count":5,"href":"https:\/\/www.koonings.com\/de\/wp-json\/wp\/v2\/pages\/16003\/revisions"}],"predecessor-version":[{"id":107370,"href":"https:\/\/www.koonings.com\/de\/wp-json\/wp\/v2\/pages\/16003\/revisions\/107370"}],"up":[{"embeddable":true,"href":"https:\/\/www.koonings.com\/de\/wp-json\/wp\/v2\/pages\/15649"}],"wp:attachment":[{"href":"https:\/\/www.koonings.com\/de\/wp-json\/wp\/v2\/media?parent=16003"}],"curies":[{"name":"wp","href":"https:\/\/api.w.org\/{rel}","templated":true}]}}