{"id":15987,"date":"2024-07-11T15:16:24","date_gmt":"2024-07-11T13:16:24","guid":{"rendered":"https:\/\/www.koonings.com\/deurne\/beauty\/gents-kids\/"},"modified":"2026-02-10T11:58:47","modified_gmt":"2026-02-10T10:58:47","slug":"gents-kids","status":"publish","type":"page","link":"https:\/\/www.koonings.com\/de\/deurne\/beauty\/gents-kids\/","title":{"rendered":"Gents Kids"},"content":{"rendered":"\n<script src=\"https:\/\/widget.salonhub.nl\/a\/i.js\"><\/script>\n\r\n\r\n<div class=\"eye-element fullwidth-row alignfull style-both bg--none  alignfull \" style=\" \">\r\n\r\n    <div class=\"container\">\r\n        <div class=\"row\">\r\n            <div class=\"col-12\">\r\n                <div class=\"acf-innerblocks-container\">\n\n<h1 class=\"wp-block-heading has-text-align-center\" id=\"gents-kids\">Gents Kids<\/h1>\n\n<\/div>\r\n            <\/div>\r\n        <\/div>\r\n    <\/div>\r\n\r\n<\/div>\r\n\r\n    \r\n<div class=\"eye-block onpagenav  pull-up\">\r\n    <div class=\"container-fluid p-sm-0\">\r\n        <nav id=\"onpage-nav\" class=\"navbar navbar-expand text-center\" aria-label=\"Inhoudsopgave\">\r\n            <div class=\" justify-content-center\" id=\"navbarSupportedContent\">\r\n                <ul class=\"nav navbar-nav\">\r\n                    <li class=\"nav-item single-hint d-none\" style=\"pointer-events: none;\">\r\n                        <a class=\"nav-link\" href=\"javascript:void()\">Inhaltsverzeichnis<\/a>\r\n                    <\/li>\r\n                                            <li class=\"nav-item\">\r\n                            <a class=\"nav-link\" href=\"#gents-section\">Gents<\/a>\r\n                        <\/li>\r\n                                            <li class=\"nav-item\">\r\n                            <a class=\"nav-link\" href=\"#kids-section\">Kids<\/a>\r\n                        <\/li>\r\n                                    <\/ul>\r\n            <\/div>\r\n            <div class=\"dropdown\">\r\n                <a class=\"dropdown-toggle btn btn-primary\" id=\"dropdownMenuButton\" data-bs-toggle=\"dropdown\" aria-haspopup=\"true\" aria-expanded=\"false\">\r\n                    <i class=\"fa-solid fa-chevron-down\"><\/i>\r\n                <\/a>\r\n                <div class=\"dropdown-menu dropdown-menu-right\" aria-labelledby=\"dropdownMenuButton\">\r\n                <\/div>\r\n            <\/div>\r\n        <\/nav>\r\n    <\/div>\r\n<\/div>\r\n\r\n<div class=\"eye-element fullwidth-row alignfull faux-bg--lightgray style-left  alignfull \" style=\"\">\r\n<div class=\"bg bg--lightgray\" style=\"\"><\/div>\r\n\r\n    <div class=\"container\">\r\n        <div class=\"row\">\r\n            <div class=\"col-12\">\r\n                <div class=\"acf-innerblocks-container\">\n\r\n<div id=\"gents-section\" class=\"eye-block menu-section\" title=\"gents\" data-section-name=\"Gents\"><\/div>\r\n\n\n\n<div class=\"ghostkit-grid ghostkit-grid-gap-md\"><div class=\"ghostkit-grid-inner\">\n<div class=\"ghostkit-col ghostkit-col-md-12 ghostkit-col-6 ghostkit-col-align-self-center\"><div class=\"ghostkit-col-content is-layout-flow wp-block-ghostkit-grid-column-is-layout-flow\">\n<h2 class=\"wp-block-heading\" id=\"cuts\">Gents<\/h2>\n\n\n\n<h3 class=\"wp-block-heading\" id=\"sometimes-a-fresh-cut-is-all-you-need-in-life\">Manners, style, and a good haircut never go out of fashion.<\/h3>\n\n\n\n<p>Wir wissen, dass Sie Ihr Bestes geben wollen. Ob es sich um einen schnellen Haarschnitt handelt, um frisch auszusehen, oder um die Perfektionierung Ihres Looks bis ins letzte Detail f\u00fcr einen besonderen Anlass. Auch wenn Sie Ihr Haar f\u00fcr Ihren gro\u00dfen Tag gestylt haben m\u00f6chten. Dann sind Sie bei uns genau an der richtigen Adresse.   <\/p>\n\n\n\r\n<div class=\"eye-element price price--small\">\r\n\r\n\t        <div>\r\n            <div class=\"price__title\">Waschen, schneide und stylen (Herre)<\/div>\r\n            <div class=\"price__subtitle\"><\/div>\r\n        <\/div>\r\n\t\r\n    <div class=\"d-flex align-items-end gap-2\">\r\n        <div class=\"price__price \">\u20ac 24,95<\/div>\r\n\t\t    <\/div>\r\n\r\n<\/div>\n\n\r\n<div class=\"eye-element price price--small\">\r\n\r\n\t        <div>\r\n            <div class=\"price__title\">Waschen und Rasurhaarschnitt<\/div>\r\n            <div class=\"price__subtitle\"><\/div>\r\n        <\/div>\r\n\t\r\n    <div class=\"d-flex align-items-end gap-2\">\r\n        <div class=\"price__price \">\u20ac 15,-<\/div>\r\n\t\t    <\/div>\r\n\r\n<\/div>\n\n\r\n<div class=\"eye-block empty-space empty-space--small pt-md-3 pb-md-3 pt-2 pb-2\" ><\/div>\n\n\r\n<div class=\"eye-element bsbutton text-start \" >\r\n\t        <a class=\"btn btn-gold\" href=\"#salonhub-create-client:koonings-salon:deurne\"\r\n           target=\"\">Vereinbare jetzt deinen Termin<\/a>\r\n\t<\/div><\/div><\/div>\n\n\n\n<div class=\"ghostkit-col ghostkit-col-md-12 ghostkit-col-6\"><div class=\"ghostkit-col-content is-layout-flow wp-block-ghostkit-grid-column-is-layout-flow\">\r\n<div class=\"eye-element images style-default variant-1 single-image\">\r\n\r\n\t        <div class=\"composition\">\r\n\t\t\t\r\n            <div class=\"swiper images-swiper\">\r\n\r\n\t\t\t\t\r\n                <div class=\"swiper-wrapper\">\r\n\t\t\t\t\t                        <li class=\"swiper-slide\">\r\n                            <img decoding=\"async\" class=\" img-fluid\" src=\"https:\/\/www.koonings.com\/wp-content\/uploads\/2024\/08\/hairdresser-1179459_1280-1024x730.jpg\" srcset=\"https:\/\/www.koonings.com\/wp-content\/uploads\/2024\/08\/hairdresser-1179459_1280.jpg\" alt=\"\">\r\n                        <\/li>\r\n\t\t\t\t\t                <\/div>\r\n\r\n                <div class=\"swiper-pagination\"><\/div>\r\n\r\n                <div class=\"swiper-button-prev\"><\/div>\r\n                <div class=\"swiper-button-next\"><\/div>\r\n\r\n            <\/div>\r\n\r\n        <\/div>\r\n\t\r\n\t<\/div><\/div><\/div>\n<\/div><\/div>\n\n<\/div>\r\n            <\/div>\r\n        <\/div>\r\n    <\/div>\r\n\r\n<\/div>\r\n\r\n    \r\n<div class=\"eye-block empty-space empty-space--large pt-md-5 pb-md-5 pt-4 pb-4\" ><\/div>\r\n\r\n<div class=\"eye-element fullwidth-row alignfull faux-bg--lightgray style-right  alignfull \" style=\"\">\r\n<div class=\"bg bg--lightgray\" style=\"\"><\/div>\r\n\r\n    <div class=\"container\">\r\n        <div class=\"row\">\r\n            <div class=\"col-12\">\r\n                <div class=\"acf-innerblocks-container\">\n\r\n<div id=\"kids-section\" class=\"eye-block menu-section\" title=\"kids\" data-section-name=\"Kids\"><\/div>\r\n\n\n\n<div class=\"ghostkit-grid ghostkit-grid-gap-md\"><div class=\"ghostkit-grid-inner\">\n<div class=\"ghostkit-col ghostkit-col-md-12 ghostkit-col-6\"><div class=\"ghostkit-col-content is-layout-flow wp-block-ghostkit-grid-column-is-layout-flow\">\r\n<div class=\"eye-element images style-default variant-2 single-image\">\r\n\r\n\t        <div class=\"composition\">\r\n\t\t\t\r\n            <div class=\"swiper images-swiper\">\r\n\r\n\t\t\t\t\r\n                <div class=\"swiper-wrapper\">\r\n\t\t\t\t\t                        <li class=\"swiper-slide\">\r\n                            <img decoding=\"async\" class=\" img-fluid\" src=\"https:\/\/www.koonings.com\/wp-content\/uploads\/2024\/08\/2204-178-1024x768.jpeg\" srcset=\"https:\/\/www.koonings.com\/wp-content\/uploads\/2024\/08\/2204-178-scaled.jpeg\" alt=\"\">\r\n                        <\/li>\r\n\t\t\t\t\t                <\/div>\r\n\r\n                <div class=\"swiper-pagination\"><\/div>\r\n\r\n                <div class=\"swiper-button-prev\"><\/div>\r\n                <div class=\"swiper-button-next\"><\/div>\r\n\r\n            <\/div>\r\n\r\n        <\/div>\r\n\t\r\n\t<\/div><\/div><\/div>\n\n\n\n<div class=\"ghostkit-col ghostkit-col-md-12 ghostkit-col-6 ghostkit-col-align-self-center\"><div class=\"ghostkit-col-content is-layout-flow wp-block-ghostkit-grid-column-is-layout-flow\">\n<h2 class=\"wp-block-heading\" id=\"cuts\">Curly Cuts<\/h2>\n\n\n\n<h3 class=\"wp-block-heading\" id=\"sometimes-a-fresh-cut-is-all-you-need-in-life\">Style isn&#8217;t just for grown-ups; even little ones can rock the runway<\/h3>\n\n\n\n<p>Die Friseure bei Koonings wissen, wie man die Haare Ihres Kindes w\u00e4scht, schneidet und trocknet. Und sie tun dies auf spielerische Weise, so dass ein Friseurbesuch auch f\u00fcr Ihr Kind zu einem Fest wird. <\/p>\n\n\n\n<h3 class=\"wp-block-heading\" id=\"communie-en-bruiloftsstylingdoet-je-kind-zijn-of-haar-eerste-communie-of-is-je-kind-bruidsmeisje-of-bruidsjonker-op-een-bruiloft-dan-ben-je-vast-en-zeker-bezig-met-alle-voorbereidingen-voor-deze-feestelijke-dag-een-mooie-outfit-mag-niet-ontbreken-en-daar-hoort-ook-een-prachtig-kapsel-bij-onze-kinderkapsels-zijn-ontworpen-om-de-allerkleinsten-te-laten-stralen\">Kommunions- und Hochzeitsstyling<\/h3>\n\n\n\n<p>Macht Ihr Kind seine Erstkommunion? Oder ist Ihr Kind Brautjungfer oder Trauzeuge bei einer Hochzeit? Dann sind Sie sicherlich mit allen Vorbereitungen f\u00fcr diesen festlichen Tag besch\u00e4ftigt. Ein sch\u00f6nes Outfit darf dabei nicht fehlen. Und eine sch\u00f6ne Frisur sollte es auch sein. Unsere Kinderfrisuren sind darauf ausgelegt, die Kleinen zum Strahlen zu bringen.     <\/p>\n\n\n\n<h3 class=\"wp-block-heading\" id=\"feestkapsels\">Festliche Frisuren<\/h3>\n\n\n\n<p>Auch f\u00fcr andere festliche Anl\u00e4sse k\u00f6nnen Sie hier eine Frisur f\u00fcr Ihr Kind finden. Sei es f\u00fcr Geburtstagsfeiern, Schulfotos oder die Ferien. <\/p>\n\n\n\r\n<div class=\"eye-element price price--small\">\r\n\r\n\t        <div>\r\n            <div class=\"price__title\">Schneiden<\/div>\r\n            <div class=\"price__subtitle\"><\/div>\r\n        <\/div>\r\n\t\r\n    <div class=\"d-flex align-items-end gap-2\">\r\n        <div class=\"price__price \">\u20ac 22,95<\/div>\r\n\t\t    <\/div>\r\n\r\n<\/div>\n\n\r\n<div class=\"eye-element price price--small\">\r\n\r\n\t        <div>\r\n            <div class=\"price__title\">Locken<\/div>\r\n            <div class=\"price__subtitle\"><\/div>\r\n        <\/div>\r\n\t\r\n    <div class=\"d-flex align-items-end gap-2\">\r\n        <div class=\"price__price \">\u20ac 29,95<\/div>\r\n\t\t    <\/div>\r\n\r\n<\/div>\n\n\r\n<div class=\"eye-element price price--small\">\r\n\r\n\t        <div>\r\n            <div class=\"price__title\">Flechten<\/div>\r\n            <div class=\"price__subtitle\"><\/div>\r\n        <\/div>\r\n\t\r\n    <div class=\"d-flex align-items-end gap-2\">\r\n        <div class=\"price__price \">\u20ac 24,95<\/div>\r\n\t\t    <\/div>\r\n\r\n<\/div>\n\n\r\n<div class=\"eye-element price price--small\">\r\n\r\n\t        <div>\r\n            <div class=\"price__title\">Updo<\/div>\r\n            <div class=\"price__subtitle\"><\/div>\r\n        <\/div>\r\n\t\r\n    <div class=\"d-flex align-items-end gap-2\">\r\n        <div class=\"price__price \">\u20ac 29,95<\/div>\r\n\t\t    <\/div>\r\n\r\n<\/div>\n\n\r\n<div class=\"eye-block empty-space empty-space--small pt-md-3 pb-md-3 pt-2 pb-2\" ><\/div>\n\n\r\n<div class=\"eye-element bsbutton text-start \" >\r\n\t        <a class=\"btn btn-gold\" href=\"#salonhub-create-client:koonings-salon:deurne\"\r\n           target=\"\">Vereinbare jetzt deinen Termin<\/a>\r\n\t<\/div><\/div><\/div>\n<\/div><\/div>\n\n<\/div>\r\n            <\/div>\r\n        <\/div>\r\n    <\/div>\r\n\r\n<\/div>\r\n\r\n    \r\n\r\n<div class=\"eye-element fullwidth-row alignfull style-both bg--lightgray  alignfull \" style=\" \">\r\n\r\n    <div class=\"container\">\r\n        <div class=\"row\">\r\n            <div class=\"col-12\">\r\n                <div class=\"acf-innerblocks-container\">\n\n<h2 class=\"wp-block-heading has-text-align-center\" id=\"openingstijden\">\u00d6ffnungszeiten<\/h2>\n\n\n\n<figure class=\"wp-block-table aligncenter text-table\"><table class=\"has-fixed-layout\"><tbody><tr><td class=\"has-text-align-left\" data-align=\"left\">Montag<\/td><td class=\"has-text-align-left\" data-align=\"left\">*NEU* ab 06.10: ge\u00f6ffnet in ungeraden Wochen 9:30 &#8211; 17:00<\/td><\/tr><tr><td class=\"has-text-align-left\" data-align=\"left\">Dienstag<\/td><td class=\"has-text-align-left\" data-align=\"left\">Geschlossen<\/td><\/tr><tr><td class=\"has-text-align-left\" data-align=\"left\">Mittwoch<\/td><td class=\"has-text-align-left\" data-align=\"left\">09:00 &#8211; 17:00<\/td><\/tr><tr><td class=\"has-text-align-left\" data-align=\"left\">Donnerstag<\/td><td class=\"has-text-align-left\" data-align=\"left\">11:00 &#8211; 20:00<\/td><\/tr><tr><td class=\"has-text-align-left\" data-align=\"left\">Freitag<\/td><td class=\"has-text-align-left\" data-align=\"left\">09:00 &#8211; 17:00<\/td><\/tr><tr><td class=\"has-text-align-left\" data-align=\"left\">Samstag<\/td><td class=\"has-text-align-left\" data-align=\"left\">09:00 &#8211; 17:00<\/td><\/tr><tr><td class=\"has-text-align-left\" data-align=\"left\">Sonntag<\/td><td class=\"has-text-align-left\" data-align=\"left\">Geschlossen<\/td><\/tr><\/tbody><\/table><\/figure>\n\n<\/div>\r\n            <\/div>\r\n        <\/div>\r\n    <\/div>\r\n\r\n<\/div>\r\n\r\n    \r\n<div class=\"eye-block empty-space empty-space--large pt-md-5 pb-md-5 pt-4 pb-4\" ><\/div>\n<div class=\"ghostkit-grid ghostkit-grid-gap-md ghostkit-grid-justify-content-center\"><div class=\"ghostkit-grid-inner\">\n<div class=\"ghostkit-col ghostkit-col-lg-12 ghostkit-col-8\"><div class=\"ghostkit-col-content is-layout-flow wp-block-ghostkit-grid-column-is-layout-flow\">\r\n<div class=\"eye-element externalwidget\">\r\n\r\n\r\n    <script src=\"https:\/\/apps.elfsight.com\/p\/platform.js\" type=\"text\/plain\" data-cookieconsent=\"marketing\" defer><\/script>\r\n    <div class=\"elfsight-app-0b804fdf-8797-4a8d-a910-87592501504e\"><\/div>\r\n\r\n    <div class=\"cookieconsent-opt-out cookieconsent-optout-marketing\">\r\n                    <p>Akzeptieren Sie Cookies, um das Instagram-Feed-Widget von Beauty  Hair zu sehen.<\/p>\r\n                <a class=\"btn btn-outline-primary\" href=\"javascript:Cookiebot.renew()\">Cookie-Einstellungen<\/a>\r\n    <\/div>\r\n\r\n\r\n<\/div><\/div><\/div>\n<\/div><\/div>\n\r\n<div class=\"eye-block empty-space empty-space--large pt-md-5 pb-md-5 pt-4 pb-4\" ><\/div>","protected":false},"excerpt":{"rendered":"","protected":false},"author":1,"featured_media":0,"parent":15967,"menu_order":0,"comment_status":"closed","ping_status":"closed","template":"","meta":{"_acf_changed":false,"ghostkit_customizer_options":"","ghostkit_custom_css":"","ghostkit_custom_js_head":"","ghostkit_custom_js_foot":"","ghostkit_typography":"","footnotes":""},"class_list":["post-15987","page","type-page","status-publish","hentry"],"acf":[],"yoast_head":"<!-- This site is optimized with the Yoast SEO plugin v27.3 - https:\/\/yoast.com\/product\/yoast-seo-wordpress\/ -->\n<title>Gents Kids | Koonings<\/title>\n<meta name=\"robots\" content=\"index, follow, max-snippet:-1, max-image-preview:large, max-video-preview:-1\" \/>\n<link rel=\"canonical\" href=\"https:\/\/www.koonings.com\/de\/deurne\/beauty\/gents-kids\/\" \/>\n<meta property=\"og:locale\" content=\"de_DE\" \/>\n<meta property=\"og:type\" content=\"article\" \/>\n<meta property=\"og:title\" content=\"Gents Kids | Koonings\" \/>\n<meta property=\"og:url\" content=\"https:\/\/www.koonings.com\/de\/deurne\/beauty\/gents-kids\/\" \/>\n<meta property=\"og:site_name\" content=\"Koonings\" \/>\n<meta property=\"article:publisher\" content=\"https:\/\/www.facebook.com\/kooningstheweddingpalace\" \/>\n<meta property=\"article:modified_time\" content=\"2026-02-10T10:58:47+00:00\" \/>\n<meta property=\"og:image\" content=\"https:\/\/www.koonings.com\/wp-content\/uploads\/2024\/06\/palace-hero-screenshot-1024x575.png\" \/>\n\t<meta property=\"og:image:width\" content=\"1024\" \/>\n\t<meta property=\"og:image:height\" content=\"575\" \/>\n\t<meta property=\"og:image:type\" content=\"image\/png\" \/>\n<meta name=\"twitter:card\" content=\"summary_large_image\" \/>\n<meta name=\"twitter:label1\" content=\"Gesch\u00e4tzte Lesezeit\" \/>\n\t<meta name=\"twitter:data1\" content=\"1\u00a0Minute\" \/>\n<script type=\"application\/ld+json\" class=\"yoast-schema-graph\">{\"@context\":\"https:\\\/\\\/schema.org\",\"@graph\":[{\"@type\":\"WebPage\",\"@id\":\"https:\\\/\\\/www.koonings.com\\\/de\\\/deurne\\\/beauty\\\/gents-kids\\\/\",\"url\":\"https:\\\/\\\/www.koonings.com\\\/de\\\/deurne\\\/beauty\\\/gents-kids\\\/\",\"name\":\"Gents Kids | Koonings\",\"isPartOf\":{\"@id\":\"https:\\\/\\\/www.koonings.com\\\/de\\\/#website\"},\"datePublished\":\"2024-07-11T13:16:24+00:00\",\"dateModified\":\"2026-02-10T10:58:47+00:00\",\"breadcrumb\":{\"@id\":\"https:\\\/\\\/www.koonings.com\\\/de\\\/deurne\\\/beauty\\\/gents-kids\\\/#breadcrumb\"},\"inLanguage\":\"de\",\"potentialAction\":[{\"@type\":\"ReadAction\",\"target\":[\"https:\\\/\\\/www.koonings.com\\\/de\\\/deurne\\\/beauty\\\/gents-kids\\\/\"]}]},{\"@type\":\"BreadcrumbList\",\"@id\":\"https:\\\/\\\/www.koonings.com\\\/de\\\/deurne\\\/beauty\\\/gents-kids\\\/#breadcrumb\",\"itemListElement\":[{\"@type\":\"ListItem\",\"position\":1,\"name\":\"Home\",\"item\":\"https:\\\/\\\/www.koonings.com\\\/de\\\/\"},{\"@type\":\"ListItem\",\"position\":2,\"name\":\"Deurne\",\"item\":\"https:\\\/\\\/www.koonings.com\\\/de\\\/deurne\\\/\"},{\"@type\":\"ListItem\",\"position\":3,\"name\":\"Beauty\",\"item\":\"https:\\\/\\\/www.koonings.com\\\/de\\\/deurne\\\/beauty\\\/\"},{\"@type\":\"ListItem\",\"position\":4,\"name\":\"Gents Kids\"}]},{\"@type\":\"WebSite\",\"@id\":\"https:\\\/\\\/www.koonings.com\\\/de\\\/#website\",\"url\":\"https:\\\/\\\/www.koonings.com\\\/de\\\/\",\"name\":\"Koonings\",\"description\":\"De grootste bruidsmodewinkel ter wereld\",\"publisher\":{\"@id\":\"https:\\\/\\\/www.koonings.com\\\/de\\\/#organization\"},\"potentialAction\":[{\"@type\":\"SearchAction\",\"target\":{\"@type\":\"EntryPoint\",\"urlTemplate\":\"https:\\\/\\\/www.koonings.com\\\/de\\\/?s={search_term_string}\"},\"query-input\":{\"@type\":\"PropertyValueSpecification\",\"valueRequired\":true,\"valueName\":\"search_term_string\"}}],\"inLanguage\":\"de\"},{\"@type\":\"Organization\",\"@id\":\"https:\\\/\\\/www.koonings.com\\\/de\\\/#organization\",\"name\":\"Koonings\",\"url\":\"https:\\\/\\\/www.koonings.com\\\/de\\\/\",\"logo\":{\"@type\":\"ImageObject\",\"inLanguage\":\"de\",\"@id\":\"https:\\\/\\\/www.koonings.com\\\/de\\\/#\\\/schema\\\/logo\\\/image\\\/\",\"url\":\"https:\\\/\\\/www.koonings.com\\\/wp-content\\\/uploads\\\/2024\\\/07\\\/logo.png\",\"contentUrl\":\"https:\\\/\\\/www.koonings.com\\\/wp-content\\\/uploads\\\/2024\\\/07\\\/logo.png\",\"width\":600,\"height\":428,\"caption\":\"Koonings\"},\"image\":{\"@id\":\"https:\\\/\\\/www.koonings.com\\\/de\\\/#\\\/schema\\\/logo\\\/image\\\/\"},\"sameAs\":[\"https:\\\/\\\/www.facebook.com\\\/kooningstheweddingpalace\",\"https:\\\/\\\/www.instagram.com\\\/kooningstheweddingpalace\",\"https:\\\/\\\/www.pinterest.com\\\/koonings\",\"https:\\\/\\\/www.youtube.com\\\/kooningstheweddingpalace\"]}]}<\/script>\n<!-- \/ Yoast SEO plugin. -->","yoast_head_json":{"title":"Gents Kids | Koonings","robots":{"index":"index","follow":"follow","max-snippet":"max-snippet:-1","max-image-preview":"max-image-preview:large","max-video-preview":"max-video-preview:-1"},"canonical":"https:\/\/www.koonings.com\/de\/deurne\/beauty\/gents-kids\/","og_locale":"de_DE","og_type":"article","og_title":"Gents Kids | Koonings","og_url":"https:\/\/www.koonings.com\/de\/deurne\/beauty\/gents-kids\/","og_site_name":"Koonings","article_publisher":"https:\/\/www.facebook.com\/kooningstheweddingpalace","article_modified_time":"2026-02-10T10:58:47+00:00","og_image":[{"width":1024,"height":575,"url":"https:\/\/www.koonings.com\/wp-content\/uploads\/2024\/06\/palace-hero-screenshot-1024x575.png","type":"image\/png"}],"twitter_card":"summary_large_image","twitter_misc":{"Gesch\u00e4tzte Lesezeit":"1\u00a0Minute"},"schema":{"@context":"https:\/\/schema.org","@graph":[{"@type":"WebPage","@id":"https:\/\/www.koonings.com\/de\/deurne\/beauty\/gents-kids\/","url":"https:\/\/www.koonings.com\/de\/deurne\/beauty\/gents-kids\/","name":"Gents Kids | Koonings","isPartOf":{"@id":"https:\/\/www.koonings.com\/de\/#website"},"datePublished":"2024-07-11T13:16:24+00:00","dateModified":"2026-02-10T10:58:47+00:00","breadcrumb":{"@id":"https:\/\/www.koonings.com\/de\/deurne\/beauty\/gents-kids\/#breadcrumb"},"inLanguage":"de","potentialAction":[{"@type":"ReadAction","target":["https:\/\/www.koonings.com\/de\/deurne\/beauty\/gents-kids\/"]}]},{"@type":"BreadcrumbList","@id":"https:\/\/www.koonings.com\/de\/deurne\/beauty\/gents-kids\/#breadcrumb","itemListElement":[{"@type":"ListItem","position":1,"name":"Home","item":"https:\/\/www.koonings.com\/de\/"},{"@type":"ListItem","position":2,"name":"Deurne","item":"https:\/\/www.koonings.com\/de\/deurne\/"},{"@type":"ListItem","position":3,"name":"Beauty","item":"https:\/\/www.koonings.com\/de\/deurne\/beauty\/"},{"@type":"ListItem","position":4,"name":"Gents Kids"}]},{"@type":"WebSite","@id":"https:\/\/www.koonings.com\/de\/#website","url":"https:\/\/www.koonings.com\/de\/","name":"Koonings","description":"De grootste bruidsmodewinkel ter wereld","publisher":{"@id":"https:\/\/www.koonings.com\/de\/#organization"},"potentialAction":[{"@type":"SearchAction","target":{"@type":"EntryPoint","urlTemplate":"https:\/\/www.koonings.com\/de\/?s={search_term_string}"},"query-input":{"@type":"PropertyValueSpecification","valueRequired":true,"valueName":"search_term_string"}}],"inLanguage":"de"},{"@type":"Organization","@id":"https:\/\/www.koonings.com\/de\/#organization","name":"Koonings","url":"https:\/\/www.koonings.com\/de\/","logo":{"@type":"ImageObject","inLanguage":"de","@id":"https:\/\/www.koonings.com\/de\/#\/schema\/logo\/image\/","url":"https:\/\/www.koonings.com\/wp-content\/uploads\/2024\/07\/logo.png","contentUrl":"https:\/\/www.koonings.com\/wp-content\/uploads\/2024\/07\/logo.png","width":600,"height":428,"caption":"Koonings"},"image":{"@id":"https:\/\/www.koonings.com\/de\/#\/schema\/logo\/image\/"},"sameAs":["https:\/\/www.facebook.com\/kooningstheweddingpalace","https:\/\/www.instagram.com\/kooningstheweddingpalace","https:\/\/www.pinterest.com\/koonings","https:\/\/www.youtube.com\/kooningstheweddingpalace"]}]}},"_links":{"self":[{"href":"https:\/\/www.koonings.com\/de\/wp-json\/wp\/v2\/pages\/15987","targetHints":{"allow":["GET"]}}],"collection":[{"href":"https:\/\/www.koonings.com\/de\/wp-json\/wp\/v2\/pages"}],"about":[{"href":"https:\/\/www.koonings.com\/de\/wp-json\/wp\/v2\/types\/page"}],"author":[{"embeddable":true,"href":"https:\/\/www.koonings.com\/de\/wp-json\/wp\/v2\/users\/1"}],"replies":[{"embeddable":true,"href":"https:\/\/www.koonings.com\/de\/wp-json\/wp\/v2\/comments?post=15987"}],"version-history":[{"count":5,"href":"https:\/\/www.koonings.com\/de\/wp-json\/wp\/v2\/pages\/15987\/revisions"}],"predecessor-version":[{"id":107417,"href":"https:\/\/www.koonings.com\/de\/wp-json\/wp\/v2\/pages\/15987\/revisions\/107417"}],"up":[{"embeddable":true,"href":"https:\/\/www.koonings.com\/de\/wp-json\/wp\/v2\/pages\/15967"}],"wp:attachment":[{"href":"https:\/\/www.koonings.com\/de\/wp-json\/wp\/v2\/media?parent=15987"}],"curies":[{"name":"wp","href":"https:\/\/api.w.org\/{rel}","templated":true}]}}