{"id":15703,"date":"2024-07-19T14:18:53","date_gmt":"2024-07-19T12:18:53","guid":{"rendered":"https:\/\/www.koonings.com\/moodboard-erstellen\/"},"modified":"2026-04-16T08:53:34","modified_gmt":"2026-04-16T06:53:34","slug":"moodboard-erstellen","status":"publish","type":"page","link":"https:\/\/www.koonings.com\/de\/moodboard-erstellen\/","title":{"rendered":"Moodboard erstellen"},"content":{"rendered":"\r\n\r\n<div class=\"eye-element fullwidth-row alignfull style-both bg--none  alignfull \" style=\" \">\r\n\r\n    <div class=\"container\">\r\n        <div class=\"row\">\r\n            <div class=\"col-12\">\r\n                <div class=\"acf-innerblocks-container\">\n\n<div class=\"ghostkit-grid ghostkit-grid-gap-md ghostkit-grid-align-items-center\"><div class=\"ghostkit-grid-inner\">\n<div class=\"ghostkit-col ghostkit-col-md-12 ghostkit-col-6\"><div class=\"ghostkit-col-content is-layout-flow wp-block-ghostkit-grid-column-is-layout-flow\">\n<h1 class=\"wp-block-heading\" id=\"maak-jouw-trouwjurken-moodboard\">Erstellen Sie Ihr Moodboard f\u00fcr Brautkleider<\/h1>\n\n\n\n<p>Sind Sie auf der Suche nach dem perfekten Hochzeitskleid? Mit unserem Tool k\u00f6nnen Sie ganz einfach Ihre Lieblingskleider ausw\u00e4hlen und ein pers\u00f6nliches Moodboard erstellen.  <\/p>\n\n\n\r\n<div class=\"eye-element bsbutton text-start \" >\r\n\t        <a class=\"btn btn-primary\" href=\"\/de\/moodboard\/tool\/start\"\r\n           target=\"_blank\">Erstellen Sie Ihr eigenes Moodboard<\/a>\r\n\t<\/div><\/div><\/div>\n\n\n\n<div class=\"ghostkit-col ghostkit-col-order-sm-last ghostkit-col-md-12 ghostkit-col-order-md-last ghostkit-col-6\"><div class=\"ghostkit-col-content is-layout-flow wp-block-ghostkit-grid-column-is-layout-flow\">\r\n<div class=\"eye-element images style-default variant-1 single-image\">\r\n\r\n\t        <div class=\"composition\">\r\n\t\t\t\r\n            <div class=\"swiper images-swiper\">\r\n\r\n\t\t\t\t\r\n                <div class=\"swiper-wrapper\">\r\n\t\t\t\t\t                        <li class=\"swiper-slide\">\r\n                            <img decoding=\"async\" class=\" img-fluid\" src=\"https:\/\/www.koonings.com\/wp-content\/uploads\/2024\/07\/moodboard-maken-mockup-1024x633.jpg\" srcset=\"https:\/\/www.koonings.com\/wp-content\/uploads\/2024\/07\/moodboard-maken-mockup.jpg\" alt=\"Moodboard maken Koonings\">\r\n                        <\/li>\r\n\t\t\t\t\t                <\/div>\r\n\r\n                <div class=\"swiper-pagination\"><\/div>\r\n\r\n                <div class=\"swiper-button-prev\"><\/div>\r\n                <div class=\"swiper-button-next\"><\/div>\r\n\r\n            <\/div>\r\n\r\n        <\/div>\r\n\t\r\n\t<\/div><\/div><\/div>\n<\/div><\/div>\n\n<\/div>\r\n            <\/div>\r\n        <\/div>\r\n    <\/div>\r\n\r\n<\/div>\r\n\r\n    \r\n\r\n<div class=\"eye-element fullwidth-row alignfull style-both bg--none  alignfull \" style=\" \">\r\n\r\n    <div class=\"container\">\r\n        <div class=\"row\">\r\n            <div class=\"col-12\">\r\n                <div class=\"acf-innerblocks-container\">\n\n<h2 class=\"wp-block-heading\" id=\"jouw-perfecte-trouwjurk-vind-je-met-een-moodboard\"><strong>Mit einem Moodboard k\u00f6nnen Sie Ihr perfektes Hochzeitskleid finden.<\/strong><\/h2>\n\n\n\n<p>Die Erstellung eines Moodboards f\u00fcr Brautkleider hilft Ihnen, eine klare Vorstellung davon zu bekommen, was Ihnen gef\u00e4llt und was nicht. Auf diese Weise k\u00f6nnen Sie sich ein Bild von Ihrem Stil und Ihren Vorlieben machen, was die Wahl des perfekten Hochzeitskleides erheblich erleichtert. <\/p>\n\n\n\n<p><strong>Visualisieren Sie Ihre Tr\u00e4ume:<\/strong> Ein Moodboard ist ein wirkungsvolles Instrument, um Ihre Gedanken und Ideen zu konkretisieren. Indem Sie Bilder von Stoffen, Farben und Accessoires f\u00fcr Ihr Hochzeitskleid in einem Moodboard sammeln, k\u00f6nnen Sie eine visuelle Darstellung Ihres Traumkleides erstellen. So bekommen Sie ein besseres Verst\u00e4ndnis f\u00fcr den Stil und das Thema, das Sie erreichen m\u00f6chten.  <\/p>\n\n\n\n<p><strong>Entdecken Sie Ihren pers\u00f6nlichen Stil:<\/strong> Viele Br\u00e4ute haben eine allgemeine Vorstellung davon, was ihnen gef\u00e4llt, aber ein Moodboard f\u00fcr Brautkleider hilft dabei, diese Ideen weiter zu verfeinern. Indem Sie verschiedene Elemente zusammenstellen, k\u00f6nnen Sie herausfinden, welche Stile, Silhouetten und Details Sie wirklich ansprechen. Dieser Prozess kann Ihnen auch dabei helfen, Trends und Themen zu erkennen, die bei Ihrer Wahl immer wieder auftauchen.  <\/p>\n\n\n\n<p><strong>Entscheidungen leichter machen:<\/strong> Die Wahl eines Hochzeitskleides kann aufgrund der vielen M\u00f6glichkeiten eine \u00fcberw\u00e4ltigende Erfahrung sein. Ein Moodboard dient als Leitfaden, der es Ihnen leichter macht, Entscheidungen zu treffen, die Ihrem pers\u00f6nlichen Stil und Ihren Vorstellungen entsprechen. <\/p>\n\n<\/div>\r\n            <\/div>\r\n        <\/div>\r\n    <\/div>\r\n\r\n<\/div>\r\n\r\n    \r\n\r\n<div class=\"eye-element fullwidth-row alignfull faux-bg--lightgray style-left  alignfull \" style=\"\">\r\n<div class=\"bg bg--lightgray\" style=\"\"><\/div>\r\n\r\n    <div class=\"container\">\r\n        <div class=\"row\">\r\n            <div class=\"col-12\">\r\n                <div class=\"acf-innerblocks-container\">\n\n<div class=\"ghostkit-grid ghostkit-grid-gap-md ghostkit-grid-align-items-center\"><div class=\"ghostkit-grid-inner\">\n<div class=\"ghostkit-col ghostkit-col-md-12 ghostkit-col-6\"><div class=\"ghostkit-col-content is-layout-flow wp-block-ghostkit-grid-column-is-layout-flow\">\n<h2 class=\"wp-block-heading\" id=\"jouw-afspraak-bij-koonings\">Ihr Termin bei Koonings<\/h2>\n\n\n\n<p>Mit Hilfe Ihres Moodboards f\u00fcr Brautkleider k\u00f6nnen unsere Stylisten Ihnen helfen, das perfekte Kleid zu finden.<\/p>\n<\/div><\/div>\n\n\n\n<div class=\"ghostkit-col ghostkit-col-md-12 ghostkit-col-6\"><div class=\"ghostkit-col-content is-layout-flow wp-block-ghostkit-grid-column-is-layout-flow\">\r\n<div class=\"eye-element images style-default variant-1 multi-image\">\r\n\r\n\t        <div class=\"composition\">\r\n\t\t\t                <div class=\"image-0\">\r\n                    <img decoding=\"async\" class=\"img-fluid\" src=\"https:\/\/www.koonings.com\/wp-content\/uploads\/2024\/07\/ramona-meike-231x300.png\" srcset=\"https:\/\/www.koonings.com\/wp-content\/uploads\/2024\/07\/ramona-meike-231x300.png 231w, https:\/\/www.koonings.com\/wp-content\/uploads\/2024\/07\/ramona-meike-789x1024.png 789w, https:\/\/www.koonings.com\/wp-content\/uploads\/2024\/07\/ramona-meike-768x997.png 768w, https:\/\/www.koonings.com\/wp-content\/uploads\/2024\/07\/ramona-meike.png 1134w\" alt=\"Bruid\">\r\n                <\/div>\r\n\t\t\t\r\n            <div class=\"swiper images-swiper\">\r\n\r\n\t\t\t\t\r\n                <div class=\"swiper-wrapper\">\r\n\t\t\t\t\t                        <li class=\"swiper-slide\">\r\n                            <img decoding=\"async\" class=\" img-fluid\" src=\"https:\/\/www.koonings.com\/wp-content\/uploads\/2024\/06\/kuppens_fotografie_6388_0-1024x753.jpg\" srcset=\"https:\/\/www.koonings.com\/wp-content\/uploads\/2024\/06\/kuppens_fotografie_6388_0-scaled.jpg\" alt=\"\">\r\n                        <\/li>\r\n\t\t\t\t\t                        <li class=\"swiper-slide\">\r\n                            <img decoding=\"async\" class=\" img-fluid\" src=\"https:\/\/www.koonings.com\/wp-content\/uploads\/2024\/06\/KOO_binnenkant_bruidsjurken_AI_2-1024x724.jpg\" srcset=\"https:\/\/www.koonings.com\/wp-content\/uploads\/2024\/06\/KOO_binnenkant_bruidsjurken_AI_2-scaled.jpg\" alt=\"Koonings The Wedding Castle Valkenburg\">\r\n                        <\/li>\r\n\t\t\t\t\t                <\/div>\r\n\r\n                <div class=\"swiper-pagination\"><\/div>\r\n\r\n                <div class=\"swiper-button-prev\"><\/div>\r\n                <div class=\"swiper-button-next\"><\/div>\r\n\r\n            <\/div>\r\n\r\n        <\/div>\r\n\t\r\n\t<\/div><\/div><\/div>\n<\/div><\/div>\n\n<\/div>\r\n            <\/div>\r\n        <\/div>\r\n    <\/div>\r\n\r\n<\/div>\r\n\r\n    \r\n\r\n<div class=\"eye-element fullwidth-row alignfull style-both bg--none  alignfull \" style=\" \">\r\n\r\n    <div class=\"container\">\r\n        <div class=\"row\">\r\n            <div class=\"col-12\">\r\n                <div class=\"acf-innerblocks-container\">\n\n<h2 class=\"wp-block-heading has-text-align-center\" id=\"de-ultieme-trouwbelevingonder-een-dak\">Das ultimative Hochzeitserlebnis<br\/>unter einem Dach<\/h2>\n\n\n\r\n<div class=\"eye-element bsbutton text-center \" >\r\n\t        <a class=\"btn btn-gold\" href=\"https:\/\/www.koonings.com\/de\/?page_id=107606\"\r\n           target=\"\">Termin machen<\/a>\r\n\t<\/div>\n<\/div>\r\n            <\/div>\r\n        <\/div>\r\n    <\/div>\r\n\r\n<\/div>\r\n\r\n    ","protected":false},"excerpt":{"rendered":"","protected":false},"author":1,"featured_media":0,"parent":0,"menu_order":0,"comment_status":"closed","ping_status":"closed","template":"","meta":{"_acf_changed":false,"ghostkit_customizer_options":"","ghostkit_custom_css":"","ghostkit_custom_js_head":"","ghostkit_custom_js_foot":"","ghostkit_typography":"","footnotes":""},"class_list":["post-15703","page","type-page","status-publish","hentry"],"acf":[],"yoast_head":"<!-- This site is optimized with the Yoast SEO plugin v27.3 - https:\/\/yoast.com\/product\/yoast-seo-wordpress\/ -->\n<title>Brautkleider Moodboard erstellen | %<\/title>\n<meta name=\"description\" content=\"Sind Sie auf der Suche nach dem perfekten Hochzeitskleid? Mit unserem Tool k\u00f6nnen Sie ganz einfach Ihre Lieblingskleider ausw\u00e4hlen und ein pers\u00f6nliches Moodboard erstellen.\" \/>\n<meta name=\"robots\" content=\"index, follow, max-snippet:-1, max-image-preview:large, max-video-preview:-1\" \/>\n<link rel=\"canonical\" href=\"https:\/\/www.koonings.com\/de\/moodboard-erstellen\/\" \/>\n<meta property=\"og:locale\" content=\"de_DE\" \/>\n<meta property=\"og:type\" content=\"article\" \/>\n<meta property=\"og:title\" content=\"Brautkleider Moodboard erstellen | %\" \/>\n<meta property=\"og:description\" content=\"Sind Sie auf der Suche nach dem perfekten Hochzeitskleid? Mit unserem Tool k\u00f6nnen Sie ganz einfach Ihre Lieblingskleider ausw\u00e4hlen und ein pers\u00f6nliches Moodboard erstellen.\" \/>\n<meta property=\"og:url\" content=\"https:\/\/www.koonings.com\/de\/moodboard-erstellen\/\" \/>\n<meta property=\"og:site_name\" content=\"Koonings\" \/>\n<meta property=\"article:publisher\" content=\"https:\/\/www.facebook.com\/kooningstheweddingpalace\" \/>\n<meta property=\"article:modified_time\" content=\"2026-04-16T06:53:34+00:00\" \/>\n<meta property=\"og:image\" content=\"https:\/\/www.koonings.com\/wp-content\/uploads\/2024\/06\/palace-hero-screenshot-1024x575.png\" \/>\n\t<meta property=\"og:image:width\" content=\"1024\" \/>\n\t<meta property=\"og:image:height\" content=\"575\" \/>\n\t<meta property=\"og:image:type\" content=\"image\/png\" \/>\n<meta name=\"twitter:card\" content=\"summary_large_image\" \/>\n<meta name=\"twitter:label1\" content=\"Gesch\u00e4tzte Lesezeit\" \/>\n\t<meta name=\"twitter:data1\" content=\"1\u00a0Minute\" \/>\n<script type=\"application\/ld+json\" class=\"yoast-schema-graph\">{\"@context\":\"https:\\\/\\\/schema.org\",\"@graph\":[{\"@type\":\"WebPage\",\"@id\":\"https:\\\/\\\/www.koonings.com\\\/de\\\/moodboard-erstellen\\\/\",\"url\":\"https:\\\/\\\/www.koonings.com\\\/de\\\/moodboard-erstellen\\\/\",\"name\":\"Brautkleider Moodboard erstellen | %\",\"isPartOf\":{\"@id\":\"https:\\\/\\\/www.koonings.com\\\/de\\\/#website\"},\"datePublished\":\"2024-07-19T12:18:53+00:00\",\"dateModified\":\"2026-04-16T06:53:34+00:00\",\"description\":\"Sind Sie auf der Suche nach dem perfekten Hochzeitskleid? Mit unserem Tool k\u00f6nnen Sie ganz einfach Ihre Lieblingskleider ausw\u00e4hlen und ein pers\u00f6nliches Moodboard erstellen.\",\"breadcrumb\":{\"@id\":\"https:\\\/\\\/www.koonings.com\\\/de\\\/moodboard-erstellen\\\/#breadcrumb\"},\"inLanguage\":\"de\",\"potentialAction\":[{\"@type\":\"ReadAction\",\"target\":[\"https:\\\/\\\/www.koonings.com\\\/de\\\/moodboard-erstellen\\\/\"]}]},{\"@type\":\"BreadcrumbList\",\"@id\":\"https:\\\/\\\/www.koonings.com\\\/de\\\/moodboard-erstellen\\\/#breadcrumb\",\"itemListElement\":[{\"@type\":\"ListItem\",\"position\":1,\"name\":\"Home\",\"item\":\"https:\\\/\\\/www.koonings.com\\\/de\\\/\"},{\"@type\":\"ListItem\",\"position\":2,\"name\":\"Moodboard erstellen\"}]},{\"@type\":\"WebSite\",\"@id\":\"https:\\\/\\\/www.koonings.com\\\/de\\\/#website\",\"url\":\"https:\\\/\\\/www.koonings.com\\\/de\\\/\",\"name\":\"Koonings\",\"description\":\"De grootste bruidsmodewinkel ter wereld\",\"publisher\":{\"@id\":\"https:\\\/\\\/www.koonings.com\\\/de\\\/#organization\"},\"potentialAction\":[{\"@type\":\"SearchAction\",\"target\":{\"@type\":\"EntryPoint\",\"urlTemplate\":\"https:\\\/\\\/www.koonings.com\\\/de\\\/?s={search_term_string}\"},\"query-input\":{\"@type\":\"PropertyValueSpecification\",\"valueRequired\":true,\"valueName\":\"search_term_string\"}}],\"inLanguage\":\"de\"},{\"@type\":\"Organization\",\"@id\":\"https:\\\/\\\/www.koonings.com\\\/de\\\/#organization\",\"name\":\"Koonings\",\"url\":\"https:\\\/\\\/www.koonings.com\\\/de\\\/\",\"logo\":{\"@type\":\"ImageObject\",\"inLanguage\":\"de\",\"@id\":\"https:\\\/\\\/www.koonings.com\\\/de\\\/#\\\/schema\\\/logo\\\/image\\\/\",\"url\":\"https:\\\/\\\/www.koonings.com\\\/wp-content\\\/uploads\\\/2024\\\/07\\\/logo.png\",\"contentUrl\":\"https:\\\/\\\/www.koonings.com\\\/wp-content\\\/uploads\\\/2024\\\/07\\\/logo.png\",\"width\":600,\"height\":428,\"caption\":\"Koonings\"},\"image\":{\"@id\":\"https:\\\/\\\/www.koonings.com\\\/de\\\/#\\\/schema\\\/logo\\\/image\\\/\"},\"sameAs\":[\"https:\\\/\\\/www.facebook.com\\\/kooningstheweddingpalace\",\"https:\\\/\\\/www.instagram.com\\\/kooningstheweddingpalace\",\"https:\\\/\\\/www.pinterest.com\\\/koonings\",\"https:\\\/\\\/www.youtube.com\\\/kooningstheweddingpalace\"]}]}<\/script>\n<!-- \/ Yoast SEO plugin. -->","yoast_head_json":{"title":"Brautkleider Moodboard erstellen | %","description":"Sind Sie auf der Suche nach dem perfekten Hochzeitskleid? Mit unserem Tool k\u00f6nnen Sie ganz einfach Ihre Lieblingskleider ausw\u00e4hlen und ein pers\u00f6nliches Moodboard erstellen.","robots":{"index":"index","follow":"follow","max-snippet":"max-snippet:-1","max-image-preview":"max-image-preview:large","max-video-preview":"max-video-preview:-1"},"canonical":"https:\/\/www.koonings.com\/de\/moodboard-erstellen\/","og_locale":"de_DE","og_type":"article","og_title":"Brautkleider Moodboard erstellen | %","og_description":"Sind Sie auf der Suche nach dem perfekten Hochzeitskleid? Mit unserem Tool k\u00f6nnen Sie ganz einfach Ihre Lieblingskleider ausw\u00e4hlen und ein pers\u00f6nliches Moodboard erstellen.","og_url":"https:\/\/www.koonings.com\/de\/moodboard-erstellen\/","og_site_name":"Koonings","article_publisher":"https:\/\/www.facebook.com\/kooningstheweddingpalace","article_modified_time":"2026-04-16T06:53:34+00:00","og_image":[{"width":1024,"height":575,"url":"https:\/\/www.koonings.com\/wp-content\/uploads\/2024\/06\/palace-hero-screenshot-1024x575.png","type":"image\/png"}],"twitter_card":"summary_large_image","twitter_misc":{"Gesch\u00e4tzte Lesezeit":"1\u00a0Minute"},"schema":{"@context":"https:\/\/schema.org","@graph":[{"@type":"WebPage","@id":"https:\/\/www.koonings.com\/de\/moodboard-erstellen\/","url":"https:\/\/www.koonings.com\/de\/moodboard-erstellen\/","name":"Brautkleider Moodboard erstellen | %","isPartOf":{"@id":"https:\/\/www.koonings.com\/de\/#website"},"datePublished":"2024-07-19T12:18:53+00:00","dateModified":"2026-04-16T06:53:34+00:00","description":"Sind Sie auf der Suche nach dem perfekten Hochzeitskleid? Mit unserem Tool k\u00f6nnen Sie ganz einfach Ihre Lieblingskleider ausw\u00e4hlen und ein pers\u00f6nliches Moodboard erstellen.","breadcrumb":{"@id":"https:\/\/www.koonings.com\/de\/moodboard-erstellen\/#breadcrumb"},"inLanguage":"de","potentialAction":[{"@type":"ReadAction","target":["https:\/\/www.koonings.com\/de\/moodboard-erstellen\/"]}]},{"@type":"BreadcrumbList","@id":"https:\/\/www.koonings.com\/de\/moodboard-erstellen\/#breadcrumb","itemListElement":[{"@type":"ListItem","position":1,"name":"Home","item":"https:\/\/www.koonings.com\/de\/"},{"@type":"ListItem","position":2,"name":"Moodboard erstellen"}]},{"@type":"WebSite","@id":"https:\/\/www.koonings.com\/de\/#website","url":"https:\/\/www.koonings.com\/de\/","name":"Koonings","description":"De grootste bruidsmodewinkel ter wereld","publisher":{"@id":"https:\/\/www.koonings.com\/de\/#organization"},"potentialAction":[{"@type":"SearchAction","target":{"@type":"EntryPoint","urlTemplate":"https:\/\/www.koonings.com\/de\/?s={search_term_string}"},"query-input":{"@type":"PropertyValueSpecification","valueRequired":true,"valueName":"search_term_string"}}],"inLanguage":"de"},{"@type":"Organization","@id":"https:\/\/www.koonings.com\/de\/#organization","name":"Koonings","url":"https:\/\/www.koonings.com\/de\/","logo":{"@type":"ImageObject","inLanguage":"de","@id":"https:\/\/www.koonings.com\/de\/#\/schema\/logo\/image\/","url":"https:\/\/www.koonings.com\/wp-content\/uploads\/2024\/07\/logo.png","contentUrl":"https:\/\/www.koonings.com\/wp-content\/uploads\/2024\/07\/logo.png","width":600,"height":428,"caption":"Koonings"},"image":{"@id":"https:\/\/www.koonings.com\/de\/#\/schema\/logo\/image\/"},"sameAs":["https:\/\/www.facebook.com\/kooningstheweddingpalace","https:\/\/www.instagram.com\/kooningstheweddingpalace","https:\/\/www.pinterest.com\/koonings","https:\/\/www.youtube.com\/kooningstheweddingpalace"]}]}},"_links":{"self":[{"href":"https:\/\/www.koonings.com\/de\/wp-json\/wp\/v2\/pages\/15703","targetHints":{"allow":["GET"]}}],"collection":[{"href":"https:\/\/www.koonings.com\/de\/wp-json\/wp\/v2\/pages"}],"about":[{"href":"https:\/\/www.koonings.com\/de\/wp-json\/wp\/v2\/types\/page"}],"author":[{"embeddable":true,"href":"https:\/\/www.koonings.com\/de\/wp-json\/wp\/v2\/users\/1"}],"replies":[{"embeddable":true,"href":"https:\/\/www.koonings.com\/de\/wp-json\/wp\/v2\/comments?post=15703"}],"version-history":[{"count":7,"href":"https:\/\/www.koonings.com\/de\/wp-json\/wp\/v2\/pages\/15703\/revisions"}],"predecessor-version":[{"id":108826,"href":"https:\/\/www.koonings.com\/de\/wp-json\/wp\/v2\/pages\/15703\/revisions\/108826"}],"wp:attachment":[{"href":"https:\/\/www.koonings.com\/de\/wp-json\/wp\/v2\/media?parent=15703"}],"curies":[{"name":"wp","href":"https:\/\/api.w.org\/{rel}","templated":true}]}}