{"id":15687,"date":"2024-07-03T23:06:33","date_gmt":"2024-07-03T21:06:33","guid":{"rendered":"https:\/\/www.koonings.com\/deurne\/restaurants\/"},"modified":"2025-04-10T10:08:46","modified_gmt":"2025-04-10T08:08:46","slug":"restaurants","status":"publish","type":"page","link":"https:\/\/www.koonings.com\/de\/deurne\/restaurants\/","title":{"rendered":"Restaurants"},"content":{"rendered":"\r\n\r\n<div class=\"eye-element fullwidth-row alignfull style-both bg--none  alignfull \" style=\" \">\r\n\r\n    <div class=\"container\">\r\n        <div class=\"row\">\r\n            <div class=\"col-12\">\r\n                <div class=\"acf-innerblocks-container\">\n\n<h1 class=\"wp-block-heading has-text-align-center\" id=\"kom-je-bij-ons-eten\">Kommen Sie bei uns essen?<\/h1>\n\n\n\n<h2 class=\"wp-block-heading has-text-align-center h3\" id=\"cheers-to-love\">Cheers to love!<\/h2>\n\n\n\r\n<div class=\"eye-block empty-space empty-space--medium pt-md-4 pb-md-4 pt-3 pb-3\" ><\/div>\n\n\n<div class=\"ghostkit-grid ghostkit-grid-gap-md ghostkit-grid-align-items-center ghostkit-grid-justify-content-center equal-height-columns\"><div class=\"ghostkit-grid-inner\">\n<div class=\"ghostkit-col ghostkit-col-md-12 ghostkit-col-lg-6 ghostkit-col-xl-4 ghostkit-col-3\"><div class=\"ghostkit-col-content is-layout-flow wp-block-ghostkit-grid-column-is-layout-flow\">\r\n<article class=\"eye-element imagelinkcard without-sublinks\"\r\n         style=\"position: relative\">\r\n\t    <a href=\"https:\/\/www.koonings.com\/de\/?page_id=107606\" target=\"\" class=\"main-link\"\r\n       title=\"Inekes Restaurant\">\r\n\t\t        <img decoding=\"async\" src=\"https:\/\/www.koonings.com\/wp-content\/uploads\/2024\/07\/aan-tafel-met-dieren-fv_0.jpg.webp\" srcset=\"https:\/\/www.koonings.com\/wp-content\/uploads\/2024\/07\/aan-tafel-met-dieren-fv_0.jpg.webp\" alt=\"Koonings Inekes Restaurant\"\r\n             class=\"imagelinkcard__image img-fluid\">\r\n\t\t        <!--        <div class=\"shine\"><\/div>-->\r\n    <\/a>\r\n\r\n\t        <div class=\"card-content\">\r\n\t\t\t                <a href=\"https:\/\/www.koonings.com\/de\/?page_id=107606\" target=\"\" class=\"main-link\">\r\n                    <span>Inekes Restaurant<\/span>\r\n                <\/a>\r\n\t\t\t\r\n\t\t\t\r\n\t\t\t        <\/div>\r\n\t<\/article><\/div><\/div>\n\n\n\n<div class=\"ghostkit-col ghostkit-col-md-12 ghostkit-col-lg-6 ghostkit-col-xl-4 ghostkit-col-3\"><div class=\"ghostkit-col-content is-layout-flow wp-block-ghostkit-grid-column-is-layout-flow\">\r\n<article class=\"eye-element imagelinkcard without-sublinks\"\r\n         style=\"position: relative\">\r\n\t    <a href=\"https:\/\/www.koonings.com\/de\/?page_id=107606\" target=\"\" class=\"main-link\"\r\n       title=\"Roberts Trattoria\">\r\n\t\t        <img decoding=\"async\" src=\"https:\/\/www.koonings.com\/wp-content\/uploads\/2024\/07\/koo_menu_bruidegom_trattoriaroberto1-scaled.jpg\" srcset=\"https:\/\/www.koonings.com\/wp-content\/uploads\/2024\/07\/koo_menu_bruidegom_trattoriaroberto1-scaled.jpg\" alt=\"Koonings herenzaak Roberts Trattoria\"\r\n             class=\"imagelinkcard__image img-fluid\">\r\n\t\t        <!--        <div class=\"shine\"><\/div>-->\r\n    <\/a>\r\n\r\n\t        <div class=\"card-content\">\r\n\t\t\t                <a href=\"https:\/\/www.koonings.com\/de\/?page_id=107606\" target=\"\" class=\"main-link\">\r\n                    <span>Roberts Trattoria<\/span>\r\n                <\/a>\r\n\t\t\t\r\n\t\t\t\r\n\t\t\t        <\/div>\r\n\t<\/article><\/div><\/div>\n<\/div><\/div>\n\n<\/div>\r\n            <\/div>\r\n        <\/div>\r\n    <\/div>\r\n\r\n<\/div>\r\n\r\n    \n\n\r\n\r\n<div class=\"eye-element fullwidth-row alignfull faux-bg--lightgray style-right  alignfull \" style=\"\">\r\n<div class=\"bg bg--lightgray\" style=\"\"><\/div>\r\n\r\n    <div class=\"container\">\r\n        <div class=\"row\">\r\n            <div class=\"col-12\">\r\n                <div class=\"acf-innerblocks-container\">\n\n<div class=\"ghostkit-grid ghostkit-grid-gap-md ghostkit-grid-align-items-center\"><div class=\"ghostkit-grid-inner\">\n<div class=\"ghostkit-col ghostkit-col-md-12 ghostkit-col-6 ghostkit-col-align-self-center\"><div class=\"ghostkit-col-content is-layout-flow wp-block-ghostkit-grid-column-is-layout-flow\">\n<h2 class=\"wp-block-heading\" id=\"inekes-restaurant\">Inekes Restaurant<\/h2>\n\n\n\n<p>Ein rosafarbener Hingucker in den R\u00e4umlichkeiten von Koonings. Das Restaurant wurde nach Ineke, Ramonas Mutter, benannt. <\/p>\n\n\n\n<p>Es ist genauso Instagram w\u00fcrdig, wie das Interieur: einen rosa Marshmallow-Kaffee, ein leckeres Carpaccio-Sandwich oder ein hausgemachtes Geb\u00e4ck und viele weitere Leckerbissen warten hier auf Sie.<\/p>\n\n\n\n<div class=\"wp-block-group is-layout-flex wp-block-group-is-layout-flex\">\r\n<div class=\"eye-element bsbutton text-start \" >\r\n\t        <a class=\"btn btn-primary\" href=\"https:\/\/www.koonings.com\/de\/?page_id=107606\"\r\n           target=\"\">Reservieren Sie Ihren Tisch im Voraus<\/a>\r\n\t<\/div>\n\n\r\n<div class=\"eye-element bsbutton text-start \" >\r\n\t        <a class=\"btn btn-outline-secondary\" href=\"https:\/\/www.koonings.com\/de\/?page_id=107606\"\r\n           target=\"\">Inekes Restaurant<\/a>\r\n\t<\/div><\/div>\n<\/div><\/div>\n\n\n\n<div class=\"ghostkit-col ghostkit-col-md-12 ghostkit-col-6\"><div class=\"ghostkit-col-content is-layout-flow wp-block-ghostkit-grid-column-is-layout-flow\">\r\n<div class=\"eye-element images style-default variant-1 multi-image\">\r\n\r\n\t        <div class=\"composition\">\r\n\t\t\t                <div class=\"image-0\">\r\n                    <img decoding=\"async\" class=\"img-fluid\" src=\"https:\/\/www.koonings.com\/wp-content\/uploads\/2024\/07\/inekes_restaurant_9-245x300.webp\" srcset=\"https:\/\/www.koonings.com\/wp-content\/uploads\/2024\/07\/inekes_restaurant_9-245x300.webp 245w, https:\/\/www.koonings.com\/wp-content\/uploads\/2024\/07\/inekes_restaurant_9-835x1024.webp 835w, https:\/\/www.koonings.com\/wp-content\/uploads\/2024\/07\/inekes_restaurant_9-768x942.webp 768w, https:\/\/www.koonings.com\/wp-content\/uploads\/2024\/07\/inekes_restaurant_9.webp 1060w\" alt=\"Koonings Ineke's Restaurant Ines Gomes\">\r\n                <\/div>\r\n\t\t\t\r\n            <div class=\"swiper images-swiper\">\r\n\r\n\t\t\t\t\r\n                <div class=\"swiper-wrapper\">\r\n\t\t\t\t\t                        <li class=\"swiper-slide\">\r\n                            <img decoding=\"async\" class=\" img-fluid\" src=\"https:\/\/www.koonings.com\/wp-content\/uploads\/2024\/07\/inekes_restaurant_3-1024x802.webp\" srcset=\"https:\/\/www.koonings.com\/wp-content\/uploads\/2024\/07\/inekes_restaurant_3.webp\" alt=\"Koonings Ineke's Restaurant Vriendinnen\">\r\n                        <\/li>\r\n\t\t\t\t\t                <\/div>\r\n\r\n                <div class=\"swiper-pagination\"><\/div>\r\n\r\n                <div class=\"swiper-button-prev\"><\/div>\r\n                <div class=\"swiper-button-next\"><\/div>\r\n\r\n            <\/div>\r\n\r\n        <\/div>\r\n\t\r\n\t<\/div><\/div><\/div>\n<\/div><\/div>\n\n<\/div>\r\n            <\/div>\r\n        <\/div>\r\n    <\/div>\r\n\r\n<\/div>\r\n\r\n    \n\n\r\n\r\n<div class=\"eye-element fullwidth-row alignfull faux-bg--white style-left  alignfull \" style=\"\">\r\n<div class=\"bg bg--white\" style=\"\"><\/div>\r\n\r\n    <div class=\"container\">\r\n        <div class=\"row\">\r\n            <div class=\"col-12\">\r\n                <div class=\"acf-innerblocks-container\">\n\n<div class=\"ghostkit-grid ghostkit-grid-gap-md ghostkit-grid-align-items-center\"><div class=\"ghostkit-grid-inner\">\n<div class=\"ghostkit-col ghostkit-col-md-12 ghostkit-col-6\"><div class=\"ghostkit-col-content is-layout-flow wp-block-ghostkit-grid-column-is-layout-flow\">\r\n<div class=\"eye-element images style-default variant-2 multi-image\">\r\n\r\n\t        <div class=\"composition\">\r\n\t\t\t                <div class=\"image-0\">\r\n                    <img decoding=\"async\" class=\"img-fluid\" src=\"https:\/\/www.koonings.com\/wp-content\/uploads\/2024\/07\/IMG_0887-300x281.jpeg\" srcset=\"https:\/\/www.koonings.com\/wp-content\/uploads\/2024\/07\/IMG_0887-300x281.jpeg 300w, https:\/\/www.koonings.com\/wp-content\/uploads\/2024\/07\/IMG_0887-1024x958.jpeg 1024w, https:\/\/www.koonings.com\/wp-content\/uploads\/2024\/07\/IMG_0887-768x719.jpeg 768w, https:\/\/www.koonings.com\/wp-content\/uploads\/2024\/07\/IMG_0887-1536x1437.jpeg 1536w, https:\/\/www.koonings.com\/wp-content\/uploads\/2024\/07\/IMG_0887-2048x1917.jpeg 2048w\" alt=\"Roberts Trattoria\">\r\n                <\/div>\r\n\t\t\t\r\n            <div class=\"swiper images-swiper\">\r\n\r\n\t\t\t\t\r\n                <div class=\"swiper-wrapper\">\r\n\t\t\t\t\t                        <li class=\"swiper-slide\">\r\n                            <img decoding=\"async\" class=\" img-fluid\" src=\"https:\/\/www.koonings.com\/wp-content\/uploads\/2024\/07\/Koonings_wedding_event_Herenzaak_Roberts_Tratoria_10122023_foto_Josanne_van_der_Heijden-2808-jpg-1024x576.webp\" srcset=\"https:\/\/www.koonings.com\/wp-content\/uploads\/2024\/07\/Koonings_wedding_event_Herenzaak_Roberts_Tratoria_10122023_foto_Josanne_van_der_Heijden-2808-jpg.webp\" alt=\"Koonings herenzaak Roberts Trattoria\">\r\n                        <\/li>\r\n\t\t\t\t\t                <\/div>\r\n\r\n                <div class=\"swiper-pagination\"><\/div>\r\n\r\n                <div class=\"swiper-button-prev\"><\/div>\r\n                <div class=\"swiper-button-next\"><\/div>\r\n\r\n            <\/div>\r\n\r\n        <\/div>\r\n\t\r\n\t<\/div><\/div><\/div>\n\n\n\n<div class=\"ghostkit-col ghostkit-col-md-12 ghostkit-col-6\"><div class=\"ghostkit-col-content is-layout-flow wp-block-ghostkit-grid-column-is-layout-flow\">\n<h2 class=\"wp-block-heading\" id=\"roberts-trattoria\">Roberts Trattoria<\/h2>\n\n\n\n<p>Roberts Trattoria ist ein italienisches Restaurant innerhalb der R\u00e4umlichkeiten von Koonings. Dieses Restaurant ist nach Ramonas Sohn benannt. <\/p>\n\n\n\n<p>Hier genie\u00dfen Sie und Ihre Entourage ein gutes Glas Whisky an der Bar. Setzen Sie sich an den Tisch f\u00fcr einen \u00fcppigen Aperitivo. Oder sehen Sie zu, wie Ihre Pizza in dem einzigartigen Pizzaofen knusprig wird. Kommen Sie zu Koonings, um Hochzeitsanz\u00fcge anzuprobieren? Dann genie\u00dfen Sie einen besonderen Moment in der Vorbereitung auf Ihren gro\u00dfen Tag.    <\/p>\n\n\n\n<div class=\"wp-block-group is-layout-flex wp-block-group-is-layout-flex\">\r\n<div class=\"eye-element bsbutton text-start \" >\r\n\t        <a class=\"btn btn-primary\" href=\"https:\/\/www.koonings.com\/de\/?page_id=107606\"\r\n           target=\"\">Reservieren Sie Ihren Tisch im Voraus<\/a>\r\n\t<\/div>\n\n\r\n<div class=\"eye-element bsbutton text-start \" >\r\n\t        <a class=\"btn btn-outline-secondary\" href=\"https:\/\/www.koonings.com\/de\/?page_id=107606\"\r\n           target=\"\">Mehr Infos<\/a>\r\n\t<\/div><\/div>\n<\/div><\/div>\n<\/div><\/div>\n\n<\/div>\r\n            <\/div>\r\n        <\/div>\r\n    <\/div>\r\n\r\n<\/div>\r\n\r\n    \n\n\r\n\r\n<div class=\"eye-element fullwidth-row alignfull faux-bg--lightgray style-right  alignfull \" style=\"\">\r\n<div class=\"bg bg--lightgray\" style=\"\"><\/div>\r\n\r\n    <div class=\"container\">\r\n        <div class=\"row\">\r\n            <div class=\"col-12\">\r\n                <div class=\"acf-innerblocks-container\">\n\n<div class=\"ghostkit-grid ghostkit-grid-gap-md ghostkit-grid-align-items-center\"><div class=\"ghostkit-grid-inner\">\n<div class=\"ghostkit-col ghostkit-col-md-12 ghostkit-col-6 ghostkit-col-align-self-center\"><div class=\"ghostkit-col-content is-layout-flow wp-block-ghostkit-grid-column-is-layout-flow\">\n<h2 class=\"wp-block-heading\" id=\"inekes-restaurant\">Buchen Sie Ihren High-Tea oder High-Wine<\/h2>\n\n\n\n<p>Eine Etagere voller K\u00f6stlichkeiten und eine dampfende Kanne Kaffee oder Tee. Was m\u00f6chten Sie sonst noch? Denn zus\u00e4tzlich zum Genuss unseres \u00c0-la-carte-Men\u00fcs, k\u00f6nnen Sie bei Ineke&#8217;s bei einem bis ins kleinste Detail verfeinerten High-Tea oder High-Wine in Tr\u00e4umen versinken. Genie\u00dfen Sie gemeinsam mit Ihrer Begleitung eine luxuri\u00f6se Verkostung verschiedenster K\u00f6stlichkeiten in unserem rosafarbenen Restaurant.    <\/p>\n\n\n\r\n<div class=\"eye-element bsbutton text-start \" >\r\n\t        <a class=\"btn btn-primary\" href=\"https:\/\/www.koonings.com\/de\/?page_id=107606\"\r\n           target=\"\">Buchen Sie Ihren High-Tea oder High-Wine<\/a>\r\n\t<\/div><\/div><\/div>\n\n\n\n<div class=\"ghostkit-col ghostkit-col-md-12 ghostkit-col-6\"><div class=\"ghostkit-col-content is-layout-flow wp-block-ghostkit-grid-column-is-layout-flow\">\r\n<div class=\"eye-element images style-default variant-1 multi-image\">\r\n\r\n\t        <div class=\"composition\">\r\n\t\t\t                <div class=\"image-0\">\r\n                    <img decoding=\"async\" class=\"img-fluid\" src=\"https:\/\/www.koonings.com\/wp-content\/uploads\/2024\/07\/inekes_restaurant_5-300x185.png\" srcset=\"https:\/\/www.koonings.com\/wp-content\/uploads\/2024\/07\/inekes_restaurant_5-300x185.png 300w, https:\/\/www.koonings.com\/wp-content\/uploads\/2024\/07\/inekes_restaurant_5.png 416w\" alt=\"Koonings Ineke's Restaurant Hightea\">\r\n                <\/div>\r\n\t\t\t\r\n            <div class=\"swiper images-swiper\">\r\n\r\n\t\t\t\t\r\n                <div class=\"swiper-wrapper\">\r\n\t\t\t\t\t                        <li class=\"swiper-slide\">\r\n                            <img decoding=\"async\" class=\" img-fluid\" src=\"https:\/\/www.koonings.com\/wp-content\/uploads\/2024\/07\/inekes_restaurant_6.png\" srcset=\"https:\/\/www.koonings.com\/wp-content\/uploads\/2024\/07\/inekes_restaurant_6.png\" alt=\"Koonings Ineke's Restaurant Hightea\">\r\n                        <\/li>\r\n\t\t\t\t\t                <\/div>\r\n\r\n                <div class=\"swiper-pagination\"><\/div>\r\n\r\n                <div class=\"swiper-button-prev\"><\/div>\r\n                <div class=\"swiper-button-next\"><\/div>\r\n\r\n            <\/div>\r\n\r\n        <\/div>\r\n\t\r\n\t<\/div><\/div><\/div>\n<\/div><\/div>\n\n<\/div>\r\n            <\/div>\r\n        <\/div>\r\n    <\/div>\r\n\r\n<\/div>\r\n\r\n    \n\n\r\n\r\n<div class=\"eye-element fullwidth-row alignfull style-both bg--none  alignfull \" style=\" \">\r\n\r\n    <div class=\"container\">\r\n        <div class=\"row\">\r\n            <div class=\"col-12\">\r\n                <div class=\"acf-innerblocks-container\">\n\n<h2 class=\"wp-block-heading has-text-align-center\" id=\"kom-je-bij-ons-eten\">\u00d6ffnungszeiten<\/h2>\n\n\n\n<div class=\"d-flex justify-content-center\">\n<\/div>\n\n\n\n<figure class=\"wp-block-table text-table\"><table class=\"has-fixed-layout\"><tbody><tr><td>Montag<\/td><td>09.30 &#8211; 17.00<\/td><\/tr><tr><td>Dienstag<\/td><td>geschlossen<\/td><\/tr><tr><td>Mittwoch<\/td><td>09.30 &#8211; 17.00<\/td><\/tr><tr><td>Donnerstag<\/td><td>09.30 &#8211; 17.00<\/td><\/tr><tr><td>Freitag<\/td><td>09.30 &#8211; 17.00<\/td><\/tr><tr><td>Samstag<\/td><td>10.00 &#8211; 17.30<\/td><\/tr><tr><td>(nicht jeden) Sonntag<\/td><td>11.00 &#8211; 16.00<\/td><\/tr><\/tbody><\/table><\/figure>\n\n\n\n\n\r\n<div class=\"eye-block empty-space empty-space--medium pt-md-4 pb-md-4 pt-3 pb-3\" ><\/div>\n\n\r\n<div class=\"eye-element externalwidget\">\r\n\r\n\r\n    <script src=\"https:\/\/apps.elfsight.com\/p\/platform.js\" type=\"text\/plain\" data-cookieconsent=\"marketing\" defer><\/script>\r\n    <div class=\"elfsight-app-84387a6f-6197-4014-8abf-8754ffafad84\"><\/div>\r\n\r\n    <div class=\"cookieconsent-opt-out cookieconsent-optout-marketing\">\r\n                    <p>Akzeptieren Sie Cookies, um das Instagram-Feed-Widget von Inekes Restaurant zu sehen.<\/p>\r\n                <a class=\"btn btn-outline-primary\" href=\"javascript:Cookiebot.renew()\">Cookie-Einstellungen<\/a>\r\n    <\/div>\r\n\r\n\r\n<\/div>\n<\/div>\r\n            <\/div>\r\n        <\/div>\r\n    <\/div>\r\n\r\n<\/div>\r\n\r\n    ","protected":false},"excerpt":{"rendered":"","protected":false},"author":1,"featured_media":0,"parent":12424,"menu_order":0,"comment_status":"closed","ping_status":"closed","template":"","meta":{"_acf_changed":false,"ghostkit_customizer_options":"","ghostkit_custom_css":"","ghostkit_custom_js_head":"","ghostkit_custom_js_foot":"","ghostkit_typography":"","footnotes":""},"class_list":["post-15687","page","type-page","status-publish","hentry"],"acf":[],"yoast_head":"<!-- This site is optimized with the Yoast SEO plugin v27.3 - https:\/\/yoast.com\/product\/yoast-seo-wordpress\/ -->\n<title>Restaurants | Koonings<\/title>\n<meta name=\"robots\" content=\"index, follow, max-snippet:-1, max-image-preview:large, max-video-preview:-1\" \/>\n<link rel=\"canonical\" href=\"https:\/\/www.koonings.com\/de\/deurne\/restaurants\/\" \/>\n<meta property=\"og:locale\" content=\"de_DE\" \/>\n<meta property=\"og:type\" content=\"article\" \/>\n<meta property=\"og:title\" content=\"Restaurants | Koonings\" \/>\n<meta property=\"og:url\" content=\"https:\/\/www.koonings.com\/de\/deurne\/restaurants\/\" \/>\n<meta property=\"og:site_name\" content=\"Koonings\" \/>\n<meta property=\"article:publisher\" content=\"https:\/\/www.facebook.com\/kooningstheweddingpalace\" \/>\n<meta property=\"article:modified_time\" content=\"2025-04-10T08:08:46+00:00\" \/>\n<meta property=\"og:image\" content=\"https:\/\/www.koonings.com\/wp-content\/uploads\/2024\/06\/palace-hero-screenshot-1024x575.png\" \/>\n\t<meta property=\"og:image:width\" content=\"1024\" \/>\n\t<meta property=\"og:image:height\" content=\"575\" \/>\n\t<meta property=\"og:image:type\" content=\"image\/png\" \/>\n<meta name=\"twitter:card\" content=\"summary_large_image\" \/>\n<meta name=\"twitter:label1\" content=\"Gesch\u00e4tzte Lesezeit\" \/>\n\t<meta name=\"twitter:data1\" content=\"1\u00a0Minute\" \/>\n<script type=\"application\/ld+json\" class=\"yoast-schema-graph\">{\"@context\":\"https:\\\/\\\/schema.org\",\"@graph\":[{\"@type\":\"WebPage\",\"@id\":\"https:\\\/\\\/www.koonings.com\\\/de\\\/deurne\\\/restaurants\\\/\",\"url\":\"https:\\\/\\\/www.koonings.com\\\/de\\\/deurne\\\/restaurants\\\/\",\"name\":\"Restaurants | Koonings\",\"isPartOf\":{\"@id\":\"https:\\\/\\\/www.koonings.com\\\/de\\\/#website\"},\"datePublished\":\"2024-07-03T21:06:33+00:00\",\"dateModified\":\"2025-04-10T08:08:46+00:00\",\"breadcrumb\":{\"@id\":\"https:\\\/\\\/www.koonings.com\\\/de\\\/deurne\\\/restaurants\\\/#breadcrumb\"},\"inLanguage\":\"de\",\"potentialAction\":[{\"@type\":\"ReadAction\",\"target\":[\"https:\\\/\\\/www.koonings.com\\\/de\\\/deurne\\\/restaurants\\\/\"]}]},{\"@type\":\"BreadcrumbList\",\"@id\":\"https:\\\/\\\/www.koonings.com\\\/de\\\/deurne\\\/restaurants\\\/#breadcrumb\",\"itemListElement\":[{\"@type\":\"ListItem\",\"position\":1,\"name\":\"Home\",\"item\":\"https:\\\/\\\/www.koonings.com\\\/de\\\/\"},{\"@type\":\"ListItem\",\"position\":2,\"name\":\"Deurne\",\"item\":\"https:\\\/\\\/www.koonings.com\\\/de\\\/deurne\\\/\"},{\"@type\":\"ListItem\",\"position\":3,\"name\":\"Restaurants\"}]},{\"@type\":\"WebSite\",\"@id\":\"https:\\\/\\\/www.koonings.com\\\/de\\\/#website\",\"url\":\"https:\\\/\\\/www.koonings.com\\\/de\\\/\",\"name\":\"Koonings\",\"description\":\"De grootste bruidsmodewinkel ter wereld\",\"publisher\":{\"@id\":\"https:\\\/\\\/www.koonings.com\\\/de\\\/#organization\"},\"potentialAction\":[{\"@type\":\"SearchAction\",\"target\":{\"@type\":\"EntryPoint\",\"urlTemplate\":\"https:\\\/\\\/www.koonings.com\\\/de\\\/?s={search_term_string}\"},\"query-input\":{\"@type\":\"PropertyValueSpecification\",\"valueRequired\":true,\"valueName\":\"search_term_string\"}}],\"inLanguage\":\"de\"},{\"@type\":\"Organization\",\"@id\":\"https:\\\/\\\/www.koonings.com\\\/de\\\/#organization\",\"name\":\"Koonings\",\"url\":\"https:\\\/\\\/www.koonings.com\\\/de\\\/\",\"logo\":{\"@type\":\"ImageObject\",\"inLanguage\":\"de\",\"@id\":\"https:\\\/\\\/www.koonings.com\\\/de\\\/#\\\/schema\\\/logo\\\/image\\\/\",\"url\":\"https:\\\/\\\/www.koonings.com\\\/wp-content\\\/uploads\\\/2024\\\/07\\\/logo.png\",\"contentUrl\":\"https:\\\/\\\/www.koonings.com\\\/wp-content\\\/uploads\\\/2024\\\/07\\\/logo.png\",\"width\":600,\"height\":428,\"caption\":\"Koonings\"},\"image\":{\"@id\":\"https:\\\/\\\/www.koonings.com\\\/de\\\/#\\\/schema\\\/logo\\\/image\\\/\"},\"sameAs\":[\"https:\\\/\\\/www.facebook.com\\\/kooningstheweddingpalace\",\"https:\\\/\\\/www.instagram.com\\\/kooningstheweddingpalace\",\"https:\\\/\\\/www.pinterest.com\\\/koonings\",\"https:\\\/\\\/www.youtube.com\\\/kooningstheweddingpalace\"]}]}<\/script>\n<!-- \/ Yoast SEO plugin. -->","yoast_head_json":{"title":"Restaurants | Koonings","robots":{"index":"index","follow":"follow","max-snippet":"max-snippet:-1","max-image-preview":"max-image-preview:large","max-video-preview":"max-video-preview:-1"},"canonical":"https:\/\/www.koonings.com\/de\/deurne\/restaurants\/","og_locale":"de_DE","og_type":"article","og_title":"Restaurants | Koonings","og_url":"https:\/\/www.koonings.com\/de\/deurne\/restaurants\/","og_site_name":"Koonings","article_publisher":"https:\/\/www.facebook.com\/kooningstheweddingpalace","article_modified_time":"2025-04-10T08:08:46+00:00","og_image":[{"width":1024,"height":575,"url":"https:\/\/www.koonings.com\/wp-content\/uploads\/2024\/06\/palace-hero-screenshot-1024x575.png","type":"image\/png"}],"twitter_card":"summary_large_image","twitter_misc":{"Gesch\u00e4tzte Lesezeit":"1\u00a0Minute"},"schema":{"@context":"https:\/\/schema.org","@graph":[{"@type":"WebPage","@id":"https:\/\/www.koonings.com\/de\/deurne\/restaurants\/","url":"https:\/\/www.koonings.com\/de\/deurne\/restaurants\/","name":"Restaurants | Koonings","isPartOf":{"@id":"https:\/\/www.koonings.com\/de\/#website"},"datePublished":"2024-07-03T21:06:33+00:00","dateModified":"2025-04-10T08:08:46+00:00","breadcrumb":{"@id":"https:\/\/www.koonings.com\/de\/deurne\/restaurants\/#breadcrumb"},"inLanguage":"de","potentialAction":[{"@type":"ReadAction","target":["https:\/\/www.koonings.com\/de\/deurne\/restaurants\/"]}]},{"@type":"BreadcrumbList","@id":"https:\/\/www.koonings.com\/de\/deurne\/restaurants\/#breadcrumb","itemListElement":[{"@type":"ListItem","position":1,"name":"Home","item":"https:\/\/www.koonings.com\/de\/"},{"@type":"ListItem","position":2,"name":"Deurne","item":"https:\/\/www.koonings.com\/de\/deurne\/"},{"@type":"ListItem","position":3,"name":"Restaurants"}]},{"@type":"WebSite","@id":"https:\/\/www.koonings.com\/de\/#website","url":"https:\/\/www.koonings.com\/de\/","name":"Koonings","description":"De grootste bruidsmodewinkel ter wereld","publisher":{"@id":"https:\/\/www.koonings.com\/de\/#organization"},"potentialAction":[{"@type":"SearchAction","target":{"@type":"EntryPoint","urlTemplate":"https:\/\/www.koonings.com\/de\/?s={search_term_string}"},"query-input":{"@type":"PropertyValueSpecification","valueRequired":true,"valueName":"search_term_string"}}],"inLanguage":"de"},{"@type":"Organization","@id":"https:\/\/www.koonings.com\/de\/#organization","name":"Koonings","url":"https:\/\/www.koonings.com\/de\/","logo":{"@type":"ImageObject","inLanguage":"de","@id":"https:\/\/www.koonings.com\/de\/#\/schema\/logo\/image\/","url":"https:\/\/www.koonings.com\/wp-content\/uploads\/2024\/07\/logo.png","contentUrl":"https:\/\/www.koonings.com\/wp-content\/uploads\/2024\/07\/logo.png","width":600,"height":428,"caption":"Koonings"},"image":{"@id":"https:\/\/www.koonings.com\/de\/#\/schema\/logo\/image\/"},"sameAs":["https:\/\/www.facebook.com\/kooningstheweddingpalace","https:\/\/www.instagram.com\/kooningstheweddingpalace","https:\/\/www.pinterest.com\/koonings","https:\/\/www.youtube.com\/kooningstheweddingpalace"]}]}},"_links":{"self":[{"href":"https:\/\/www.koonings.com\/de\/wp-json\/wp\/v2\/pages\/15687","targetHints":{"allow":["GET"]}}],"collection":[{"href":"https:\/\/www.koonings.com\/de\/wp-json\/wp\/v2\/pages"}],"about":[{"href":"https:\/\/www.koonings.com\/de\/wp-json\/wp\/v2\/types\/page"}],"author":[{"embeddable":true,"href":"https:\/\/www.koonings.com\/de\/wp-json\/wp\/v2\/users\/1"}],"replies":[{"embeddable":true,"href":"https:\/\/www.koonings.com\/de\/wp-json\/wp\/v2\/comments?post=15687"}],"version-history":[{"count":4,"href":"https:\/\/www.koonings.com\/de\/wp-json\/wp\/v2\/pages\/15687\/revisions"}],"predecessor-version":[{"id":83660,"href":"https:\/\/www.koonings.com\/de\/wp-json\/wp\/v2\/pages\/15687\/revisions\/83660"}],"up":[{"embeddable":true,"href":"https:\/\/www.koonings.com\/de\/wp-json\/wp\/v2\/pages\/12424"}],"wp:attachment":[{"href":"https:\/\/www.koonings.com\/de\/wp-json\/wp\/v2\/media?parent=15687"}],"curies":[{"name":"wp","href":"https:\/\/api.w.org\/{rel}","templated":true}]}}