{"id":15667,"date":"2024-07-17T17:18:28","date_gmt":"2024-07-17T15:18:28","guid":{"rendered":"https:\/\/www.koonings.com\/braeutigam\/hochzeitsanzuege\/"},"modified":"2025-09-29T12:25:51","modified_gmt":"2025-09-29T10:25:51","slug":"hochzeitsanzuege","status":"publish","type":"page","link":"https:\/\/www.koonings.com\/de\/braeutigam\/hochzeitsanzuege\/","title":{"rendered":"Hochzeitsanz\u00fcge"},"content":{"rendered":"\r\n\r\n<div class=\"eye-element fullwidth-row alignfull style-both bg--none  alignfull \" style=\" \">\r\n\r\n    <div class=\"container\">\r\n        <div class=\"row\">\r\n            <div class=\"col-12\">\r\n                <div class=\"acf-innerblocks-container\">\n\n<h1 class=\"wp-block-heading\" id=\"trouwpakken-1\">Hochzeitsanz\u00fcge<\/h1>\n\n\n\n<p>Kein Tag ist so wichtig wie Ihr Hochzeitstag. Ihr Hochzeitsanzug ist daher vielleicht das aufregendste Outfit, das Sie je gew\u00e4hlt haben. Entdecken Sie jetzt die wundersch\u00f6ne Kollektion an Hochzeitsanz\u00fcgen und vereinbaren Sie gleich einen Termin, damit Sie selbstbewusst Ja sagen k\u00f6nnen.  <\/p>\n\n\n\r\n<section class=\"eye-block productsindex\">\r\n\r\n    \r\n        <h2 style=\"text-align: center\">PRODUCTOVERZICHT<\/h2>\r\n\r\n    \r\n<\/section>\r\n\r\n\r\n\r\n<section class=\"product_filter_text\">\r\n    <\/section>\n<\/div>\r\n            <\/div>\r\n        <\/div>\r\n    <\/div>\r\n\r\n<\/div>\r\n\r\n    \r\n\r\n<div class=\"eye-element fullwidth-row alignfull style-both bg--none  alignfull \" style=\" \">\r\n\r\n    <div class=\"container\">\r\n        <div class=\"row\">\r\n            <div class=\"col-12\">\r\n                <div class=\"acf-innerblocks-container\">\n\n<h2 class=\"wp-block-heading\" id=\"trouwpakken\">Hochzeitsanz\u00fcge<\/h2>\n\n\n\n<h3 class=\"wp-block-heading\" id=\"nieuw\">Unser neuer Herrenausstatter, Ihr ultimatives Hochzeitserlebnis<\/h3>\n\n\n\n<p>Unser Herrenausstatter wird komplett umgestaltet, damit wir Ihnen w\u00e4hrend Ihres Termins ein ganz besonderes Hochzeitserlebnis bieten k\u00f6nnen. Am 1. Januar 2024 \u00f6ffnen wir die T\u00fcren unseres neuen Herrenladens mit den allerneuesten Anz\u00fcgen und einer italienischen Trattoria, in der Sie und Ihr Gefolge einen Snack und ein gutes Glas Wein genie\u00dfen k\u00f6nnen. Ein besonderer Moment im Vorfeld Ihres gro\u00dfen Tages.    <\/p>\n\n\n\r\n<div class=\"eye-element bsbutton text-start \" >\r\n\t        <a class=\"btn btn-primary\" href=\"Termin machen | Koonings\"\r\n           target=\"\">Vereinbare jetzt deinen Termin<\/a>\r\n\t<\/div>\n\n\r\n<div class=\"eye-block empty-space empty-space--small pt-md-3 pb-md-3 pt-2 pb-2\" ><\/div>\n\n\n<h3 class=\"wp-block-heading\" id=\"trouwpakken-passen-bij-koonings\">Anprobe von Hochzeitsanz\u00fcgen bei Koonings<\/h3>\n\n\n\n<p>Treten Sie ein in die Herrenmodeabteilung von Koonings. Hier k\u00f6nnen Sie mit Ihrem Trauzeugen ungest\u00f6rt Hochzeitsanz\u00fcge anprobieren. An der robusten Bar schenken wir Ihnen gerne einen Drink ein. Suchen Sie nach dem perfekten Hochzeitsanzug. Entscheiden Sie sich f\u00fcr einen modernen Hochzeitsanzug in einer Trendfarbe wie Gr\u00fcn oder Blau? Oder einen klassischen Anzug mit einem einzigartigen barocken Aufdruck? Die M\u00f6glichkeiten sind endlos.      <br\/> <\/p>\n\n\n\n<h3 class=\"wp-block-heading\" id=\"trouwpakken-van-topmerken\">Hochzeitsanz\u00fcge von Top-Marken<\/h3>\n\n\n\n<p>Unsere Anzugskollektion besteht aus modernen Hochzeitsanz\u00fcgen f\u00fchrender Marken, darunter Immediate, Wilvorst und Guglielmo G. So k\u00f6nnen Sie sich der besten Qualit\u00e4t sicher sein und in der umfangreichen Kollektion finden Sie sicher etwas, das zu Ihnen passt. Bei Guglielmo G ist es sogar m\u00f6glich, Ihren eigenen Anzug zusammenzustellen. <\/p>\n\n\n\n<p><strong>Vervollst\u00e4ndigen Sie Ihren Hochzeitslook<\/strong><br\/>Bringen Sie Ihren Hochzeitsanzug mit sch\u00f6nen Accessoires auf die n\u00e4chste Stufe. Unsere erfahrenen Stylisten sorgen daf\u00fcr, dass Ihre Accessoires zu Ihrem Anzug passen. Vervollst\u00e4ndigen Sie Ihren Hochzeitslook mit einem sch\u00f6nen Paar Schuhe, einem Hemd, einer Weste oder einem G\u00fcrtel. In unserer Herrenabteilung finden Sie auch Manschettenkn\u00f6pfe, Einsteckt\u00fccher und sogar passende Unterw\u00e4sche. Entscheiden Sie sich f\u00fcr eine klassische Krawatte oder eine sch\u00f6ne Fliege? Die M\u00f6glichkeiten sind endlos.     <br\/> <\/p>\n\n\n\n<h3 class=\"wp-block-heading\" id=\"het-belang-van-het-juiste-trouwpak\">Die Bedeutung des richtigen Hochzeitsanzugs<\/h3>\n\n\n\n<ul class=\"wp-block-list\">\n<li><strong>Selbstvertrauen und Aussehen: <\/strong>Das Tragen des richtigen Hochzeitsanzugs st\u00e4rkt Ihr Selbstvertrauen. Und das ist wichtig, um sich an diesem aufregenden Tag wohlzuf\u00fchlen. Ein Anzug, der zu Ihrer Pers\u00f6nlichkeit und Ihrem Stil passt, wird Sie an Ihrem Hochzeitstag zum Strahlen bringen.  <\/li>\n\n\n\n<li><strong>Komfort den ganzen Tag:<\/strong> In einem gut sitzenden Hochzeitsanzug werden Sie sich den ganzen Tag und die ganze Nacht \u00fcber wohlf\u00fchlen, von der Zeremonie bis zur Party.  <\/li>\n\n\n\n<li><strong>Erinnerungen und Fotos:<\/strong> Hochzeitsfotos sind bleibende Erinnerungen an Ihren besonderen Tag. Es w\u00e4re eine Schande, wenn Sie einen Anzug tragen, der nicht gut sitzt oder nicht zum Stil Ihrer Hochzeit passt. Der perfekte Hochzeitsanzug tr\u00e4gt zur optischen Attraktivit\u00e4t dieser Erinnerungen bei und wird dem Br\u00e4utigam und seiner Partnerin noch viele Jahre lang Freude bereiten.  <br\/> <\/li>\n<\/ul>\n\n\n\n<h3 class=\"wp-block-heading\" id=\"hoe-kies-je-het-perfecte-trouwpak\">Wie Sie den perfekten Hochzeitsanzug ausw\u00e4hlen<\/h3>\n\n\n\n<p>Die Wahl des perfekten Hochzeitsanzugs erfordert Zeit und Aufmerksamkeit. Nat\u00fcrlich m\u00f6chten Sie an Ihrem Hochzeitstag gut aussehen. Daher sollten Sie die folgenden Dinge im Voraus bedenken:  <\/p>\n\n\n\n<ul class=\"wp-block-list\">\n<li><strong>Legen Sie Ihr Budget fest: <\/strong>Legen Sie ein Budget f\u00fcr Ihren Hochzeitsanzug fest und halten Sie es ein. So bleiben Sie innerhalb Ihres finanziellen Rahmens und vermeiden, dass Sie sich \u00fcberfordern. <\/li>\n\n\n\n<li><strong>W\u00e4hlen Sie die richtige Farbe: <\/strong>\u00dcberlegen Sie, welche Farbe Ihr Hochzeitsanzug haben soll und wie er zum Farbschema der Hochzeit passt. Traditionell sind schwarze, graue und blaue Anz\u00fcge beliebt, aber die M\u00f6glichkeiten sind endlos. <\/li>\n\n\n\n<li><strong>Komfort ist wichtig:<\/strong> Achten Sie darauf, dass der Hochzeitsanzug bequem ist und dass Sie sich darin frei bewegen k\u00f6nnen. Sie werden den Anzug den ganzen Tag tragen, also sollte er nicht dr\u00fccken oder Unbehagen verursachen. <\/li>\n\n\n\n<li><strong>Materialwahl:<\/strong> W\u00e4hlen Sie das Material Ihres Hochzeitsanzugs je nach Jahreszeit und Ort der Hochzeit. Wolle ist zum Beispiel f\u00fcr k\u00e4ltere Jahreszeiten geeignet. <\/li>\n\n\n\n<li><strong>Accessoires:<\/strong> Denken Sie an die Accessoires, die Sie tragen m\u00f6chten, wie zum Beispiel eine Krawatte, eine Fliege, Manschettenkn\u00f6pfe und Schuhe. Diese sollten zum Anzug passen und Ihr Gesamtbild vervollst\u00e4ndigen. <\/li>\n<\/ul>\n\n\n\n<h3 class=\"wp-block-heading\" id=\"laat-je-adviseren-door-onze-ervaren-stylisten\"><br\/>Lassen Sie sich von unseren erfahrenen Stylisten beraten  <\/h3>\n\n\n\n<p>Das klingt nach einer Menge, die Sie ber\u00fccksichtigen m\u00fcssen. Aber unsere erfahrenen Stylisten sind f\u00fcr Sie da und wissen genau, was zu tun ist. Sie wissen, welche Anz\u00fcge auf der Grundlage Ihres K\u00f6rperbaus, Ihrer Stilvorlieben und Ihres Budgets am besten geeignet sind. Mit ihrem umfassenden Wissen \u00fcber Hochzeitsanz\u00fcge, ihrem frischen Blick und ihrem Einblick in die neuesten Trends und zeitlosen Designs finden sie mit Sicherheit Ihren perfekten Hochzeitsanzug. Sie brauchen sich also um nichts zu k\u00fcmmern!    <\/p>\n\n\n\r\n<div class=\"eye-element bsbutton text-start \" >\r\n\t        <a class=\"btn btn-primary\" href=\"Termin machen | Koonings\"\r\n           target=\"\">Vereinbare jetzt deinen Termin<\/a>\r\n\t<\/div>\n\n\r\n<div class=\"eye-block empty-space empty-space--small pt-md-3 pb-md-3 pt-2 pb-2\" ><\/div>\n\n\n<h3 class=\"wp-block-heading\" id=\"jouw-trouwpak-matchen-met-de-jurk-van-je-aanstaande\">Passen Sie Ihren Hochzeitsanzug an das Kleid Ihrer zuk\u00fcnftigen Braut an  <\/h3>\n\n\n\n<p>Hat Ihre zuk\u00fcnftige Braut ihr Kleid bei Koonings gefunden? Oder haben Sie einen gemeinsamen Tag bei Koonings geplant? Wie sch\u00f6n! Unsere Stylisten k\u00f6nnen daf\u00fcr sorgen, dass Ihr Hochzeitsanzug perfekt zum Kleid Ihrer zuk\u00fcnftigen Braut passt, ohne dass Sie bereits das Hochzeitsoutfit des jeweils anderen gesehen haben. Der Stylist wird gerne die zus\u00e4tzlichen Meter hoch und runter laufen, um sicherzustellen, dass Sie beide in Ihrem eigenen Stil, aber passend zueinander, vor den Altar treten.<br\/> <\/p>\n\n\n\n<h3 class=\"wp-block-heading\" id=\"een-trouwpak-dat-perfect-past\">Ein Hochzeitsanzug, der perfekt passt  <\/h3>\n\n\n\n<p>Dank unseres hauseigenen Ateliers k\u00f6nnen wir Ihren Hochzeitsanzug vollst\u00e4ndig ma\u00dfschneidern. Wir passen selbst die kleinsten Details an oder erf\u00fcllen Sonderw\u00fcnsche. Ohne etwas zu verraten, versteht sich! Sie werden ein wundersch\u00f6nes Paar sein, wenn Sie sich zum ersten Mal treffen, wenn Sie sich das Ja-Wort geben und auf allen Fotos Ihres unvergesslichen Tages.     <\/p>\n\n\n\r\n<div class=\"eye-element bsbutton text-start \" >\r\n\t        <a class=\"btn btn-primary\" href=\"Termin machen | Koonings\"\r\n           target=\"\">Vereinbare jetzt deinen Termin<\/a>\r\n\t<\/div>\n<\/div>\r\n            <\/div>\r\n        <\/div>\r\n    <\/div>\r\n\r\n<\/div>\r\n\r\n    ","protected":false},"excerpt":{"rendered":"","protected":false},"author":1,"featured_media":0,"parent":15659,"menu_order":0,"comment_status":"closed","ping_status":"closed","template":"","meta":{"_acf_changed":false,"ghostkit_customizer_options":"","ghostkit_custom_css":"","ghostkit_custom_js_head":"","ghostkit_custom_js_foot":"","ghostkit_typography":"","footnotes":""},"class_list":["post-15667","page","type-page","status-publish","hentry"],"acf":[],"yoast_head":"<!-- This site is optimized with the Yoast SEO plugin v27.3 - https:\/\/yoast.com\/product\/yoast-seo-wordpress\/ -->\n<title>Finden Sie Ihren perfekten ma\u00dfgeschneiderten Hochzeitsanzug | Koonings<\/title>\n<meta name=\"description\" content=\"Sind Sie auf der Suche nach dem perfekten Hochzeitsanzug? Bei Koonings finden Sie trendige und klassische Hochzeitsanz\u00fcge von internationalen Designern \u2714\ufe0fUnieke Kollektion \u2714\ufe0fErvaren Stylisten\" \/>\n<meta name=\"robots\" content=\"index, follow, max-snippet:-1, max-image-preview:large, max-video-preview:-1\" \/>\n<link rel=\"canonical\" href=\"https:\/\/www.koonings.com\/de\/braeutigam\/hochzeitsanzuege\/\" \/>\n<meta property=\"og:locale\" content=\"de_DE\" \/>\n<meta property=\"og:type\" content=\"article\" \/>\n<meta property=\"og:title\" content=\"Finden Sie Ihren perfekten ma\u00dfgeschneiderten Hochzeitsanzug | Koonings\" \/>\n<meta property=\"og:description\" content=\"Sind Sie auf der Suche nach dem perfekten Hochzeitsanzug? Bei Koonings finden Sie trendige und klassische Hochzeitsanz\u00fcge von internationalen Designern \u2714\ufe0fUnieke Kollektion \u2714\ufe0fErvaren Stylisten\" \/>\n<meta property=\"og:url\" content=\"https:\/\/www.koonings.com\/de\/braeutigam\/hochzeitsanzuege\/\" \/>\n<meta property=\"og:site_name\" content=\"Koonings\" \/>\n<meta property=\"article:publisher\" content=\"https:\/\/www.facebook.com\/kooningstheweddingpalace\" \/>\n<meta property=\"article:modified_time\" content=\"2025-09-29T10:25:51+00:00\" \/>\n<meta property=\"og:image\" content=\"https:\/\/www.koonings.com\/wp-content\/uploads\/2024\/06\/palace-hero-screenshot-1024x575.png\" \/>\n\t<meta property=\"og:image:width\" content=\"1024\" \/>\n\t<meta property=\"og:image:height\" content=\"575\" \/>\n\t<meta property=\"og:image:type\" content=\"image\/png\" \/>\n<meta name=\"twitter:card\" content=\"summary_large_image\" \/>\n<meta name=\"twitter:label1\" content=\"Gesch\u00e4tzte Lesezeit\" \/>\n\t<meta name=\"twitter:data1\" content=\"5\u00a0Minuten\" \/>\n<script type=\"application\/ld+json\" class=\"yoast-schema-graph\">{\"@context\":\"https:\\\/\\\/schema.org\",\"@graph\":[{\"@type\":\"WebPage\",\"@id\":\"https:\\\/\\\/www.koonings.com\\\/de\\\/braeutigam\\\/hochzeitsanzuege\\\/\",\"url\":\"https:\\\/\\\/www.koonings.com\\\/de\\\/braeutigam\\\/hochzeitsanzuege\\\/\",\"name\":\"Finden Sie Ihren perfekten ma\u00dfgeschneiderten Hochzeitsanzug | Koonings\",\"isPartOf\":{\"@id\":\"https:\\\/\\\/www.koonings.com\\\/de\\\/#website\"},\"datePublished\":\"2024-07-17T15:18:28+00:00\",\"dateModified\":\"2025-09-29T10:25:51+00:00\",\"description\":\"Sind Sie auf der Suche nach dem perfekten Hochzeitsanzug? Bei Koonings finden Sie trendige und klassische Hochzeitsanz\u00fcge von internationalen Designern \u2714\ufe0fUnieke Kollektion \u2714\ufe0fErvaren Stylisten\",\"breadcrumb\":{\"@id\":\"https:\\\/\\\/www.koonings.com\\\/de\\\/braeutigam\\\/hochzeitsanzuege\\\/#breadcrumb\"},\"inLanguage\":\"de\",\"potentialAction\":[{\"@type\":\"ReadAction\",\"target\":[\"https:\\\/\\\/www.koonings.com\\\/de\\\/braeutigam\\\/hochzeitsanzuege\\\/\"]}]},{\"@type\":\"BreadcrumbList\",\"@id\":\"https:\\\/\\\/www.koonings.com\\\/de\\\/braeutigam\\\/hochzeitsanzuege\\\/#breadcrumb\",\"itemListElement\":[{\"@type\":\"ListItem\",\"position\":1,\"name\":\"Home\",\"item\":\"https:\\\/\\\/www.koonings.com\\\/de\\\/\"},{\"@type\":\"ListItem\",\"position\":2,\"name\":\"Br\u00e4utigam\",\"item\":\"https:\\\/\\\/www.koonings.com\\\/de\\\/braeutigam\\\/\"},{\"@type\":\"ListItem\",\"position\":3,\"name\":\"Hochzeitsanz\u00fcge\"}]},{\"@type\":\"WebSite\",\"@id\":\"https:\\\/\\\/www.koonings.com\\\/de\\\/#website\",\"url\":\"https:\\\/\\\/www.koonings.com\\\/de\\\/\",\"name\":\"Koonings\",\"description\":\"De grootste bruidsmodewinkel ter wereld\",\"publisher\":{\"@id\":\"https:\\\/\\\/www.koonings.com\\\/de\\\/#organization\"},\"potentialAction\":[{\"@type\":\"SearchAction\",\"target\":{\"@type\":\"EntryPoint\",\"urlTemplate\":\"https:\\\/\\\/www.koonings.com\\\/de\\\/?s={search_term_string}\"},\"query-input\":{\"@type\":\"PropertyValueSpecification\",\"valueRequired\":true,\"valueName\":\"search_term_string\"}}],\"inLanguage\":\"de\"},{\"@type\":\"Organization\",\"@id\":\"https:\\\/\\\/www.koonings.com\\\/de\\\/#organization\",\"name\":\"Koonings\",\"url\":\"https:\\\/\\\/www.koonings.com\\\/de\\\/\",\"logo\":{\"@type\":\"ImageObject\",\"inLanguage\":\"de\",\"@id\":\"https:\\\/\\\/www.koonings.com\\\/de\\\/#\\\/schema\\\/logo\\\/image\\\/\",\"url\":\"https:\\\/\\\/www.koonings.com\\\/wp-content\\\/uploads\\\/2024\\\/07\\\/logo.png\",\"contentUrl\":\"https:\\\/\\\/www.koonings.com\\\/wp-content\\\/uploads\\\/2024\\\/07\\\/logo.png\",\"width\":600,\"height\":428,\"caption\":\"Koonings\"},\"image\":{\"@id\":\"https:\\\/\\\/www.koonings.com\\\/de\\\/#\\\/schema\\\/logo\\\/image\\\/\"},\"sameAs\":[\"https:\\\/\\\/www.facebook.com\\\/kooningstheweddingpalace\",\"https:\\\/\\\/www.instagram.com\\\/kooningstheweddingpalace\",\"https:\\\/\\\/www.pinterest.com\\\/koonings\",\"https:\\\/\\\/www.youtube.com\\\/kooningstheweddingpalace\"]}]}<\/script>\n<!-- \/ Yoast SEO plugin. -->","yoast_head_json":{"title":"Finden Sie Ihren perfekten ma\u00dfgeschneiderten Hochzeitsanzug | Koonings","description":"Sind Sie auf der Suche nach dem perfekten Hochzeitsanzug? Bei Koonings finden Sie trendige und klassische Hochzeitsanz\u00fcge von internationalen Designern \u2714\ufe0fUnieke Kollektion \u2714\ufe0fErvaren Stylisten","robots":{"index":"index","follow":"follow","max-snippet":"max-snippet:-1","max-image-preview":"max-image-preview:large","max-video-preview":"max-video-preview:-1"},"canonical":"https:\/\/www.koonings.com\/de\/braeutigam\/hochzeitsanzuege\/","og_locale":"de_DE","og_type":"article","og_title":"Finden Sie Ihren perfekten ma\u00dfgeschneiderten Hochzeitsanzug | Koonings","og_description":"Sind Sie auf der Suche nach dem perfekten Hochzeitsanzug? Bei Koonings finden Sie trendige und klassische Hochzeitsanz\u00fcge von internationalen Designern \u2714\ufe0fUnieke Kollektion \u2714\ufe0fErvaren Stylisten","og_url":"https:\/\/www.koonings.com\/de\/braeutigam\/hochzeitsanzuege\/","og_site_name":"Koonings","article_publisher":"https:\/\/www.facebook.com\/kooningstheweddingpalace","article_modified_time":"2025-09-29T10:25:51+00:00","og_image":[{"width":1024,"height":575,"url":"https:\/\/www.koonings.com\/wp-content\/uploads\/2024\/06\/palace-hero-screenshot-1024x575.png","type":"image\/png"}],"twitter_card":"summary_large_image","twitter_misc":{"Gesch\u00e4tzte Lesezeit":"5\u00a0Minuten"},"schema":{"@context":"https:\/\/schema.org","@graph":[{"@type":"WebPage","@id":"https:\/\/www.koonings.com\/de\/braeutigam\/hochzeitsanzuege\/","url":"https:\/\/www.koonings.com\/de\/braeutigam\/hochzeitsanzuege\/","name":"Finden Sie Ihren perfekten ma\u00dfgeschneiderten Hochzeitsanzug | Koonings","isPartOf":{"@id":"https:\/\/www.koonings.com\/de\/#website"},"datePublished":"2024-07-17T15:18:28+00:00","dateModified":"2025-09-29T10:25:51+00:00","description":"Sind Sie auf der Suche nach dem perfekten Hochzeitsanzug? Bei Koonings finden Sie trendige und klassische Hochzeitsanz\u00fcge von internationalen Designern \u2714\ufe0fUnieke Kollektion \u2714\ufe0fErvaren Stylisten","breadcrumb":{"@id":"https:\/\/www.koonings.com\/de\/braeutigam\/hochzeitsanzuege\/#breadcrumb"},"inLanguage":"de","potentialAction":[{"@type":"ReadAction","target":["https:\/\/www.koonings.com\/de\/braeutigam\/hochzeitsanzuege\/"]}]},{"@type":"BreadcrumbList","@id":"https:\/\/www.koonings.com\/de\/braeutigam\/hochzeitsanzuege\/#breadcrumb","itemListElement":[{"@type":"ListItem","position":1,"name":"Home","item":"https:\/\/www.koonings.com\/de\/"},{"@type":"ListItem","position":2,"name":"Br\u00e4utigam","item":"https:\/\/www.koonings.com\/de\/braeutigam\/"},{"@type":"ListItem","position":3,"name":"Hochzeitsanz\u00fcge"}]},{"@type":"WebSite","@id":"https:\/\/www.koonings.com\/de\/#website","url":"https:\/\/www.koonings.com\/de\/","name":"Koonings","description":"De grootste bruidsmodewinkel ter wereld","publisher":{"@id":"https:\/\/www.koonings.com\/de\/#organization"},"potentialAction":[{"@type":"SearchAction","target":{"@type":"EntryPoint","urlTemplate":"https:\/\/www.koonings.com\/de\/?s={search_term_string}"},"query-input":{"@type":"PropertyValueSpecification","valueRequired":true,"valueName":"search_term_string"}}],"inLanguage":"de"},{"@type":"Organization","@id":"https:\/\/www.koonings.com\/de\/#organization","name":"Koonings","url":"https:\/\/www.koonings.com\/de\/","logo":{"@type":"ImageObject","inLanguage":"de","@id":"https:\/\/www.koonings.com\/de\/#\/schema\/logo\/image\/","url":"https:\/\/www.koonings.com\/wp-content\/uploads\/2024\/07\/logo.png","contentUrl":"https:\/\/www.koonings.com\/wp-content\/uploads\/2024\/07\/logo.png","width":600,"height":428,"caption":"Koonings"},"image":{"@id":"https:\/\/www.koonings.com\/de\/#\/schema\/logo\/image\/"},"sameAs":["https:\/\/www.facebook.com\/kooningstheweddingpalace","https:\/\/www.instagram.com\/kooningstheweddingpalace","https:\/\/www.pinterest.com\/koonings","https:\/\/www.youtube.com\/kooningstheweddingpalace"]}]}},"_links":{"self":[{"href":"https:\/\/www.koonings.com\/de\/wp-json\/wp\/v2\/pages\/15667","targetHints":{"allow":["GET"]}}],"collection":[{"href":"https:\/\/www.koonings.com\/de\/wp-json\/wp\/v2\/pages"}],"about":[{"href":"https:\/\/www.koonings.com\/de\/wp-json\/wp\/v2\/types\/page"}],"author":[{"embeddable":true,"href":"https:\/\/www.koonings.com\/de\/wp-json\/wp\/v2\/users\/1"}],"replies":[{"embeddable":true,"href":"https:\/\/www.koonings.com\/de\/wp-json\/wp\/v2\/comments?post=15667"}],"version-history":[{"count":9,"href":"https:\/\/www.koonings.com\/de\/wp-json\/wp\/v2\/pages\/15667\/revisions"}],"predecessor-version":[{"id":98659,"href":"https:\/\/www.koonings.com\/de\/wp-json\/wp\/v2\/pages\/15667\/revisions\/98659"}],"up":[{"embeddable":true,"href":"https:\/\/www.koonings.com\/de\/wp-json\/wp\/v2\/pages\/15659"}],"wp:attachment":[{"href":"https:\/\/www.koonings.com\/de\/wp-json\/wp\/v2\/media?parent=15667"}],"curies":[{"name":"wp","href":"https:\/\/api.w.org\/{rel}","templated":true}]}}