{"id":15649,"date":"2024-06-26T16:58:03","date_gmt":"2024-06-26T14:58:03","guid":{"rendered":"https:\/\/www.koonings.com\/braut\/"},"modified":"2025-09-29T11:50:46","modified_gmt":"2025-09-29T09:50:46","slug":"braut","status":"publish","type":"page","link":"https:\/\/www.koonings.com\/de\/braut\/","title":{"rendered":"Braut"},"content":{"rendered":"\r\n\r\n<div class=\"eye-element fullwidth-row alignfull style-both bg--none  pb-0 alignfull \" style=\" \">\r\n\r\n    <div class=\"container\">\r\n        <div class=\"row\">\r\n            <div class=\"col-12\">\r\n                <div class=\"acf-innerblocks-container\">\n\n<h1 class=\"wp-block-heading has-text-align-center\" id=\"alles-voor-de-bruid\">Alles f\u00fcr die Braut<\/h1>\n\n<\/div>\r\n            <\/div>\r\n        <\/div>\r\n    <\/div>\r\n\r\n<\/div>\r\n\r\n    \r\n\r\n<div class=\"eye-element fullwidth-row alignfull style-both bg--none  alignfull \" style=\" \">\r\n\r\n    <div class=\"container\">\r\n        <div class=\"row\">\r\n            <div class=\"col-12\">\r\n                <div class=\"acf-innerblocks-container\">\n\n<div class=\"ghostkit-grid ghostkit-grid-gap-lg ghostkit-grid-align-items-center\"><div class=\"ghostkit-grid-inner\">\n<div class=\"ghostkit-col ghostkit-col-md-12 ghostkit-col-6 ghostkit-col-align-self-center\"><div class=\"ghostkit-col-content is-layout-flow wp-block-ghostkit-grid-column-is-layout-flow\">\n<h2 class=\"wp-block-heading\" id=\"ruim-assortiment-bruidsmode-bij-koonings\">Gro\u00dfe Auswahl an Brautmode bei Koonings<\/h2>\n\n\n\n<p>Ein Hochzeitskleid mit einer schlichten und eleganten Silhouette oder doch lieber ein aufw\u00e4ndiges Hochzeitskleid mit den exquisitesten Details? Vintage, Boh\u00e8me, ein farbiges Hochzeitskleid, lange \u00c4rmel, kurz oder sexy? Koonings ist das gr\u00f6\u00dfte Brautmodengesch\u00e4ft der Welt und hat eine riesige Auswahl an Brautkleidern in jedem Stil. Au\u00dferdem wissen unsere erfahrenen Stylisten genau, wie sie das Hochzeitskleid finden, in dem Sie am besten aussehen. W\u00e4hrend sich Ihre Entourage auf unseren sch\u00f6nen Sofas zur\u00fccklehnt, sorgen wir daf\u00fcr, dass Sie das Traumkleid f\u00fcr Ihren sch\u00f6nsten Tag finden.<\/p>\n\n\n\r\n<div class=\"eye-element bsbutton text-start \" >\r\n\t        <a class=\"btn btn-primary\" href=\"https:\/\/www.koonings.com\/de\/braut\/hochzeitskleider\/\"\r\n           target=\"\">Sehen Sie sich unsere Kollektion an Hochzeitskleidern an<\/a>\r\n\t<\/div>\n\n\r\n<div class=\"eye-element bsbutton text-start \" >\r\n\t        <a class=\"btn btn-primary\" href=\"\/moodboard-maken\/\"\r\n           target=\"\">Erstellen Sie Ihr eigenes Moodboard<\/a>\r\n\t<\/div><\/div><\/div>\n\n\n\n<div class=\"ghostkit-col ghostkit-col-md-12 ghostkit-col-6\"><div class=\"ghostkit-col-content is-layout-flow wp-block-ghostkit-grid-column-is-layout-flow\">\r\n<div class=\"eye-element images style-default variant-1 multi-image\">\r\n\r\n\t        <div class=\"composition\">\r\n\t\t\t                <div class=\"image-0\">\r\n                    <img decoding=\"async\" class=\"img-fluid\" src=\"https:\/\/www.koonings.com\/wp-content\/uploads\/2024\/06\/kuppens_fotografie_5998_1-300x212.jpg\" srcset=\"https:\/\/www.koonings.com\/wp-content\/uploads\/2024\/06\/kuppens_fotografie_5998_1-300x212.jpg 300w, https:\/\/www.koonings.com\/wp-content\/uploads\/2024\/06\/kuppens_fotografie_5998_1-1024x724.jpg 1024w, https:\/\/www.koonings.com\/wp-content\/uploads\/2024\/06\/kuppens_fotografie_5998_1-768x543.jpg 768w, https:\/\/www.koonings.com\/wp-content\/uploads\/2024\/06\/kuppens_fotografie_5998_1-1536x1086.jpg 1536w, https:\/\/www.koonings.com\/wp-content\/uploads\/2024\/06\/kuppens_fotografie_5998_1-2048x1448.jpg 2048w\" alt=\"\">\r\n                <\/div>\r\n\t\t\t\r\n            <div class=\"swiper images-swiper\">\r\n\r\n\t\t\t\t\r\n                <div class=\"swiper-wrapper\">\r\n\t\t\t\t\t                        <li class=\"swiper-slide\">\r\n                            <img decoding=\"async\" class=\" img-fluid\" src=\"https:\/\/www.koonings.com\/wp-content\/uploads\/2024\/07\/funpassen1.png\" srcset=\"https:\/\/www.koonings.com\/wp-content\/uploads\/2024\/07\/funpassen1.png\" alt=\"Koonings foto\">\r\n                        <\/li>\r\n\t\t\t\t\t                <\/div>\r\n\r\n                <div class=\"swiper-pagination\"><\/div>\r\n\r\n                <div class=\"swiper-button-prev\"><\/div>\r\n                <div class=\"swiper-button-next\"><\/div>\r\n\r\n            <\/div>\r\n\r\n        <\/div>\r\n\t\r\n\t<\/div><\/div><\/div>\n<\/div><\/div>\n\n<\/div>\r\n            <\/div>\r\n        <\/div>\r\n    <\/div>\r\n\r\n<\/div>\r\n\r\n    \r\n\r\n<div class=\"eye-element fullwidth-row alignfull style-both bg--none  alignfull \" style=\" \">\r\n\r\n    <div class=\"container\">\r\n        <div class=\"row\">\r\n            <div class=\"col-12\">\r\n                <div class=\"acf-innerblocks-container\">\n\n<div class=\"ghostkit-grid ghostkit-grid-gap-md ghostkit-grid-justify-content-around\"><div class=\"ghostkit-grid-inner\">\n<div class=\"ghostkit-col ghostkit-col-md-12 ghostkit-col-4\"><div class=\"ghostkit-col-content is-layout-flow wp-block-ghostkit-grid-column-is-layout-flow\">\n<figure class=\"wp-block-image size-large\"><img decoding=\"async\" width=\"789\" height=\"1024\" src=\"https:\/\/www.koonings.com\/wp-content\/uploads\/2024\/07\/ramona-meike-789x1024.png\" alt=\"Braut\" class=\"wp-image-3422\" style=\"aspect-ratio:3\/4;object-fit:cover\" srcset=\"https:\/\/www.koonings.com\/wp-content\/uploads\/2024\/07\/ramona-meike-789x1024.png 789w, https:\/\/www.koonings.com\/wp-content\/uploads\/2024\/07\/ramona-meike-231x300.png 231w, https:\/\/www.koonings.com\/wp-content\/uploads\/2024\/07\/ramona-meike-768x997.png 768w, https:\/\/www.koonings.com\/wp-content\/uploads\/2024\/07\/ramona-meike.png 1134w\" sizes=\"(max-width: 789px) 100vw, 789px\" \/><\/figure>\n<\/div><\/div>\n\n\n\n<div class=\"ghostkit-col ghostkit-col-md-12 ghostkit-col-6 ghostkit-col-align-self-center\"><div class=\"ghostkit-col-content is-layout-flow wp-block-ghostkit-grid-column-is-layout-flow\">\n<h2 class=\"wp-block-heading\" id=\"ruim-assortiment-bruidsmode-bij-koonings\">Das gr\u00f6\u00dfte Brautmodengesch\u00e4ft der Welt: eine einzigartige Kollektion<\/h2>\n\n\n\n<p>Treten Sie in unsere Ausstellungsr\u00e4ume und erleben Sie, wie ein anderer Stil Sie immer mit den sch\u00f6nsten Kleidern umgibt. Tauchen Sie ein in die Welt der Brautmode von Ladybird, Enzoani, Demetrios, Rembo Styling, Marylise, Modeca, Nicole, Berta und Pronovias und finden Sie Ihr Kleid in den sch\u00f6nen und hochwertigen Kollektionen. Sehen Sie sich hier unsere Brautkleider an.<\/p>\n\n\n\r\n<div class=\"eye-element bsbutton text-start \" >\r\n\t        <a class=\"btn btn-primary\" href=\"https:\/\/www.koonings.com\/de\/braut\/hochzeitskleider\/\"\r\n           target=\"\">Sehen Sie sich unsere Kollektion an Hochzeitskleidern an<\/a>\r\n\t<\/div>\n\n\r\n<div class=\"eye-element bsbutton text-start \" >\r\n\t        <a class=\"btn btn-primary\" href=\"\/moodboard-maken\/\"\r\n           target=\"\">Erstellen Sie Ihr eigenes Moodboard<\/a>\r\n\t<\/div><\/div><\/div>\n<\/div><\/div>\n\n<\/div>\r\n            <\/div>\r\n        <\/div>\r\n    <\/div>\r\n\r\n<\/div>\r\n\r\n    \r\n\r\n<div class=\"eye-element fullwidth-row alignfull faux-bg--lightgray style-right  alignfull \" style=\"\">\r\n<div class=\"bg bg--lightgray\" style=\"\"><\/div>\r\n\r\n    <div class=\"container\">\r\n        <div class=\"row\">\r\n            <div class=\"col-12\">\r\n                <div class=\"acf-innerblocks-container\">\n\n<div class=\"ghostkit-grid ghostkit-grid-gap-md ghostkit-grid-align-items-center\"><div class=\"ghostkit-grid-inner\">\n<div class=\"ghostkit-col ghostkit-col-md-12 ghostkit-col-6\"><div class=\"ghostkit-col-content is-layout-flow wp-block-ghostkit-grid-column-is-layout-flow\">\r\n<div class=\"eye-element images style-default variant-2 single-image\">\r\n\r\n\t        <div class=\"composition\">\r\n\t\t\t\r\n            <div class=\"swiper images-swiper\">\r\n\r\n\t\t\t\t\r\n                <div class=\"swiper-wrapper\">\r\n\t\t\t\t\t                        <li class=\"swiper-slide\">\r\n                            <img decoding=\"async\" class=\" img-fluid\" src=\"https:\/\/www.koonings.com\/wp-content\/uploads\/2024\/07\/abrazi.jpg-1024x860.webp\" srcset=\"https:\/\/www.koonings.com\/wp-content\/uploads\/2024\/07\/abrazi.jpg-scaled.webp\" alt=\"\">\r\n                        <\/li>\r\n\t\t\t\t\t                <\/div>\r\n\r\n                <div class=\"swiper-pagination\"><\/div>\r\n\r\n                <div class=\"swiper-button-prev\"><\/div>\r\n                <div class=\"swiper-button-next\"><\/div>\r\n\r\n            <\/div>\r\n\r\n        <\/div>\r\n\t\r\n\t<\/div><\/div><\/div>\n\n\n\n<div class=\"ghostkit-col ghostkit-col-md-12 ghostkit-col-6\"><div class=\"ghostkit-col-content is-layout-flow wp-block-ghostkit-grid-column-is-layout-flow\">\n<h2 class=\"wp-block-heading\" id=\"maak-jouw-bridallook-compleet\"><strong>Vervollst\u00e4ndigen Sie Ihren Brautlook<\/strong><\/h2>\n\n\n\n<p>Die perfekten Brautschuhe f\u00fcr unter Ihr Hochzeitskleid, aber auch Halsketten, Armb\u00e4nder und Ohrringe, die zu Ihrem Brautkleid passen oder ein sch\u00f6ner Schleier, ein Haarband oder eine Haarnadel f\u00fcr Ihre Brautfrisur: Ihr Brautlook ist erst mit den passenden Accessoires komplett. Finden Sie die perfekte Erg\u00e4nzung zu Ihrem Kleid oder Hochzeitskost\u00fcm in unserem gro\u00dfen Accessoire-Shop mit Accessoires f\u00fcr Braut und Br\u00e4utigam.<\/p>\n\n\n\r\n<div class=\"eye-element bsbutton text-start \" >\r\n\t        <a class=\"btn btn-primary\" href=\"https:\/\/www.koonings.com\/bruid\/accessoires\/\"\r\n           target=\"\">Zu den Accessoires<\/a>\r\n\t<\/div><\/div><\/div>\n<\/div><\/div>\n\n<\/div>\r\n            <\/div>\r\n        <\/div>\r\n    <\/div>\r\n\r\n<\/div>\r\n\r\n    \r\n\r\n<div class=\"eye-element fullwidth-row alignfull style-both bg--none  alignfull \" style=\" \">\r\n\r\n    <div class=\"container\">\r\n        <div class=\"row\">\r\n            <div class=\"col-12\">\r\n                <div class=\"acf-innerblocks-container\">\n\n<h2 class=\"wp-block-heading has-text-align-center\" id=\"de-ultieme-trouwbelevingonder-een-dak\">Das ultimative Hochzeitserlebnis<br\/>unter einem Dach<\/h2>\n\n\n\r\n<div class=\"eye-element bsbutton text-center \" >\r\n\t        <a class=\"btn btn-gold\" href=\"https:\/\/www.koonings.com\/de\/?page_id=107606\"\r\n           target=\"\">Termin machen<\/a>\r\n\t<\/div>\n<\/div>\r\n            <\/div>\r\n        <\/div>\r\n    <\/div>\r\n\r\n<\/div>\r\n\r\n    ","protected":false},"excerpt":{"rendered":"","protected":false},"author":1,"featured_media":0,"parent":0,"menu_order":0,"comment_status":"closed","ping_status":"closed","template":"","meta":{"_acf_changed":false,"ghostkit_customizer_options":"","ghostkit_custom_css":"","ghostkit_custom_js_head":"","ghostkit_custom_js_foot":"","ghostkit_typography":"","footnotes":""},"class_list":["post-15649","page","type-page","status-publish","hentry"],"acf":[],"yoast_head":"<!-- This site is optimized with the Yoast SEO plugin v26.8 - https:\/\/yoast.com\/product\/yoast-seo-wordpress\/ -->\n<title>Finden Sie hier alles f\u00fcr die Braut | Koonings<\/title>\n<meta name=\"description\" content=\"Finden Sie Ihr Hochzeitskleid oder Brautkleid im gr\u00f6\u00dften Brautmodengesch\u00e4ft der Welt. Auf sage und schreibe 11.000 m2 finden Sie bei Koonings garantiert das Brautkleid Ihrer Tr\u00e4ume.\" \/>\n<meta name=\"robots\" content=\"index, follow, max-snippet:-1, max-image-preview:large, max-video-preview:-1\" \/>\n<link rel=\"canonical\" href=\"https:\/\/www.koonings.com\/de\/braut\/\" \/>\n<meta property=\"og:locale\" content=\"de_DE\" \/>\n<meta property=\"og:type\" content=\"article\" \/>\n<meta property=\"og:title\" content=\"Finden Sie hier alles f\u00fcr die Braut | Koonings\" \/>\n<meta property=\"og:description\" content=\"Finden Sie Ihr Hochzeitskleid oder Brautkleid im gr\u00f6\u00dften Brautmodengesch\u00e4ft der Welt. Auf sage und schreibe 11.000 m2 finden Sie bei Koonings garantiert das Brautkleid Ihrer Tr\u00e4ume.\" \/>\n<meta property=\"og:url\" content=\"https:\/\/www.koonings.com\/de\/braut\/\" \/>\n<meta property=\"og:site_name\" content=\"Koonings\" \/>\n<meta property=\"article:publisher\" content=\"https:\/\/www.facebook.com\/kooningstheweddingpalace\" \/>\n<meta property=\"article:modified_time\" content=\"2025-09-29T09:50:46+00:00\" \/>\n<meta property=\"og:image\" content=\"https:\/\/www.koonings.com\/wp-content\/uploads\/2024\/07\/ramona-meike-789x1024.png\" \/>\n<meta name=\"twitter:card\" content=\"summary_large_image\" \/>\n<meta name=\"twitter:label1\" content=\"Gesch\u00e4tzte Lesezeit\" \/>\n\t<meta name=\"twitter:data1\" content=\"1\u00a0Minute\" \/>\n<script type=\"application\/ld+json\" class=\"yoast-schema-graph\">{\"@context\":\"https:\/\/schema.org\",\"@graph\":[{\"@type\":\"WebPage\",\"@id\":\"https:\/\/www.koonings.com\/de\/braut\/\",\"url\":\"https:\/\/www.koonings.com\/de\/braut\/\",\"name\":\"Finden Sie hier alles f\u00fcr die Braut | Koonings\",\"isPartOf\":{\"@id\":\"https:\/\/www.koonings.com\/de\/#website\"},\"primaryImageOfPage\":{\"@id\":\"https:\/\/www.koonings.com\/de\/braut\/#primaryimage\"},\"image\":{\"@id\":\"https:\/\/www.koonings.com\/de\/braut\/#primaryimage\"},\"thumbnailUrl\":\"https:\/\/www.koonings.com\/wp-content\/uploads\/2024\/07\/ramona-meike-789x1024.png\",\"datePublished\":\"2024-06-26T14:58:03+00:00\",\"dateModified\":\"2025-09-29T09:50:46+00:00\",\"description\":\"Finden Sie Ihr Hochzeitskleid oder Brautkleid im gr\u00f6\u00dften Brautmodengesch\u00e4ft der Welt. Auf sage und schreibe 11.000 m2 finden Sie bei Koonings garantiert das Brautkleid Ihrer Tr\u00e4ume.\",\"breadcrumb\":{\"@id\":\"https:\/\/www.koonings.com\/de\/braut\/#breadcrumb\"},\"inLanguage\":\"de\",\"potentialAction\":[{\"@type\":\"ReadAction\",\"target\":[\"https:\/\/www.koonings.com\/de\/braut\/\"]}]},{\"@type\":\"ImageObject\",\"inLanguage\":\"de\",\"@id\":\"https:\/\/www.koonings.com\/de\/braut\/#primaryimage\",\"url\":\"https:\/\/www.koonings.com\/wp-content\/uploads\/2024\/07\/ramona-meike-789x1024.png\",\"contentUrl\":\"https:\/\/www.koonings.com\/wp-content\/uploads\/2024\/07\/ramona-meike-789x1024.png\"},{\"@type\":\"BreadcrumbList\",\"@id\":\"https:\/\/www.koonings.com\/de\/braut\/#breadcrumb\",\"itemListElement\":[{\"@type\":\"ListItem\",\"position\":1,\"name\":\"Home\",\"item\":\"https:\/\/www.koonings.com\/de\/\"},{\"@type\":\"ListItem\",\"position\":2,\"name\":\"Braut\"}]},{\"@type\":\"WebSite\",\"@id\":\"https:\/\/www.koonings.com\/de\/#website\",\"url\":\"https:\/\/www.koonings.com\/de\/\",\"name\":\"Koonings\",\"description\":\"De grootste bruidsmodewinkel ter wereld\",\"publisher\":{\"@id\":\"https:\/\/www.koonings.com\/de\/#organization\"},\"potentialAction\":[{\"@type\":\"SearchAction\",\"target\":{\"@type\":\"EntryPoint\",\"urlTemplate\":\"https:\/\/www.koonings.com\/de\/?s={search_term_string}\"},\"query-input\":{\"@type\":\"PropertyValueSpecification\",\"valueRequired\":true,\"valueName\":\"search_term_string\"}}],\"inLanguage\":\"de\"},{\"@type\":\"Organization\",\"@id\":\"https:\/\/www.koonings.com\/de\/#organization\",\"name\":\"Koonings\",\"url\":\"https:\/\/www.koonings.com\/de\/\",\"logo\":{\"@type\":\"ImageObject\",\"inLanguage\":\"de\",\"@id\":\"https:\/\/www.koonings.com\/de\/#\/schema\/logo\/image\/\",\"url\":\"https:\/\/www.koonings.com\/wp-content\/uploads\/2024\/07\/logo.png\",\"contentUrl\":\"https:\/\/www.koonings.com\/wp-content\/uploads\/2024\/07\/logo.png\",\"width\":600,\"height\":428,\"caption\":\"Koonings\"},\"image\":{\"@id\":\"https:\/\/www.koonings.com\/de\/#\/schema\/logo\/image\/\"},\"sameAs\":[\"https:\/\/www.facebook.com\/kooningstheweddingpalace\",\"https:\/\/www.instagram.com\/kooningstheweddingpalace\",\"https:\/\/www.pinterest.com\/koonings\",\"https:\/\/www.youtube.com\/kooningstheweddingpalace\"]}]}<\/script>\n<!-- \/ Yoast SEO plugin. -->","yoast_head_json":{"title":"Finden Sie hier alles f\u00fcr die Braut | Koonings","description":"Finden Sie Ihr Hochzeitskleid oder Brautkleid im gr\u00f6\u00dften Brautmodengesch\u00e4ft der Welt. Auf sage und schreibe 11.000 m2 finden Sie bei Koonings garantiert das Brautkleid Ihrer Tr\u00e4ume.","robots":{"index":"index","follow":"follow","max-snippet":"max-snippet:-1","max-image-preview":"max-image-preview:large","max-video-preview":"max-video-preview:-1"},"canonical":"https:\/\/www.koonings.com\/de\/braut\/","og_locale":"de_DE","og_type":"article","og_title":"Finden Sie hier alles f\u00fcr die Braut | Koonings","og_description":"Finden Sie Ihr Hochzeitskleid oder Brautkleid im gr\u00f6\u00dften Brautmodengesch\u00e4ft der Welt. Auf sage und schreibe 11.000 m2 finden Sie bei Koonings garantiert das Brautkleid Ihrer Tr\u00e4ume.","og_url":"https:\/\/www.koonings.com\/de\/braut\/","og_site_name":"Koonings","article_publisher":"https:\/\/www.facebook.com\/kooningstheweddingpalace","article_modified_time":"2025-09-29T09:50:46+00:00","og_image":[{"url":"https:\/\/www.koonings.com\/wp-content\/uploads\/2024\/07\/ramona-meike-789x1024.png","type":"","width":"","height":""}],"twitter_card":"summary_large_image","twitter_misc":{"Gesch\u00e4tzte Lesezeit":"1\u00a0Minute"},"schema":{"@context":"https:\/\/schema.org","@graph":[{"@type":"WebPage","@id":"https:\/\/www.koonings.com\/de\/braut\/","url":"https:\/\/www.koonings.com\/de\/braut\/","name":"Finden Sie hier alles f\u00fcr die Braut | Koonings","isPartOf":{"@id":"https:\/\/www.koonings.com\/de\/#website"},"primaryImageOfPage":{"@id":"https:\/\/www.koonings.com\/de\/braut\/#primaryimage"},"image":{"@id":"https:\/\/www.koonings.com\/de\/braut\/#primaryimage"},"thumbnailUrl":"https:\/\/www.koonings.com\/wp-content\/uploads\/2024\/07\/ramona-meike-789x1024.png","datePublished":"2024-06-26T14:58:03+00:00","dateModified":"2025-09-29T09:50:46+00:00","description":"Finden Sie Ihr Hochzeitskleid oder Brautkleid im gr\u00f6\u00dften Brautmodengesch\u00e4ft der Welt. Auf sage und schreibe 11.000 m2 finden Sie bei Koonings garantiert das Brautkleid Ihrer Tr\u00e4ume.","breadcrumb":{"@id":"https:\/\/www.koonings.com\/de\/braut\/#breadcrumb"},"inLanguage":"de","potentialAction":[{"@type":"ReadAction","target":["https:\/\/www.koonings.com\/de\/braut\/"]}]},{"@type":"ImageObject","inLanguage":"de","@id":"https:\/\/www.koonings.com\/de\/braut\/#primaryimage","url":"https:\/\/www.koonings.com\/wp-content\/uploads\/2024\/07\/ramona-meike-789x1024.png","contentUrl":"https:\/\/www.koonings.com\/wp-content\/uploads\/2024\/07\/ramona-meike-789x1024.png"},{"@type":"BreadcrumbList","@id":"https:\/\/www.koonings.com\/de\/braut\/#breadcrumb","itemListElement":[{"@type":"ListItem","position":1,"name":"Home","item":"https:\/\/www.koonings.com\/de\/"},{"@type":"ListItem","position":2,"name":"Braut"}]},{"@type":"WebSite","@id":"https:\/\/www.koonings.com\/de\/#website","url":"https:\/\/www.koonings.com\/de\/","name":"Koonings","description":"De grootste bruidsmodewinkel ter wereld","publisher":{"@id":"https:\/\/www.koonings.com\/de\/#organization"},"potentialAction":[{"@type":"SearchAction","target":{"@type":"EntryPoint","urlTemplate":"https:\/\/www.koonings.com\/de\/?s={search_term_string}"},"query-input":{"@type":"PropertyValueSpecification","valueRequired":true,"valueName":"search_term_string"}}],"inLanguage":"de"},{"@type":"Organization","@id":"https:\/\/www.koonings.com\/de\/#organization","name":"Koonings","url":"https:\/\/www.koonings.com\/de\/","logo":{"@type":"ImageObject","inLanguage":"de","@id":"https:\/\/www.koonings.com\/de\/#\/schema\/logo\/image\/","url":"https:\/\/www.koonings.com\/wp-content\/uploads\/2024\/07\/logo.png","contentUrl":"https:\/\/www.koonings.com\/wp-content\/uploads\/2024\/07\/logo.png","width":600,"height":428,"caption":"Koonings"},"image":{"@id":"https:\/\/www.koonings.com\/de\/#\/schema\/logo\/image\/"},"sameAs":["https:\/\/www.facebook.com\/kooningstheweddingpalace","https:\/\/www.instagram.com\/kooningstheweddingpalace","https:\/\/www.pinterest.com\/koonings","https:\/\/www.youtube.com\/kooningstheweddingpalace"]}]}},"_links":{"self":[{"href":"https:\/\/www.koonings.com\/de\/wp-json\/wp\/v2\/pages\/15649","targetHints":{"allow":["GET"]}}],"collection":[{"href":"https:\/\/www.koonings.com\/de\/wp-json\/wp\/v2\/pages"}],"about":[{"href":"https:\/\/www.koonings.com\/de\/wp-json\/wp\/v2\/types\/page"}],"author":[{"embeddable":true,"href":"https:\/\/www.koonings.com\/de\/wp-json\/wp\/v2\/users\/1"}],"replies":[{"embeddable":true,"href":"https:\/\/www.koonings.com\/de\/wp-json\/wp\/v2\/comments?post=15649"}],"version-history":[{"count":12,"href":"https:\/\/www.koonings.com\/de\/wp-json\/wp\/v2\/pages\/15649\/revisions"}],"predecessor-version":[{"id":98449,"href":"https:\/\/www.koonings.com\/de\/wp-json\/wp\/v2\/pages\/15649\/revisions\/98449"}],"wp:attachment":[{"href":"https:\/\/www.koonings.com\/de\/wp-json\/wp\/v2\/media?parent=15649"}],"curies":[{"name":"wp","href":"https:\/\/api.w.org\/{rel}","templated":true}]}}