{"id":12253,"date":"2024-07-19T13:19:56","date_gmt":"2024-07-19T11:19:56","guid":{"rendered":"https:\/\/www.koonings.com\/ueber-uns\/"},"modified":"2025-09-29T12:53:07","modified_gmt":"2025-09-29T10:53:07","slug":"ueber-uns","status":"publish","type":"page","link":"https:\/\/www.koonings.com\/de\/ueber-uns\/","title":{"rendered":"\u00dcber uns"},"content":{"rendered":"\r\n\r\n<div class=\"eye-element fullwidth-row alignfull style-both bg--none  alignfull \" style=\" \">\r\n\r\n    <div class=\"container\">\r\n        <div class=\"row\">\r\n            <div class=\"col-12\">\r\n                <div class=\"acf-innerblocks-container\">\n\n<h1 class=\"wp-block-heading has-text-align-center\" id=\"de-grootste-bruidsmodewinkel-ter-wereld\">Das Gr\u00f6\u00dfte Brautgesch\u00e4ft der Welt<\/h1>\n\n\n\n<p class=\"has-text-align-center\">Erlebe die magische Welt der Brautmode bei Koonings The Wedding Palace. Lesen Sie, wie <a href=\"https:\/\/www.koonings.com\/de\/ueber-uns\/geschichte\/\">das Koonings-M\u00e4rchen<\/a> begann, sehen Sie sich Fotos von <a href=\"https:\/\/www.koonings.com\/de\/deurne\/\">unserem Palast<\/a>, unserem <a href=\"https:\/\/www.koonings.com\/de\/valkenburg\/\">Schloss<\/a> an oder erfahren Sie, was <a href=\"https:\/\/www.koonings.com\/de\/ueber-uns\/ramona-koonings\/\">Ramona Koonings<\/a> sonst noch macht, au\u00dfer die Eigent\u00fcmerin zu sein. Sind Sie neugierig auf unser Team? Dann besuchen Sie unsere <a href=\"https:\/\/www.koonings.com\/de\/ueber-uns\/team-koonings\/\">Teamseite<\/a>, um die Gesichter hinter Koonings zu sehen.  <\/p>\n\n\n\r\n<div class=\"eye-block empty-space empty-space--small pt-md-3 pb-md-3 pt-2 pb-2\" ><\/div>\n\n\r\n<div class=\"eye-block onpagenav  \">\r\n    <div class=\"container-fluid p-sm-0\">\r\n        <nav id=\"onpage-nav\" class=\"navbar navbar-expand text-center\" aria-label=\"Inhoudsopgave\">\r\n            <div class=\" justify-content-center\" id=\"navbarSupportedContent\">\r\n                <ul class=\"nav navbar-nav\">\r\n                    <li class=\"nav-item single-hint d-none\" style=\"pointer-events: none;\">\r\n                        <a class=\"nav-link\" href=\"javascript:void()\">Inhaltsverzeichnis<\/a>\r\n                    <\/li>\r\n                                            <li class=\"nav-item\">\r\n                            <a class=\"nav-link\" href=\"#deurne-section\">Deurne<\/a>\r\n                        <\/li>\r\n                                            <li class=\"nav-item\">\r\n                            <a class=\"nav-link\" href=\"#valkenburg-section\">Valkenburg<\/a>\r\n                        <\/li>\r\n                                    <\/ul>\r\n            <\/div>\r\n            <div class=\"dropdown\">\r\n                <a class=\"dropdown-toggle btn btn-primary\" id=\"dropdownMenuButton\" data-bs-toggle=\"dropdown\" aria-haspopup=\"true\" aria-expanded=\"false\">\r\n                    <i class=\"fa-solid fa-chevron-down\"><\/i>\r\n                <\/a>\r\n                <div class=\"dropdown-menu dropdown-menu-right\" aria-labelledby=\"dropdownMenuButton\">\r\n                <\/div>\r\n            <\/div>\r\n        <\/nav>\r\n    <\/div>\r\n<\/div>\n\n\r\n<div class=\"eye-block empty-space empty-space--medium pt-md-4 pb-md-4 pt-3 pb-3\" ><\/div>\n\n\n<div class=\"ghostkit-grid ghostkit-grid-gap-md\"><div class=\"ghostkit-grid-inner\">\n<div class=\"ghostkit-col ghostkit-col-md-12 ghostkit-col-6\"><div class=\"ghostkit-col-content is-layout-flow wp-block-ghostkit-grid-column-is-layout-flow\">\r\n<div id=\"deurne-section\" class=\"eye-block menu-section\" title=\"deurne\" data-section-name=\"Deurne\"><\/div>\r\n\n\n\n<figure class=\"wp-block-image size-large\"><a href=\"https:\/\/www.koonings.com\/de\/deurne\/\"><img decoding=\"async\" width=\"1024\" height=\"575\" src=\"https:\/\/www.koonings.com\/wp-content\/uploads\/2024\/06\/palace-hero-screenshot-1024x575.png\" alt=\"Koonings The Wedding Palace Deurne\" class=\"wp-image-117\" style=\"aspect-ratio:16\/9;object-fit:cover\" srcset=\"https:\/\/www.koonings.com\/wp-content\/uploads\/2024\/06\/palace-hero-screenshot-1024x575.png 1024w, https:\/\/www.koonings.com\/wp-content\/uploads\/2024\/06\/palace-hero-screenshot-300x168.png 300w, https:\/\/www.koonings.com\/wp-content\/uploads\/2024\/06\/palace-hero-screenshot-768x431.png 768w, https:\/\/www.koonings.com\/wp-content\/uploads\/2024\/06\/palace-hero-screenshot-1536x862.png 1536w, https:\/\/www.koonings.com\/wp-content\/uploads\/2024\/06\/palace-hero-screenshot-2048x1149.png 2048w\" sizes=\"(max-width: 1024px) 100vw, 1024px\" \/><\/a><\/figure>\n\n\n\r\n<div class=\"eye-block empty-space empty-space--custom \" style=\"height: 1rem\"><\/div>\n\n\n<h2 class=\"wp-block-heading has-text-align-center\" id=\"the-wedding-palace-deurne\">The Wedding Palace, Deurne<\/h2>\n\n\n\n<p>Nach einer alles \u00fcbertreffenden Er\u00f6ffnung im Oktober 2018 darf sich Koonings The Wedding Palace mit Recht die gr\u00f6\u00dfte Brautmodenboutique der Welt nennen: ein One-Stop-for-All-Shopping-Erlebnis auf 11.000 m\u00b2. Bei Koonings The Wedding Palace finden Sie die exklusivsten Trends der Brautmode. Ein Gesamterlebnis, das mit einem Happen und einem Getr\u00e4nk im <a href=\"https:\/\/www.koonings.com\/de\/deurne\/restaurants\/inekes-restaurant\/\">Restaurant Inekes<\/a>, <a href=\"https:\/\/www.koonings.com\/de\/deurne\/restaurants\/roberts-trattoria\/\">Roberts Trattoria<\/a> und einem Einkauf im <a href=\"https:\/\/www.koonings.com\/de\/goodiestore\/\">The Goodiestore<\/a> oder einem Besuch in <a href=\"https:\/\/www.koonings.com\/de\/deurne\/beauty\/\">Koonings Beautysalon<\/a> abgerundet wird. <\/p>\n\n\n\r\n<div class=\"eye-element bsbutton text-center \" >\r\n\t        <a class=\"btn btn-primary\" href=\"https:\/\/www.koonings.com\/de\/deurne\/\"\r\n           target=\"\">Mehr \u00fcber The Wedding Palace<\/a>\r\n\t<\/div><\/div><\/div>\n\n\n\n<div class=\"ghostkit-col ghostkit-col-md-12 ghostkit-col-6\"><div class=\"ghostkit-col-content is-layout-flow wp-block-ghostkit-grid-column-is-layout-flow\">\r\n<div id=\"valkenburg-section\" class=\"eye-block menu-section\" title=\"valkenburg\" data-section-name=\"Valkenburg\"><\/div>\r\n\n\n\n<figure class=\"wp-block-image size-large\"><a href=\"https:\/\/www.koonings.com\/de\/valkenburg\/\"><img decoding=\"async\" width=\"1024\" height=\"575\" src=\"https:\/\/www.koonings.com\/wp-content\/uploads\/2024\/06\/KOO_Aad_Valkenburg-1024x575.jpeg\" alt=\"Koonings The Wedding Castle Valkenburg\" class=\"wp-image-850\" style=\"aspect-ratio:16\/9;object-fit:cover\" srcset=\"https:\/\/www.koonings.com\/wp-content\/uploads\/2024\/06\/KOO_Aad_Valkenburg-1024x575.jpeg 1024w, https:\/\/www.koonings.com\/wp-content\/uploads\/2024\/06\/KOO_Aad_Valkenburg-300x168.jpeg 300w, https:\/\/www.koonings.com\/wp-content\/uploads\/2024\/06\/KOO_Aad_Valkenburg-768x431.jpeg 768w, https:\/\/www.koonings.com\/wp-content\/uploads\/2024\/06\/KOO_Aad_Valkenburg-1536x862.jpeg 1536w, https:\/\/www.koonings.com\/wp-content\/uploads\/2024\/06\/KOO_Aad_Valkenburg.jpeg 1600w\" sizes=\"(max-width: 1024px) 100vw, 1024px\" \/><\/a><\/figure>\n\n\n\r\n<div class=\"eye-block empty-space empty-space--custom \" style=\"height: 1rem\"><\/div>\n\n\n<h2 class=\"wp-block-heading has-text-align-center\" id=\"the-wedding-palace-deurne\">The Wedding Castle, Valkenburg<\/h2>\n\n\n\n<p>Mit einem Brautmodengesch\u00e4ft, <a href=\"https:\/\/www.koonings.com\/de\/valkenburg\/restaurants\/\">mehreren Restaurants<\/a>, einem Hotel mit Hochzeitssuite und einem wundersch\u00f6nen Hochzeitsort mit Ballsaal schaffen wir ein Erlebnis f\u00fcr Br\u00e4ute, Br\u00e4utigame, Familie und Freunde. Mit einer Gesamtfl\u00e4che von 34.527 m2 bietet das Landgut Kasteel Oost unendlich viele M\u00f6glichkeiten f\u00fcr ein m\u00e4rchenhaftes Erlebnis. Ein Ort, an dem Menschen aus Valkenburg und weit dar\u00fcber hinaus, Touristen, Partyg\u00e4ste, Unternehmen, zuk\u00fcnftige Br\u00e4ute und Familien von dem M\u00e4rchen von Koonings The Wedding Castle verzaubert werden. Ein komplettes Erlebnis f\u00fcr Hochzeiten, Partys, Vergn\u00fcgen, Mittagessen, Abendessen und \u00dcbernachtung.    <\/p>\n\n\n\r\n<div class=\"eye-element bsbutton text-center \" >\r\n\t        <a class=\"btn btn-primary\" href=\"https:\/\/www.koonings.com\/de\/valkenburg\/\"\r\n           target=\"\">Mehr \u00fcber The Wedding Castle<\/a>\r\n\t<\/div><\/div><\/div>\n<\/div><\/div>\n\n<\/div>\r\n            <\/div>\r\n        <\/div>\r\n    <\/div>\r\n\r\n<\/div>\r\n\r\n    \r\n\r\n<div class=\"eye-element fullwidth-row alignfull style-both bg--none  alignfull \" style=\" \">\r\n\r\n    <div class=\"container\">\r\n        <div class=\"row\">\r\n            <div class=\"col-12\">\r\n                <div class=\"acf-innerblocks-container\"><\/div>\r\n            <\/div>\r\n        <\/div>\r\n    <\/div>\r\n\r\n<\/div>\r\n\r\n    ","protected":false},"excerpt":{"rendered":"","protected":false},"author":1,"featured_media":0,"parent":0,"menu_order":0,"comment_status":"closed","ping_status":"closed","template":"","meta":{"_acf_changed":false,"ghostkit_customizer_options":"","ghostkit_custom_css":"","ghostkit_custom_js_head":"","ghostkit_custom_js_foot":"","ghostkit_typography":"","footnotes":""},"class_list":["post-12253","page","type-page","status-publish","hentry"],"acf":[],"yoast_head":"<!-- This site is optimized with the Yoast SEO plugin v27.3 - https:\/\/yoast.com\/product\/yoast-seo-wordpress\/ -->\n<title>\u00dcber uns | Koonings<\/title>\n<meta name=\"robots\" content=\"index, follow, max-snippet:-1, max-image-preview:large, max-video-preview:-1\" \/>\n<link rel=\"canonical\" href=\"https:\/\/www.koonings.com\/de\/ueber-uns\/\" \/>\n<meta property=\"og:locale\" content=\"de_DE\" \/>\n<meta property=\"og:type\" content=\"article\" \/>\n<meta property=\"og:title\" content=\"\u00dcber uns | Koonings\" \/>\n<meta property=\"og:url\" content=\"https:\/\/www.koonings.com\/de\/ueber-uns\/\" \/>\n<meta property=\"og:site_name\" content=\"Koonings\" \/>\n<meta property=\"article:publisher\" content=\"https:\/\/www.facebook.com\/kooningstheweddingpalace\" \/>\n<meta property=\"article:modified_time\" content=\"2025-09-29T10:53:07+00:00\" \/>\n<meta property=\"og:image\" content=\"https:\/\/www.koonings.com\/wp-content\/uploads\/2024\/06\/palace-hero-screenshot-1024x575.png\" \/>\n\t<meta property=\"og:image:width\" content=\"1024\" \/>\n\t<meta property=\"og:image:height\" content=\"575\" \/>\n\t<meta property=\"og:image:type\" content=\"image\/png\" \/>\n<meta name=\"twitter:card\" content=\"summary_large_image\" \/>\n<meta name=\"twitter:label1\" content=\"Gesch\u00e4tzte Lesezeit\" \/>\n\t<meta name=\"twitter:data1\" content=\"1\u00a0Minute\" \/>\n<script type=\"application\/ld+json\" class=\"yoast-schema-graph\">{\"@context\":\"https:\\\/\\\/schema.org\",\"@graph\":[{\"@type\":\"WebPage\",\"@id\":\"https:\\\/\\\/www.koonings.com\\\/de\\\/ueber-uns\\\/\",\"url\":\"https:\\\/\\\/www.koonings.com\\\/de\\\/ueber-uns\\\/\",\"name\":\"\u00dcber uns | Koonings\",\"isPartOf\":{\"@id\":\"https:\\\/\\\/www.koonings.com\\\/de\\\/#website\"},\"primaryImageOfPage\":{\"@id\":\"https:\\\/\\\/www.koonings.com\\\/de\\\/ueber-uns\\\/#primaryimage\"},\"image\":{\"@id\":\"https:\\\/\\\/www.koonings.com\\\/de\\\/ueber-uns\\\/#primaryimage\"},\"thumbnailUrl\":\"https:\\\/\\\/www.koonings.com\\\/wp-content\\\/uploads\\\/2024\\\/06\\\/palace-hero-screenshot-1024x575.png\",\"datePublished\":\"2024-07-19T11:19:56+00:00\",\"dateModified\":\"2025-09-29T10:53:07+00:00\",\"breadcrumb\":{\"@id\":\"https:\\\/\\\/www.koonings.com\\\/de\\\/ueber-uns\\\/#breadcrumb\"},\"inLanguage\":\"de\",\"potentialAction\":[{\"@type\":\"ReadAction\",\"target\":[\"https:\\\/\\\/www.koonings.com\\\/de\\\/ueber-uns\\\/\"]}]},{\"@type\":\"ImageObject\",\"inLanguage\":\"de\",\"@id\":\"https:\\\/\\\/www.koonings.com\\\/de\\\/ueber-uns\\\/#primaryimage\",\"url\":\"https:\\\/\\\/www.koonings.com\\\/wp-content\\\/uploads\\\/2024\\\/06\\\/palace-hero-screenshot-1024x575.png\",\"contentUrl\":\"https:\\\/\\\/www.koonings.com\\\/wp-content\\\/uploads\\\/2024\\\/06\\\/palace-hero-screenshot-1024x575.png\"},{\"@type\":\"BreadcrumbList\",\"@id\":\"https:\\\/\\\/www.koonings.com\\\/de\\\/ueber-uns\\\/#breadcrumb\",\"itemListElement\":[{\"@type\":\"ListItem\",\"position\":1,\"name\":\"Home\",\"item\":\"https:\\\/\\\/www.koonings.com\\\/de\\\/\"},{\"@type\":\"ListItem\",\"position\":2,\"name\":\"\u00dcber uns\"}]},{\"@type\":\"WebSite\",\"@id\":\"https:\\\/\\\/www.koonings.com\\\/de\\\/#website\",\"url\":\"https:\\\/\\\/www.koonings.com\\\/de\\\/\",\"name\":\"Koonings\",\"description\":\"De grootste bruidsmodewinkel ter wereld\",\"publisher\":{\"@id\":\"https:\\\/\\\/www.koonings.com\\\/de\\\/#organization\"},\"potentialAction\":[{\"@type\":\"SearchAction\",\"target\":{\"@type\":\"EntryPoint\",\"urlTemplate\":\"https:\\\/\\\/www.koonings.com\\\/de\\\/?s={search_term_string}\"},\"query-input\":{\"@type\":\"PropertyValueSpecification\",\"valueRequired\":true,\"valueName\":\"search_term_string\"}}],\"inLanguage\":\"de\"},{\"@type\":\"Organization\",\"@id\":\"https:\\\/\\\/www.koonings.com\\\/de\\\/#organization\",\"name\":\"Koonings\",\"url\":\"https:\\\/\\\/www.koonings.com\\\/de\\\/\",\"logo\":{\"@type\":\"ImageObject\",\"inLanguage\":\"de\",\"@id\":\"https:\\\/\\\/www.koonings.com\\\/de\\\/#\\\/schema\\\/logo\\\/image\\\/\",\"url\":\"https:\\\/\\\/www.koonings.com\\\/wp-content\\\/uploads\\\/2024\\\/07\\\/logo.png\",\"contentUrl\":\"https:\\\/\\\/www.koonings.com\\\/wp-content\\\/uploads\\\/2024\\\/07\\\/logo.png\",\"width\":600,\"height\":428,\"caption\":\"Koonings\"},\"image\":{\"@id\":\"https:\\\/\\\/www.koonings.com\\\/de\\\/#\\\/schema\\\/logo\\\/image\\\/\"},\"sameAs\":[\"https:\\\/\\\/www.facebook.com\\\/kooningstheweddingpalace\",\"https:\\\/\\\/www.instagram.com\\\/kooningstheweddingpalace\",\"https:\\\/\\\/www.pinterest.com\\\/koonings\",\"https:\\\/\\\/www.youtube.com\\\/kooningstheweddingpalace\"]}]}<\/script>\n<!-- \/ Yoast SEO plugin. -->","yoast_head_json":{"title":"\u00dcber uns | Koonings","robots":{"index":"index","follow":"follow","max-snippet":"max-snippet:-1","max-image-preview":"max-image-preview:large","max-video-preview":"max-video-preview:-1"},"canonical":"https:\/\/www.koonings.com\/de\/ueber-uns\/","og_locale":"de_DE","og_type":"article","og_title":"\u00dcber uns | Koonings","og_url":"https:\/\/www.koonings.com\/de\/ueber-uns\/","og_site_name":"Koonings","article_publisher":"https:\/\/www.facebook.com\/kooningstheweddingpalace","article_modified_time":"2025-09-29T10:53:07+00:00","og_image":[{"width":1024,"height":575,"url":"https:\/\/www.koonings.com\/wp-content\/uploads\/2024\/06\/palace-hero-screenshot-1024x575.png","type":"image\/png"}],"twitter_card":"summary_large_image","twitter_misc":{"Gesch\u00e4tzte Lesezeit":"1\u00a0Minute"},"schema":{"@context":"https:\/\/schema.org","@graph":[{"@type":"WebPage","@id":"https:\/\/www.koonings.com\/de\/ueber-uns\/","url":"https:\/\/www.koonings.com\/de\/ueber-uns\/","name":"\u00dcber uns | Koonings","isPartOf":{"@id":"https:\/\/www.koonings.com\/de\/#website"},"primaryImageOfPage":{"@id":"https:\/\/www.koonings.com\/de\/ueber-uns\/#primaryimage"},"image":{"@id":"https:\/\/www.koonings.com\/de\/ueber-uns\/#primaryimage"},"thumbnailUrl":"https:\/\/www.koonings.com\/wp-content\/uploads\/2024\/06\/palace-hero-screenshot-1024x575.png","datePublished":"2024-07-19T11:19:56+00:00","dateModified":"2025-09-29T10:53:07+00:00","breadcrumb":{"@id":"https:\/\/www.koonings.com\/de\/ueber-uns\/#breadcrumb"},"inLanguage":"de","potentialAction":[{"@type":"ReadAction","target":["https:\/\/www.koonings.com\/de\/ueber-uns\/"]}]},{"@type":"ImageObject","inLanguage":"de","@id":"https:\/\/www.koonings.com\/de\/ueber-uns\/#primaryimage","url":"https:\/\/www.koonings.com\/wp-content\/uploads\/2024\/06\/palace-hero-screenshot-1024x575.png","contentUrl":"https:\/\/www.koonings.com\/wp-content\/uploads\/2024\/06\/palace-hero-screenshot-1024x575.png"},{"@type":"BreadcrumbList","@id":"https:\/\/www.koonings.com\/de\/ueber-uns\/#breadcrumb","itemListElement":[{"@type":"ListItem","position":1,"name":"Home","item":"https:\/\/www.koonings.com\/de\/"},{"@type":"ListItem","position":2,"name":"\u00dcber uns"}]},{"@type":"WebSite","@id":"https:\/\/www.koonings.com\/de\/#website","url":"https:\/\/www.koonings.com\/de\/","name":"Koonings","description":"De grootste bruidsmodewinkel ter wereld","publisher":{"@id":"https:\/\/www.koonings.com\/de\/#organization"},"potentialAction":[{"@type":"SearchAction","target":{"@type":"EntryPoint","urlTemplate":"https:\/\/www.koonings.com\/de\/?s={search_term_string}"},"query-input":{"@type":"PropertyValueSpecification","valueRequired":true,"valueName":"search_term_string"}}],"inLanguage":"de"},{"@type":"Organization","@id":"https:\/\/www.koonings.com\/de\/#organization","name":"Koonings","url":"https:\/\/www.koonings.com\/de\/","logo":{"@type":"ImageObject","inLanguage":"de","@id":"https:\/\/www.koonings.com\/de\/#\/schema\/logo\/image\/","url":"https:\/\/www.koonings.com\/wp-content\/uploads\/2024\/07\/logo.png","contentUrl":"https:\/\/www.koonings.com\/wp-content\/uploads\/2024\/07\/logo.png","width":600,"height":428,"caption":"Koonings"},"image":{"@id":"https:\/\/www.koonings.com\/de\/#\/schema\/logo\/image\/"},"sameAs":["https:\/\/www.facebook.com\/kooningstheweddingpalace","https:\/\/www.instagram.com\/kooningstheweddingpalace","https:\/\/www.pinterest.com\/koonings","https:\/\/www.youtube.com\/kooningstheweddingpalace"]}]}},"_links":{"self":[{"href":"https:\/\/www.koonings.com\/de\/wp-json\/wp\/v2\/pages\/12253","targetHints":{"allow":["GET"]}}],"collection":[{"href":"https:\/\/www.koonings.com\/de\/wp-json\/wp\/v2\/pages"}],"about":[{"href":"https:\/\/www.koonings.com\/de\/wp-json\/wp\/v2\/types\/page"}],"author":[{"embeddable":true,"href":"https:\/\/www.koonings.com\/de\/wp-json\/wp\/v2\/users\/1"}],"replies":[{"embeddable":true,"href":"https:\/\/www.koonings.com\/de\/wp-json\/wp\/v2\/comments?post=12253"}],"version-history":[{"count":8,"href":"https:\/\/www.koonings.com\/de\/wp-json\/wp\/v2\/pages\/12253\/revisions"}],"predecessor-version":[{"id":98790,"href":"https:\/\/www.koonings.com\/de\/wp-json\/wp\/v2\/pages\/12253\/revisions\/98790"}],"wp:attachment":[{"href":"https:\/\/www.koonings.com\/de\/wp-json\/wp\/v2\/media?parent=12253"}],"curies":[{"name":"wp","href":"https:\/\/api.w.org\/{rel}","templated":true}]}}