{"id":105320,"date":"2025-11-24T15:51:08","date_gmt":"2025-11-24T14:51:08","guid":{"rendered":"https:\/\/www.koonings.com\/?page_id=105320"},"modified":"2025-11-24T15:57:23","modified_gmt":"2025-11-24T14:57:23","slug":"strand-hochzeitskleid-2","status":"publish","type":"page","link":"https:\/\/www.koonings.com\/de\/inspiration\/strand-hochzeitskleid-2\/","title":{"rendered":"Zweiteiliges Hochzeitskleid"},"content":{"rendered":"\r\n\r\n<div class=\"eye-element fullwidth-row alignfull style-both bg--none  alignfull \" style=\" \">\r\n\r\n    <div class=\"container\">\r\n        <div class=\"row\">\r\n            <div class=\"col-12\">\r\n                <div class=\"acf-innerblocks-container\">\n\n<h1 class=\"wp-block-heading has-text-align-center\" id=\"vind-de-perfecte-strand-trouwjurk\">Zweiteilige Brautkleider: modern, stilvoll und ganz nach Ihrem Geschmack<\/h1>\n\n\n\n<p class=\"has-text-align-center\">Bei der Wahl Ihres Hochzeitskleides geht es nicht nur darum, ein Kleid zu finden, das toll aussieht, sondern vor allem darum, herauszufinden, in was Sie sich am wohlsten f\u00fchlen. Immer mehr Br\u00e4ute entscheiden sich daher f\u00fcr ein zweiteiliges Hochzeitskleid. Es ist modern, elegant und gibt Ihrem eigenen Stil Raum. Es ist eine frische, zeitgen\u00f6ssische Art zu heiraten und bei Koonings einer der Stile, in den sich Br\u00e4ute oft verlieben.  <\/p>\n\n\n\n<div class=\"ghostkit-grid ghostkit-grid-gap-md\"><div class=\"ghostkit-grid-inner\">\n<div class=\"ghostkit-col ghostkit-col-md-12 ghostkit-col-6\"><div class=\"ghostkit-col-content is-layout-flow wp-block-ghostkit-grid-column-is-layout-flow\">\r\n<div class=\"eye-element bsbutton text-end \" >\r\n\t        <a class=\"btn btn-gold\" href=\"https:\/\/www.koonings.com\/de\/termin-vereinbaren\/\"\r\n           target=\"\">Vereinbare jetzt deinen Termin<\/a>\r\n\t<\/div><\/div><\/div>\n\n\n\n<div class=\"ghostkit-col ghostkit-col-md-12 ghostkit-col-6\"><div class=\"ghostkit-col-content is-layout-flow wp-block-ghostkit-grid-column-is-layout-flow\">\r\n<div class=\"eye-element bsbutton text-start \" >\r\n\t        <a class=\"btn btn-outline-secondary\" href=\"https:\/\/www.koonings.com\/de\/braut\/hochzeitskleider\/\"\r\n           target=\"\">Sehen Sie sich die Sammlung an<\/a>\r\n\t<\/div><\/div><\/div>\n<\/div><\/div>\n\n<\/div>\r\n            <\/div>\r\n        <\/div>\r\n    <\/div>\r\n\r\n<\/div>\r\n\r\n    \r\n\r\n<div class=\"eye-element fullwidth-row alignfull style-both bg--none  alignfull \" style=\" \">\r\n\r\n    <div class=\"container\">\r\n        <div class=\"row\">\r\n            <div class=\"col-12\">\r\n                <div class=\"acf-innerblocks-container\">\n\n<div class=\"ghostkit-grid ghostkit-grid-gap-md ghostkit-grid-align-items-center\"><div class=\"ghostkit-grid-inner\">\n<div class=\"ghostkit-col ghostkit-col-md-12 ghostkit-col-6\"><div class=\"ghostkit-col-content is-layout-flow wp-block-ghostkit-grid-column-is-layout-flow\">\n<h2 class=\"wp-block-heading\">Zweiteilige Brautkleider nach Ihrem Geschmack<\/h2>\n\n\n\n<p>Ein zweiteiliges Hochzeitskleid kann aus einem kompletten Set bestehen, das von der Marke als Ganzes entworfen wurde, oder manchmal k\u00f6nnen Sie verschiedene Oberteile und R\u00f6cke selbst kombinieren. Beide Optionen geben Ihnen die Freiheit, genau den Look zu w\u00e4hlen, der zu Ihnen passt. <\/p>\n\n\n\n<p>Bei Koonings finden Sie zweiteilige Kleider von Marken, die f\u00fcr ihre raffinierten Passformen und ihre weiche, romantische Ausstrahlung bekannt sind. Die Boho-inspirierten Designs von Herv\u00e9 Paris, die eleganten und modernen Zweiteiler von Demetrios und die stilvollen Oberteile und Accessoires von Poirier verleihen diesem Stil jeweils ihren eigenen Charakter. <\/p>\n\n\n\n<p>Egal, ob Sie sich f\u00fcr ein Set von der Stange entscheiden oder eine Kombination, die Sie mit Ihrem Stylisten zusammenstellen, der Look bleibt einzigartig. Denken Sie an einen luftigen Rock mit subtilen Lagen, ein raffiniertes Oberteil mit weichen Details oder ein modernes Crop-Top, das Ihrem Look einen modernen Touch verleiht. Beim Anprobieren werden Sie herausfinden, was Sie zum Strahlen bringt und welcher zweiteilige Look Ihre Figur und Pers\u00f6nlichkeit am besten zur Geltung bringt.  <\/p>\n\n\n\r\n<div class=\"eye-element bsbutton text-start \" >\r\n\t        <a class=\"btn btn-primary\" href=\"https:\/\/www.koonings.com\/de\/braut\/hochzeitskleider\/\"\r\n           target=\"\">Die gesamte Kollektion ansehen<\/a>\r\n\t<\/div><\/div><\/div>\n\n\n\n<div class=\"ghostkit-col ghostkit-col-md-12 ghostkit-col-6\"><div class=\"ghostkit-col-content is-layout-flow wp-block-ghostkit-grid-column-is-layout-flow\">\n<figure class=\"wp-block-image size-large\"><img decoding=\"async\" width=\"768\" height=\"1024\" src=\"https:\/\/www.koonings.com\/wp-content\/uploads\/2025\/11\/Top-rokll-768x1024.jpg\" alt=\"\" class=\"wp-image-105334\" style=\"aspect-ratio:3\/4;object-fit:cover\" srcset=\"https:\/\/www.koonings.com\/wp-content\/uploads\/2025\/11\/Top-rokll-768x1024.jpg 768w, https:\/\/www.koonings.com\/wp-content\/uploads\/2025\/11\/Top-rokll-225x300.jpg 225w, https:\/\/www.koonings.com\/wp-content\/uploads\/2025\/11\/Top-rokll.jpg 800w\" sizes=\"(max-width: 768px) 100vw, 768px\" \/><\/figure>\n<\/div><\/div>\n<\/div><\/div>\n\n<\/div>\r\n            <\/div>\r\n        <\/div>\r\n    <\/div>\r\n\r\n<\/div>\r\n\r\n    \r\n\r\n<div class=\"eye-element fullwidth-row alignfull style-both bg--none  alignfull \" style=\" \">\r\n\r\n    <div class=\"container\">\r\n        <div class=\"row\">\r\n            <div class=\"col-12\">\r\n                <div class=\"acf-innerblocks-container\">\n\n<h2 class=\"wp-block-heading has-text-align-center\" id=\"kanten-details-in-je-trouwjurk\">Die Vorteile eines zweiteiligen Hochzeitskleides<\/h2>\n\n\n\n<p class=\"has-text-align-center\">Ein zweiteiliges Hochzeitskleid wirkt modern, feminin und \u00fcberraschend bequem. Es gibt Ihnen die Freiheit, ein komplettes Set zu w\u00e4hlen oder mit Kombinationen zu spielen, die perfekt zu Ihrem Stil passen. Da Oberteil und Rock getrennt sind, ist die Passform oft sofort bequem, selbst wenn Sie oben und unten unterschiedliche Gr\u00f6\u00dfen tragen.  <\/p>\n\n\n\n<p class=\"has-text-align-center\">Dar\u00fcber hinaus ist ein Zweiteiler in der Regel leichter und luftiger als ein traditionelles Kleid. Sie bewegen sich leichter, atmen freier und das Ganze f\u00fchlt sich glatt und bequem an. Ideal f\u00fcr Hochzeiten im Sommer, f\u00fcr Zeremonien am Strand oder f\u00fcr Br\u00e4ute, die gerne tanzen, ohne dass ihr Kleid zu schwer wird. Und das Tolle ist, dass Sie Ihren Look im Laufe des Tages ganz einfach \u00e4ndern k\u00f6nnen.   <\/p>\n\n<\/div>\r\n            <\/div>\r\n        <\/div>\r\n    <\/div>\r\n\r\n<\/div>\r\n\r\n    \r\n\r\n<div class=\"eye-element fullwidth-row alignfull style-both bg--none  alignfull \" style=\" \">\r\n\r\n    <div class=\"container\">\r\n        <div class=\"row\">\r\n            <div class=\"col-12\">\r\n                <div class=\"acf-innerblocks-container\">\n\n<div class=\"ghostkit-grid ghostkit-grid-gap-md\"><div class=\"ghostkit-grid-inner\">\n<div class=\"ghostkit-col ghostkit-col-md-12 ghostkit-col-6\"><div class=\"ghostkit-col-content is-layout-flow wp-block-ghostkit-grid-column-is-layout-flow\">\r\n<div class=\"eye-block empty-space empty-space--small pt-md-3 pb-md-3 pt-2 pb-2\" ><\/div>\n\n\n<h2 class=\"wp-block-heading\">Die verschiedenen Stile der zweiteiligen Brautkleider<\/h2>\n\n\n\n<p>Zweiteilige Brautkleider gibt es in fast jedem Stil, so dass Sie immer einen Look w\u00e4hlen k\u00f6nnen, der zu Ihnen passt. Boho-Br\u00e4ute entscheiden sich oft f\u00fcr ein Spitzenoberteil mit einem luftigen Rock, w\u00e4hrend romantische Br\u00e4ute sich in einer Kombination mit T\u00fcll und weichen Details wohlf\u00fchlen. M\u00f6gen Sie es modern? Dann sind minimalistische Oberteile mit einem engen Rock oder sogar einer eleganten Hose eine wunderbare Option. Und f\u00fcr diejenigen, die etwas Verspieltes wollen, ist ein Crop-Top-Look mit einem Rock mit hoher Taille eine stilvolle Wahl.    <\/p>\n\n\n\n<p>Selbst die zweiteiligen Sets, die als Komplettlooks entworfen wurden, reichen von vertr\u00e4umt und weich bis hin zu elegant und modern. Marken wie Herv\u00e9 Paris, Demetrios und Poirier verleihen diesem Stil jeweils ihren eigenen Charakter, so dass es immer einen Zweiteiler gibt, der dazu passt, wie Sie sich an Ihrem Hochzeitstag f\u00fchlen m\u00f6chten. <\/p>\n\n\n\r\n<div class=\"eye-block empty-space empty-space--small pt-md-3 pb-md-3 pt-2 pb-2\" ><\/div>\n\n\r\n<div class=\"eye-element bsbutton text-start \" >\r\n\t        <a class=\"btn btn-gold\" href=\"https:\/\/www.koonings.com\/de\/termin-vereinbaren\/\"\r\n           target=\"\">Vereinbare jetzt deinen Termin<\/a>\r\n\t<\/div><\/div><\/div>\n\n\n\n<div class=\"ghostkit-col ghostkit-col-md-12 ghostkit-col-6\"><div class=\"ghostkit-col-content is-layout-flow wp-block-ghostkit-grid-column-is-layout-flow\">\n<figure class=\"wp-block-image size-large\"><img decoding=\"async\" width=\"768\" height=\"1024\" src=\"https:\/\/www.koonings.com\/wp-content\/uploads\/2025\/11\/toprok-768x1024.jpg\" alt=\"\" class=\"wp-image-105341\" srcset=\"https:\/\/www.koonings.com\/wp-content\/uploads\/2025\/11\/toprok-768x1024.jpg 768w, https:\/\/www.koonings.com\/wp-content\/uploads\/2025\/11\/toprok-225x300.jpg 225w, https:\/\/www.koonings.com\/wp-content\/uploads\/2025\/11\/toprok.jpg 800w\" sizes=\"(max-width: 768px) 100vw, 768px\" \/><\/figure>\n<\/div><\/div>\n<\/div><\/div>\n\n<\/div>\r\n            <\/div>\r\n        <\/div>\r\n    <\/div>\r\n\r\n<\/div>\r\n\r\n    \r\n\r\n<div class=\"eye-element fullwidth-row alignfull style-both bg--none  alignfull \" style=\" \">\r\n\r\n    <div class=\"container\">\r\n        <div class=\"row\">\r\n            <div class=\"col-12\">\r\n                <div class=\"acf-innerblocks-container\">\n\n<h2 class=\"wp-block-heading has-text-align-center\" id=\"kanten-details-in-je-trouwjurk\">In K\u00fcrze: Zweiteilige Brautkleider<\/h2>\n\n\n\n<p class=\"has-text-align-center\">Sch\u00f6ner \u00dcberblick, hier ist, worauf Sie achten sollten:<\/p>\n\n\n\n<p class=\"has-text-align-center\">Ein zweiteiliges Hochzeitskleid gibt Ihnen viel Freiheit in Bezug auf Stil und Passform;<br\/>Sie k\u00f6nnen sich f\u00fcr ein komplettes Set oder eine Kombination entscheiden, die Sie zusammen mit Ihrem Stylisten zusammenstellen;<br\/>Leicht, bequem und ideal f\u00fcr Br\u00e4ute, die sich gerne frei bewegen;<br\/>Perfekt f\u00fcr verschiedene Stilrichtungen: von Boho und romantisch bis modern und minimalistisch;<br\/>Die richtigen Accessoires vervollst\u00e4ndigen Ihren Look;<br\/>Mit der richtigen Balance zwischen Oberteil, Rock und Details k\u00f6nnen Sie einen Look kreieren, der wirklich zu Ihnen passt.<\/p>\n\n\n\r\n<div class=\"eye-element bsbutton text-center \" >\r\n\t        <a class=\"btn btn-primary\" href=\"https:\/\/www.koonings.com\/de\/braut\/hochzeitskleider\/\"\r\n           target=\"\">Die gesamte Kollektion ansehen<\/a>\r\n\t<\/div>\n\n\r\n<div class=\"eye-block empty-space empty-space--small pt-md-3 pb-md-3 pt-2 pb-2\" ><\/div>\n<\/div>\r\n            <\/div>\r\n        <\/div>\r\n    <\/div>\r\n\r\n<\/div>\r\n\r\n    \r\n\r\n<div class=\"eye-element fullwidth-row alignfull style-both bg--none  alignfull \" style=\" \">\r\n\r\n    <div class=\"container\">\r\n        <div class=\"row\">\r\n            <div class=\"col-12\">\r\n                <div class=\"acf-innerblocks-container\">\n\n<div class=\"ghostkit-grid ghostkit-grid-gap-md\"><div class=\"ghostkit-grid-inner\">\n<div class=\"ghostkit-col ghostkit-col-md-12 ghostkit-col-6\"><div class=\"ghostkit-col-content is-layout-flow wp-block-ghostkit-grid-column-is-layout-flow\">\r\n<div class=\"eye-block empty-space empty-space--small pt-md-3 pb-md-3 pt-2 pb-2\" ><\/div>\n\n\n<h2 class=\"wp-block-heading\">Styling und Accessoires f\u00fcr ein zweiteiliges Hochzeitskleid<\/h2>\n\n\n\n<p>Beim Styling eines zweiteiligen Hochzeitskleides geht es vor allem um das Gleichgewicht und die Schaffung einer Einheit zwischen Oberteil, Rock und Accessoires. Wenn Sie ein Oberteil mit vielen Details oder raffinierter Spitze w\u00e4hlen, funktioniert ein ruhiger Rock oft am besten, der die Aufmerksamkeit elegant nach oben lenkt. Auf der anderen Seite l\u00e4sst sich ein minimalistisches Oberteil wunderbar mit einem Rock mit Volumen oder einem besonderen Stoff kombinieren. So entsteht automatisch eine harmonische Silhouette, die Ihre Figur perfekt zur Geltung bringt.   <\/p>\n\n\n\n<p>Auch die Proportionen spielen eine wichtige Rolle. Ein Rock mit hoher Taille verl\u00e4ngert optisch Ihre Silhouette und l\u00e4sst das Oberteil gut sitzen. Ein k\u00fcrzeres Oberteil in Kombination mit einem h\u00f6heren Rock kann sehr elegant und modern wirken, ohne zu kahl zu sein. Und wenn Sie sich f\u00fcr eine Hose entscheiden, sorgt ein weiches, feminines Oberteil f\u00fcr einen stilvollen Ausgleich.   <\/p>\n\n\n\n<p>Die Accessoires vervollst\u00e4ndigen dann Ihren zweiteiligen Look. Bei Ihrem ersten Termin geht es darum, das richtige Oberteil und den richtigen Rock zu finden. Bei Ihrem zweiten Termin werden Sie und Ihr Stylist sich die Details ansehen, die Ihren Look aufwerten werden. Denken Sie an einen Schleier, der wunderbar zu Ihrem Rock passt, an dezenten Schmuck, der die Linien Ihres Oberteils unterstreicht, oder an Schuhe, die Ihrer Silhouette das gewisse Extra an Eleganz verleihen.   <\/p>\n\n\n\n<p>Da Koonings \u00fcber einen eigenen Schmuckladen und eine Schuhabteilung verf\u00fcgt, k\u00f6nnen Sie alles direkt mit Ihrem Outfit anprobieren. So k\u00f6nnen Sie sofort sehen, welche Accessoires Ihren Zweiteiler-Look am besten erg\u00e4nzen und Schritt f\u00fcr Schritt einen kompletten Braut-Look kreieren, der perfekt zu Ihnen passt. <\/p>\n\n\n\r\n<div class=\"eye-block empty-space empty-space--small pt-md-3 pb-md-3 pt-2 pb-2\" ><\/div>\n\n\r\n<div class=\"eye-element bsbutton text-start \" >\r\n\t        <a class=\"btn btn-gold\" href=\"https:\/\/www.koonings.com\/de\/termin-vereinbaren\/\"\r\n           target=\"\">Vereinbare jetzt deinen Termin<\/a>\r\n\t<\/div><\/div><\/div>\n\n\n\n<div class=\"ghostkit-col ghostkit-col-md-12 ghostkit-col-6\"><div class=\"ghostkit-col-content is-layout-flow wp-block-ghostkit-grid-column-is-layout-flow\">\n<figure class=\"wp-block-image size-large\"><img decoding=\"async\" width=\"819\" height=\"1024\" src=\"https:\/\/www.koonings.com\/wp-content\/uploads\/2025\/11\/51937_5ffaefbcc77632cc216bb01ab62534b517f8fadaf8e6995d1fba8622d23467401e026aa9-819x1024.jpeg\" alt=\"\" class=\"wp-image-104623\" srcset=\"https:\/\/www.koonings.com\/wp-content\/uploads\/2025\/11\/51937_5ffaefbcc77632cc216bb01ab62534b517f8fadaf8e6995d1fba8622d23467401e026aa9-819x1024.jpeg 819w, https:\/\/www.koonings.com\/wp-content\/uploads\/2025\/11\/51937_5ffaefbcc77632cc216bb01ab62534b517f8fadaf8e6995d1fba8622d23467401e026aa9-240x300.jpeg 240w, https:\/\/www.koonings.com\/wp-content\/uploads\/2025\/11\/51937_5ffaefbcc77632cc216bb01ab62534b517f8fadaf8e6995d1fba8622d23467401e026aa9-768x960.jpeg 768w, https:\/\/www.koonings.com\/wp-content\/uploads\/2025\/11\/51937_5ffaefbcc77632cc216bb01ab62534b517f8fadaf8e6995d1fba8622d23467401e026aa9-1229x1536.jpeg 1229w, https:\/\/www.koonings.com\/wp-content\/uploads\/2025\/11\/51937_5ffaefbcc77632cc216bb01ab62534b517f8fadaf8e6995d1fba8622d23467401e026aa9-1638x2048.jpeg 1638w, https:\/\/www.koonings.com\/wp-content\/uploads\/2025\/11\/51937_5ffaefbcc77632cc216bb01ab62534b517f8fadaf8e6995d1fba8622d23467401e026aa9-scaled.jpeg 2048w\" sizes=\"(max-width: 819px) 100vw, 819px\" \/><\/figure>\n<\/div><\/div>\n<\/div><\/div>\n\n<\/div>\r\n            <\/div>\r\n        <\/div>\r\n    <\/div>\r\n\r\n<\/div>\r\n\r\n    ","protected":false},"excerpt":{"rendered":"","protected":false},"author":2,"featured_media":0,"parent":16091,"menu_order":0,"comment_status":"closed","ping_status":"closed","template":"","meta":{"_acf_changed":false,"ghostkit_customizer_options":"","ghostkit_custom_css":"","ghostkit_custom_js_head":"","ghostkit_custom_js_foot":"","ghostkit_typography":"","footnotes":""},"class_list":["post-105320","page","type-page","status-publish","hentry"],"acf":[],"yoast_head":"<!-- This site is optimized with the Yoast SEO plugin v27.3 - https:\/\/yoast.com\/product\/yoast-seo-wordpress\/ -->\n<title>Zweiteiliges Hochzeitskleid | Koonings<\/title>\n<meta name=\"description\" content=\"Ein zweiteiliges Hochzeitskleid ist modern, elegant und l\u00e4sst Ihren eigenen Stil zu. Es ist eine frische, zeitgem\u00e4\u00dfe Art zu heiraten.\" \/>\n<meta name=\"robots\" content=\"index, follow, max-snippet:-1, max-image-preview:large, max-video-preview:-1\" \/>\n<link rel=\"canonical\" href=\"https:\/\/www.koonings.com\/de\/inspiration\/strand-hochzeitskleid-2\/\" \/>\n<meta property=\"og:locale\" content=\"de_DE\" \/>\n<meta property=\"og:type\" content=\"article\" \/>\n<meta property=\"og:title\" content=\"Zweiteiliges Hochzeitskleid | Koonings\" \/>\n<meta property=\"og:description\" content=\"Ein zweiteiliges Hochzeitskleid ist modern, elegant und l\u00e4sst Ihren eigenen Stil zu. Es ist eine frische, zeitgem\u00e4\u00dfe Art zu heiraten.\" \/>\n<meta property=\"og:url\" content=\"https:\/\/www.koonings.com\/de\/inspiration\/strand-hochzeitskleid-2\/\" \/>\n<meta property=\"og:site_name\" content=\"Koonings\" \/>\n<meta property=\"article:publisher\" content=\"https:\/\/www.facebook.com\/kooningstheweddingpalace\" \/>\n<meta property=\"article:modified_time\" content=\"2025-11-24T14:57:23+00:00\" \/>\n<meta property=\"og:image\" content=\"https:\/\/www.koonings.com\/wp-content\/uploads\/2025\/11\/Top-rokll.jpg\" \/>\n\t<meta property=\"og:image:width\" content=\"800\" \/>\n\t<meta property=\"og:image:height\" content=\"1067\" \/>\n\t<meta property=\"og:image:type\" content=\"image\/jpeg\" \/>\n<meta name=\"twitter:card\" content=\"summary_large_image\" \/>\n<meta name=\"twitter:label1\" content=\"Gesch\u00e4tzte Lesezeit\" \/>\n\t<meta name=\"twitter:data1\" content=\"5\u00a0Minuten\" \/>\n<script type=\"application\/ld+json\" class=\"yoast-schema-graph\">{\"@context\":\"https:\\\/\\\/schema.org\",\"@graph\":[{\"@type\":\"WebPage\",\"@id\":\"https:\\\/\\\/www.koonings.com\\\/de\\\/inspiration\\\/strand-hochzeitskleid-2\\\/\",\"url\":\"https:\\\/\\\/www.koonings.com\\\/de\\\/inspiration\\\/strand-hochzeitskleid-2\\\/\",\"name\":\"Zweiteiliges Hochzeitskleid | Koonings\",\"isPartOf\":{\"@id\":\"https:\\\/\\\/www.koonings.com\\\/de\\\/#website\"},\"primaryImageOfPage\":{\"@id\":\"https:\\\/\\\/www.koonings.com\\\/de\\\/inspiration\\\/strand-hochzeitskleid-2\\\/#primaryimage\"},\"image\":{\"@id\":\"https:\\\/\\\/www.koonings.com\\\/de\\\/inspiration\\\/strand-hochzeitskleid-2\\\/#primaryimage\"},\"thumbnailUrl\":\"https:\\\/\\\/www.koonings.com\\\/wp-content\\\/uploads\\\/2025\\\/11\\\/Top-rokll-768x1024.jpg\",\"datePublished\":\"2025-11-24T14:51:08+00:00\",\"dateModified\":\"2025-11-24T14:57:23+00:00\",\"description\":\"Ein zweiteiliges Hochzeitskleid ist modern, elegant und l\u00e4sst Ihren eigenen Stil zu. Es ist eine frische, zeitgem\u00e4\u00dfe Art zu heiraten.\",\"breadcrumb\":{\"@id\":\"https:\\\/\\\/www.koonings.com\\\/de\\\/inspiration\\\/strand-hochzeitskleid-2\\\/#breadcrumb\"},\"inLanguage\":\"de\",\"potentialAction\":[{\"@type\":\"ReadAction\",\"target\":[\"https:\\\/\\\/www.koonings.com\\\/de\\\/inspiration\\\/strand-hochzeitskleid-2\\\/\"]}]},{\"@type\":\"ImageObject\",\"inLanguage\":\"de\",\"@id\":\"https:\\\/\\\/www.koonings.com\\\/de\\\/inspiration\\\/strand-hochzeitskleid-2\\\/#primaryimage\",\"url\":\"https:\\\/\\\/www.koonings.com\\\/wp-content\\\/uploads\\\/2025\\\/11\\\/Top-rokll-768x1024.jpg\",\"contentUrl\":\"https:\\\/\\\/www.koonings.com\\\/wp-content\\\/uploads\\\/2025\\\/11\\\/Top-rokll-768x1024.jpg\"},{\"@type\":\"BreadcrumbList\",\"@id\":\"https:\\\/\\\/www.koonings.com\\\/de\\\/inspiration\\\/strand-hochzeitskleid-2\\\/#breadcrumb\",\"itemListElement\":[{\"@type\":\"ListItem\",\"position\":1,\"name\":\"Home\",\"item\":\"https:\\\/\\\/www.koonings.com\\\/de\\\/\"},{\"@type\":\"ListItem\",\"position\":2,\"name\":\"Inspiration\",\"item\":\"https:\\\/\\\/www.koonings.com\\\/de\\\/inspiration\\\/\"},{\"@type\":\"ListItem\",\"position\":3,\"name\":\"Zweiteiliges Hochzeitskleid\"}]},{\"@type\":\"WebSite\",\"@id\":\"https:\\\/\\\/www.koonings.com\\\/de\\\/#website\",\"url\":\"https:\\\/\\\/www.koonings.com\\\/de\\\/\",\"name\":\"Koonings\",\"description\":\"De grootste bruidsmodewinkel ter wereld\",\"publisher\":{\"@id\":\"https:\\\/\\\/www.koonings.com\\\/de\\\/#organization\"},\"potentialAction\":[{\"@type\":\"SearchAction\",\"target\":{\"@type\":\"EntryPoint\",\"urlTemplate\":\"https:\\\/\\\/www.koonings.com\\\/de\\\/?s={search_term_string}\"},\"query-input\":{\"@type\":\"PropertyValueSpecification\",\"valueRequired\":true,\"valueName\":\"search_term_string\"}}],\"inLanguage\":\"de\"},{\"@type\":\"Organization\",\"@id\":\"https:\\\/\\\/www.koonings.com\\\/de\\\/#organization\",\"name\":\"Koonings\",\"url\":\"https:\\\/\\\/www.koonings.com\\\/de\\\/\",\"logo\":{\"@type\":\"ImageObject\",\"inLanguage\":\"de\",\"@id\":\"https:\\\/\\\/www.koonings.com\\\/de\\\/#\\\/schema\\\/logo\\\/image\\\/\",\"url\":\"https:\\\/\\\/www.koonings.com\\\/wp-content\\\/uploads\\\/2024\\\/07\\\/logo.png\",\"contentUrl\":\"https:\\\/\\\/www.koonings.com\\\/wp-content\\\/uploads\\\/2024\\\/07\\\/logo.png\",\"width\":600,\"height\":428,\"caption\":\"Koonings\"},\"image\":{\"@id\":\"https:\\\/\\\/www.koonings.com\\\/de\\\/#\\\/schema\\\/logo\\\/image\\\/\"},\"sameAs\":[\"https:\\\/\\\/www.facebook.com\\\/kooningstheweddingpalace\",\"https:\\\/\\\/www.instagram.com\\\/kooningstheweddingpalace\",\"https:\\\/\\\/www.pinterest.com\\\/koonings\",\"https:\\\/\\\/www.youtube.com\\\/kooningstheweddingpalace\"]}]}<\/script>\n<!-- \/ Yoast SEO plugin. -->","yoast_head_json":{"title":"Zweiteiliges Hochzeitskleid | Koonings","description":"Ein zweiteiliges Hochzeitskleid ist modern, elegant und l\u00e4sst Ihren eigenen Stil zu. Es ist eine frische, zeitgem\u00e4\u00dfe Art zu heiraten.","robots":{"index":"index","follow":"follow","max-snippet":"max-snippet:-1","max-image-preview":"max-image-preview:large","max-video-preview":"max-video-preview:-1"},"canonical":"https:\/\/www.koonings.com\/de\/inspiration\/strand-hochzeitskleid-2\/","og_locale":"de_DE","og_type":"article","og_title":"Zweiteiliges Hochzeitskleid | Koonings","og_description":"Ein zweiteiliges Hochzeitskleid ist modern, elegant und l\u00e4sst Ihren eigenen Stil zu. Es ist eine frische, zeitgem\u00e4\u00dfe Art zu heiraten.","og_url":"https:\/\/www.koonings.com\/de\/inspiration\/strand-hochzeitskleid-2\/","og_site_name":"Koonings","article_publisher":"https:\/\/www.facebook.com\/kooningstheweddingpalace","article_modified_time":"2025-11-24T14:57:23+00:00","og_image":[{"width":800,"height":1067,"url":"https:\/\/www.koonings.com\/wp-content\/uploads\/2025\/11\/Top-rokll.jpg","type":"image\/jpeg"}],"twitter_card":"summary_large_image","twitter_misc":{"Gesch\u00e4tzte Lesezeit":"5\u00a0Minuten"},"schema":{"@context":"https:\/\/schema.org","@graph":[{"@type":"WebPage","@id":"https:\/\/www.koonings.com\/de\/inspiration\/strand-hochzeitskleid-2\/","url":"https:\/\/www.koonings.com\/de\/inspiration\/strand-hochzeitskleid-2\/","name":"Zweiteiliges Hochzeitskleid | Koonings","isPartOf":{"@id":"https:\/\/www.koonings.com\/de\/#website"},"primaryImageOfPage":{"@id":"https:\/\/www.koonings.com\/de\/inspiration\/strand-hochzeitskleid-2\/#primaryimage"},"image":{"@id":"https:\/\/www.koonings.com\/de\/inspiration\/strand-hochzeitskleid-2\/#primaryimage"},"thumbnailUrl":"https:\/\/www.koonings.com\/wp-content\/uploads\/2025\/11\/Top-rokll-768x1024.jpg","datePublished":"2025-11-24T14:51:08+00:00","dateModified":"2025-11-24T14:57:23+00:00","description":"Ein zweiteiliges Hochzeitskleid ist modern, elegant und l\u00e4sst Ihren eigenen Stil zu. Es ist eine frische, zeitgem\u00e4\u00dfe Art zu heiraten.","breadcrumb":{"@id":"https:\/\/www.koonings.com\/de\/inspiration\/strand-hochzeitskleid-2\/#breadcrumb"},"inLanguage":"de","potentialAction":[{"@type":"ReadAction","target":["https:\/\/www.koonings.com\/de\/inspiration\/strand-hochzeitskleid-2\/"]}]},{"@type":"ImageObject","inLanguage":"de","@id":"https:\/\/www.koonings.com\/de\/inspiration\/strand-hochzeitskleid-2\/#primaryimage","url":"https:\/\/www.koonings.com\/wp-content\/uploads\/2025\/11\/Top-rokll-768x1024.jpg","contentUrl":"https:\/\/www.koonings.com\/wp-content\/uploads\/2025\/11\/Top-rokll-768x1024.jpg"},{"@type":"BreadcrumbList","@id":"https:\/\/www.koonings.com\/de\/inspiration\/strand-hochzeitskleid-2\/#breadcrumb","itemListElement":[{"@type":"ListItem","position":1,"name":"Home","item":"https:\/\/www.koonings.com\/de\/"},{"@type":"ListItem","position":2,"name":"Inspiration","item":"https:\/\/www.koonings.com\/de\/inspiration\/"},{"@type":"ListItem","position":3,"name":"Zweiteiliges Hochzeitskleid"}]},{"@type":"WebSite","@id":"https:\/\/www.koonings.com\/de\/#website","url":"https:\/\/www.koonings.com\/de\/","name":"Koonings","description":"De grootste bruidsmodewinkel ter wereld","publisher":{"@id":"https:\/\/www.koonings.com\/de\/#organization"},"potentialAction":[{"@type":"SearchAction","target":{"@type":"EntryPoint","urlTemplate":"https:\/\/www.koonings.com\/de\/?s={search_term_string}"},"query-input":{"@type":"PropertyValueSpecification","valueRequired":true,"valueName":"search_term_string"}}],"inLanguage":"de"},{"@type":"Organization","@id":"https:\/\/www.koonings.com\/de\/#organization","name":"Koonings","url":"https:\/\/www.koonings.com\/de\/","logo":{"@type":"ImageObject","inLanguage":"de","@id":"https:\/\/www.koonings.com\/de\/#\/schema\/logo\/image\/","url":"https:\/\/www.koonings.com\/wp-content\/uploads\/2024\/07\/logo.png","contentUrl":"https:\/\/www.koonings.com\/wp-content\/uploads\/2024\/07\/logo.png","width":600,"height":428,"caption":"Koonings"},"image":{"@id":"https:\/\/www.koonings.com\/de\/#\/schema\/logo\/image\/"},"sameAs":["https:\/\/www.facebook.com\/kooningstheweddingpalace","https:\/\/www.instagram.com\/kooningstheweddingpalace","https:\/\/www.pinterest.com\/koonings","https:\/\/www.youtube.com\/kooningstheweddingpalace"]}]}},"_links":{"self":[{"href":"https:\/\/www.koonings.com\/de\/wp-json\/wp\/v2\/pages\/105320","targetHints":{"allow":["GET"]}}],"collection":[{"href":"https:\/\/www.koonings.com\/de\/wp-json\/wp\/v2\/pages"}],"about":[{"href":"https:\/\/www.koonings.com\/de\/wp-json\/wp\/v2\/types\/page"}],"author":[{"embeddable":true,"href":"https:\/\/www.koonings.com\/de\/wp-json\/wp\/v2\/users\/2"}],"replies":[{"embeddable":true,"href":"https:\/\/www.koonings.com\/de\/wp-json\/wp\/v2\/comments?post=105320"}],"version-history":[{"count":5,"href":"https:\/\/www.koonings.com\/de\/wp-json\/wp\/v2\/pages\/105320\/revisions"}],"predecessor-version":[{"id":105354,"href":"https:\/\/www.koonings.com\/de\/wp-json\/wp\/v2\/pages\/105320\/revisions\/105354"}],"up":[{"embeddable":true,"href":"https:\/\/www.koonings.com\/de\/wp-json\/wp\/v2\/pages\/16091"}],"wp:attachment":[{"href":"https:\/\/www.koonings.com\/de\/wp-json\/wp\/v2\/media?parent=105320"}],"curies":[{"name":"wp","href":"https:\/\/api.w.org\/{rel}","templated":true}]}}